{"id":1494,"date":"2020-10-14T21:16:43","date_gmt":"2020-10-14T21:16:43","guid":{"rendered":"http:\/\/restosdix30.com\/laurochs\/?page_id=1494"},"modified":"2020-12-02T20:09:47","modified_gmt":"2020-12-02T20:09:47","slug":"carte-cadeau","status":"publish","type":"page","link":"https:\/\/restosdix30.com\/laurochs\/carte-cadeau\/","title":{"rendered":"Carte cadeau"},"content":{"rendered":"<div class=\"wpb-content-wrapper\"><p>[vc_row css=\u00a0\u00bb.vc_custom_1603735635843{margin-top: 140px !important;margin-bottom: 80px !important;background-position: 0 0 !important;background-repeat: no-repeat !important;}\u00a0\u00bb el_class=\u00a0\u00bbcustom-frame vc_hidden-sm vc_hidden-xs\u00a0\u00bb][vc_column width=\u00a0\u00bb1\/2&Prime; css=\u00a0\u00bb.vc_custom_1603382309566{margin-top: 0px !important;margin-bottom: 0px !important;padding-top: 0px !important;padding-bottom: 0px !important;}\u00a0\u00bb offset=\u00a0\u00bbvc_hidden-sm vc_hidden-xs\u00a0\u00bb]<div class=\"centered-box gem-image-centered-box\" ><div class=\"gem-image gem-wrapbox gem-wrapbox-style-default gem-wrapbox-position-centered  thegem-custom-69e2b945ae1dd9610\"  style=\"\" ><div class=\"gem-wrapbox-inner \" ><img class=\"gem-wrapbox-element img-responsive\" src=\"https:\/\/restosdix30.com\/laurochs\/wp-content\/uploads\/sites\/2\/2020\/10\/image-carte-cadeau.jpg\" alt=\"\"\/><\/div><style type=\"text\/css\">.thegem-custom-69e2b945ae1dd9610.gem-image a:hover img {filter: brightness( 100% ) contrast( 100% ) saturate( 100% ) blur( 0px ) hue-rotate( 0deg );}<\/style><\/div><\/div><div class=\"clearboth\"><\/div><style>#thegem-divider-69e2b945ae34f {margin-top: 60px !important;}<\/style><div id=\"thegem-divider-69e2b945ae34f\" class=\"gem-divider  \" style=\"\" ><\/div>[vc_column_text css_animation=\u00a0\u00bbbottom-to-top\u00a0\u00bb]<\/p>\n<div class=\"title-h5\" style=\"text-align: center;\"><span class=\"light\">V\u00e9rifier<\/span><\/div>\n<p>[\/vc_column_text]<div class=\"clearboth\"><\/div><style>#thegem-divider-69e2b945ae362 {margin-top: 15px !important;}<\/style><div id=\"thegem-divider-69e2b945ae362\" class=\"gem-divider  \" style=\"\" ><\/div>[vc_column_text css_animation=\u00a0\u00bbbottom-to-top\u00a0\u00bb]<\/p>\n<div class=\"title-h2\" style=\"text-align: center; margin-bottom: 27px;\">le solde de votre carte<\/div>\n<p>[\/vc_column_text]<div class=\"centered-box gem-image-centered-box\" ><div class=\"gem-image gem-wrapbox gem-wrapbox-style-default gem-wrapbox-position-centered lazy-loading  thegem-custom-69e2b945ae3733086\"  style=\"\" ><div class=\"gem-wrapbox-inner  lazy-loading-item\"  data-ll-effect=\"move-up\"><img class=\"gem-wrapbox-element img-responsive\" src=\"https:\/\/restosdix30.com\/laurochs\/wp-content\/uploads\/sites\/2\/2020\/10\/etoiles.png\" alt=\"\"\/><\/div><style type=\"text\/css\">.thegem-custom-69e2b945ae3733086.gem-image a:hover img {filter: brightness( 100% ) contrast( 100% ) saturate( 100% ) blur( 0px ) hue-rotate( 0deg );}<\/style><\/div><\/div><div class=\"clearboth\"><\/div><style>#thegem-divider-69e2b945ae421 {margin-top: 50px !important;}<\/style><div id=\"thegem-divider-69e2b945ae421\" class=\"gem-divider  \" style=\"\" ><\/div>[vc_column_text css_animation=\u00a0\u00bbbottom-to-top\u00a0\u00bb]<\/p>\n<div class=\"styled-subtitle\" style=\"text-align: center;\"><span style=\"color: #000000;\">Vous avez une carte cadeau ou une carte de fid\u00e9lit\u00e9?<\/span><\/div>\n<div class=\"styled-subtitle\" style=\"text-align: center;\"><span style=\"color: #000000;\">Consultez le solde de votre carte ci-dessous, pour cela vous avez besoin du num\u00e9ro de votre carte.<\/span><\/div>\n<p style=\"text-align: center; max-width: 530px; margin: 0 auto;\"><span style=\"color: #000000;\">\u00a0<\/span><\/p>\n<p>[\/vc_column_text]<style type=\"text\/css\">.thegem-button-69e2b945ae4822579 .gem-button svg {fill: #ffffff;}.thegem-button-69e2b945ae4822579 .gem-button:hover svg {fill: #ffffff;}<\/style><div class=\"gem-button-container gem-button-position-center thegem-button-69e2b945ae4822579    \"  ><a class=\"gem-button gem-button-size-medium gem-button-style-flat gem-button-text-weight-normal\" data-ll-effect=\"drop-right-without-wrap\" style=\"border-radius: 3px;background-color: #9c3328;color: #ffffff;\" onmouseleave=\"this.style.backgroundColor='#9c3328';this.style.color='#ffffff';\" onmouseenter=\"this.style.backgroundColor='#47292b';this.style.color='#ffffff';\" href=\"https:\/\/restosdix30.verifiervotresolde.com\/fr\/login\" target=\"_blank\">Voir le solde<\/a><\/div> [\/vc_column][vc_column width=\u00a0\u00bb1\/2&Prime; css=\u00a0\u00bb.vc_custom_1603382314369{margin-top: 0px !important;margin-bottom: 0px !important;padding-top: 0px !important;padding-bottom: 0px !important;}\u00a0\u00bb offset=\u00a0\u00bbvc_hidden-sm vc_hidden-xs\u00a0\u00bb]<div class=\"clearboth\"><\/div><style>#thegem-divider-69e2b945ae4a0 {margin-top: 60px !important;}<\/style><div id=\"thegem-divider-69e2b945ae4a0\" class=\"gem-divider  \" style=\"\" ><\/div>[vc_column_text css_animation=\u00a0\u00bbnone\u00a0\u00bb]<\/p>\n<div class=\"title-h5\" style=\"text-align: center;\">offrez la gourmandise en cadeau<\/div>\n<p>[\/vc_column_text]<div class=\"clearboth\"><\/div><style>#thegem-divider-69e2b945ae4ac {margin-top: 15px !important;}<\/style><div id=\"thegem-divider-69e2b945ae4ac\" class=\"gem-divider  \" style=\"\" ><\/div>[vc_column_text css_animation=\u00a0\u00bbnone\u00a0\u00bb]<\/p>\n<div class=\"title-h2\" style=\"text-align: center; margin-bottom: 27px;\">achetez une carte cadeau!<\/div>\n<p>[\/vc_column_text]<div class=\"centered-box gem-image-centered-box\" ><div class=\"gem-image gem-wrapbox gem-wrapbox-style-default gem-wrapbox-position-centered lazy-loading  thegem-custom-69e2b945ae4ba570\"  style=\"\" ><div class=\"gem-wrapbox-inner  lazy-loading-item\"  data-ll-effect=\"move-up\"><img class=\"gem-wrapbox-element img-responsive\" src=\"https:\/\/restosdix30.com\/laurochs\/wp-content\/uploads\/sites\/2\/2020\/10\/etoiles.png\" alt=\"\"\/><\/div><style type=\"text\/css\">.thegem-custom-69e2b945ae4ba570.gem-image a:hover img {filter: brightness( 100% ) contrast( 100% ) saturate( 100% ) blur( 0px ) hue-rotate( 0deg );}<\/style><\/div><\/div><div class=\"clearboth\"><\/div><style>#thegem-divider-69e2b945ae4df {margin-top: 50px !important;}<\/style><div id=\"thegem-divider-69e2b945ae4df\" class=\"gem-divider  \" style=\"\" ><\/div>[vc_column_text css_animation=\u00a0\u00bbbottom-to-top\u00a0\u00bb]<\/p>\n<p style=\"text-align: center; max-width: 530px; margin: 0 auto;\">En offrant une carte cadeau de Restos Dix30, vous \u00eates assur\u00e9 de faire plaisir \u00e0 un \u00eatre cher en offrant le choix de quatre restaurants aux concepts uniques : L&rsquo;Aurochs, La Tomate Blanche, Le Vestibule et Le Caf\u00e9 du Th\u00e9\u00e2tre. <span style=\"color: #000000;\">Les cartes cadeaux ne sont pas admissibles \u00e0 notre Service Traiteur Corporatif ni au comptoir Pr\u00eat-\u00e0-Manger. Elles sont disponibles au montant souhait\u00e9 et sont offertes dans un magnifique porte-carte qu&rsquo;il est possible de personnalis\u00e9.<\/span><\/p>\n<p>[\/vc_column_text]<div class=\"clearboth\"><\/div><style>#thegem-divider-69e2b945ae4e8 {margin-top: 85px !important;}<\/style><div id=\"thegem-divider-69e2b945ae4e8\" class=\"gem-divider  \" style=\"\" ><\/div><style type=\"text\/css\">.thegem-button-69e2b945ae5156401 .gem-button svg {fill: #ffffff;}.thegem-button-69e2b945ae5156401 .gem-button:hover svg {fill: #ffffff;}<\/style><div class=\"gem-button-container gem-button-position-center thegem-button-69e2b945ae5156401    \"  ><a class=\"gem-button gem-button-size-medium gem-button-style-flat gem-button-text-weight-normal\" data-ll-effect=\"drop-right-without-wrap\" style=\"border-radius: 3px;background-color: #9c3328;color: #ffffff;\" onmouseleave=\"this.style.backgroundColor='#9c3328';this.style.color='#ffffff';\" onmouseenter=\"this.style.backgroundColor='#47292b';this.style.color='#ffffff';\" href=\"https:\/\/restosdix30.com\/commande-carte-cadeau\/\" target=\"_blank\">Acheter une carte<\/a><\/div> <div class=\"clearboth\"><\/div><style>#thegem-divider-69e2b945ae527 {margin-top: 85px !important;}<\/style><div id=\"thegem-divider-69e2b945ae527\" class=\"gem-divider  \" style=\"\" ><\/div><div class=\"centered-box gem-image-centered-box\" ><div class=\"gem-image gem-wrapbox gem-wrapbox-style-default gem-wrapbox-position-centered  thegem-custom-69e2b945ae5321066\"  style=\"\" ><div class=\"gem-wrapbox-inner \" ><img class=\"gem-wrapbox-element img-responsive\" src=\"https:\/\/restosdix30.com\/laurochs\/wp-content\/uploads\/sites\/2\/2020\/10\/Banniere-Carte_FID_1320x1453-1.jpg\" alt=\"\"\/><\/div><style type=\"text\/css\">.thegem-custom-69e2b945ae5321066.gem-image a:hover img {filter: brightness( 100% ) contrast( 100% ) saturate( 100% ) blur( 0px ) hue-rotate( 0deg );}<\/style><\/div><\/div>[\/vc_column][\/vc_row][vc_row][vc_column css=\u00a0\u00bb.vc_custom_1603823262220{margin-top: 70px !important;}\u00a0\u00bb offset=\u00a0\u00bbvc_hidden-lg vc_hidden-md\u00a0\u00bb][vc_column_text css_animation=\u00a0\u00bbnone\u00a0\u00bb]<\/p>\n<div class=\"title-h5\" style=\"text-align: center;\">offrez la gourmandise en cadeau<\/div>\n<p>[\/vc_column_text]<div class=\"clearboth\"><\/div><style>#thegem-divider-69e2b945ae7c8 {margin-top: 15px !important;}<\/style><div id=\"thegem-divider-69e2b945ae7c8\" class=\"gem-divider  \" style=\"\" ><\/div>[vc_column_text css_animation=\u00a0\u00bbnone\u00a0\u00bb]<\/p>\n<div class=\"title-h2\" style=\"text-align: center; margin-bottom: 27px;\">achetez une carte cadeau!<\/div>\n<p>[\/vc_column_text]<div class=\"centered-box gem-image-centered-box\" ><div class=\"gem-image gem-wrapbox gem-wrapbox-style-default gem-wrapbox-position-centered lazy-loading  thegem-custom-69e2b945ae7d87448\"  style=\"\" ><div class=\"gem-wrapbox-inner  lazy-loading-item\"  data-ll-effect=\"move-up\"><img class=\"gem-wrapbox-element img-responsive\" src=\"https:\/\/restosdix30.com\/laurochs\/wp-content\/uploads\/sites\/2\/2020\/10\/etoiles.png\" alt=\"\"\/><\/div><style type=\"text\/css\">.thegem-custom-69e2b945ae7d87448.gem-image a:hover img {filter: brightness( 100% ) contrast( 100% ) saturate( 100% ) blur( 0px ) hue-rotate( 0deg );}<\/style><\/div><\/div>[vc_column_text css_animation=\u00a0\u00bbbottom-to-top\u00a0\u00bb]<\/p>\n<p style=\"text-align: center; max-width: 530px; margin: 0 auto;\">En offrant une carte cadeau de Restos Dix30, vous \u00eates assur\u00e9 de faire plaisir \u00e0 un \u00eatre cher en offrant le choix de quatre restaurants aux concepts uniques : L&rsquo;Aurochs, La Tomate Blanche, Le Vestibule et Le Caf\u00e9 du Th\u00e9\u00e2tre. <span style=\"color: #000000;\">Les cartes cadeaux ne sont pas admissibles \u00e0 notre Service Traiteur Corporatif ni au comptoir Pr\u00eat-\u00e0-Manger. Elles sont disponibles au montant souhait\u00e9 et sont offertes dans un magnifique porte-carte qu&rsquo;il est possible de personnalis\u00e9.<\/span><\/p>\n<p>[\/vc_column_text]<div class=\"clearboth\"><\/div><style>#thegem-divider-69e2b945ae7fe {margin-top: 50px !important;}<\/style><div id=\"thegem-divider-69e2b945ae7fe\" class=\"gem-divider  \" style=\"\" ><\/div>[\/vc_column][\/vc_row][vc_row parallax=\u00a0\u00bbcontent-moving\u00a0\u00bb parallax_image=\u00a0\u00bb1360&Prime;][vc_column css=\u00a0\u00bb.vc_custom_1603382729256{border-top-width: 45px !important;padding-bottom: 45px !important;}\u00a0\u00bb offset=\u00a0\u00bbvc_hidden-lg vc_hidden-md\u00a0\u00bb][vc_row_inner][vc_column_inner][vc_tta_accordion active_section=\u00a0\u00bb\u00a0\u00bb collapsible_all=\u00a0\u00bbtrue\u00a0\u00bb css=\u00a0\u00bb.vc_custom_1603382900770{padding-right: 15px !important;padding-left: 15px !important;}\u00a0\u00bb][vc_tta_section title=\u00a0\u00bbCommander une carte cadeau\u00a0\u00bb tab_id=\u00a0\u00bb1603382675437-b5537530-e7e2&Prime;][vc_column_text]<\/p>\n<p style=\"text-align: center;\">Achetez une carte cadeau d\u00e8s maintenant!<\/p>\n<p>[\/vc_column_text]<style type=\"text\/css\">.thegem-button-69e2b945ae8301872 .gem-button svg {fill: #ffffff;}.thegem-button-69e2b945ae8301872 .gem-button:hover svg {fill: #ffffff;}<\/style><div class=\"gem-button-container gem-button-position-center thegem-button-69e2b945ae8301872    \"  ><a class=\"gem-button gem-button-size-medium gem-button-style-flat gem-button-text-weight-normal\" data-ll-effect=\"drop-right-without-wrap\" style=\"border-radius: 3px;background-color: #9c3328;color: #ffffff;\" onmouseleave=\"this.style.backgroundColor='#9c3328';this.style.color='#ffffff';\" onmouseenter=\"this.style.backgroundColor='#47292b';this.style.color='#ffffff';\" href=\"https:\/\/restosdix30.com\/commande-carte-cadeau\/\" target=\"_blank\">Acheter une carte<\/a><\/div> [\/vc_tta_section][vc_tta_section title=\u00a0\u00bbVoir mon solde\u00a0\u00bb tab_id=\u00a0\u00bb1603382675454-f55d7f57-e4ae\u00a0\u00bb][vc_column_text css_animation=\u00a0\u00bbbottom-to-top\u00a0\u00bb]<\/p>\n<div class=\"styled-subtitle\" style=\"text-align: center;\"><span style=\"color: #000000;\">Vous avez une carte cadeau ou une carte de fid\u00e9lit\u00e9?<\/span><\/div>\n<div class=\"styled-subtitle\" style=\"text-align: center;\"><span style=\"color: #000000;\">Consultez le solde de votre carte ci-dessous, pour cela vous avez besoin du num\u00e9ro de votre carte.<\/span><\/div>\n<p style=\"text-align: center; max-width: 530px; margin: 0 auto;\"><span style=\"color: #000000;\">\u00a0<\/span><\/p>\n<p>[\/vc_column_text]<style type=\"text\/css\">.thegem-button-69e2b945ae86e6386 .gem-button svg {fill: #ffffff;}.thegem-button-69e2b945ae86e6386 .gem-button:hover svg {fill: #ffffff;}<\/style><div class=\"gem-button-container gem-button-position-center thegem-button-69e2b945ae86e6386    \"  ><a class=\"gem-button gem-button-size-medium gem-button-style-flat gem-button-text-weight-normal\" data-ll-effect=\"drop-right-without-wrap\" style=\"border-radius: 3px;background-color: #9c3328;color: #ffffff;\" onmouseleave=\"this.style.backgroundColor='#9c3328';this.style.color='#ffffff';\" onmouseenter=\"this.style.backgroundColor='#47292b';this.style.color='#ffffff';\" href=\"#\" target=\"_self\" role=\"button\">Voir mon solde<\/a><\/div> [\/vc_tta_section][\/vc_tta_accordion][\/vc_column_inner][\/vc_row_inner][\/vc_column][\/vc_row]<\/p>\n<\/div>","protected":false},"excerpt":{"rendered":"<p>[vc_row css=\u00a0\u00bb.vc_custom_1603735635843{margin-top: 140px !important;margin-bottom: 80px !important;background-position: 0 0 !important;background-repeat: no-repeat !important;}\u00a0\u00bb el_class=\u00a0\u00bbcustom-frame vc_hidden-sm vc_hidden-xs\u00a0\u00bb][vc_column width=\u00a0\u00bb1\/2&Prime; css=\u00a0\u00bb.vc_custom_1603382309566{margin-top: 0px !important;margin-bottom: 0px !important;padding-top:&#8230;<\/p>\n","protected":false},"author":4,"featured_media":0,"parent":0,"menu_order":8,"comment_status":"closed","ping_status":"closed","template":"","meta":{"footnotes":""},"class_list":["post-1494","page","type-page","status-publish"],"yoast_head":"<!-- This site is optimized with the Yoast SEO plugin v27.4 - https:\/\/yoast.com\/product\/yoast-seo-wordpress\/ -->\n<title>Carte cadeau - L&#039;Aurochs<\/title>\n<meta name=\"robots\" content=\"index, follow, max-snippet:-1, max-image-preview:large, max-video-preview:-1\" \/>\n<link rel=\"canonical\" href=\"https:\/\/restosdix30.com\/laurochs\/carte-cadeau\/\" \/>\n<meta property=\"og:locale\" content=\"fr_CA\" \/>\n<meta property=\"og:type\" content=\"article\" \/>\n<meta property=\"og:title\" content=\"Carte cadeau - L&#039;Aurochs\" \/>\n<meta property=\"og:description\" content=\"[vc_row css=\u00a0\u00bb.vc_custom_1603735635843{margin-top: 140px !important;margin-bottom: 80px !important;background-position: 0 0 !important;background-repeat: no-repeat !important;}\u00a0\u00bb el_class=\u00a0\u00bbcustom-frame vc_hidden-sm vc_hidden-xs\u00a0\u00bb][vc_column width=\u00a0\u00bb1\/2&Prime; css=\u00a0\u00bb.vc_custom_1603382309566{margin-top: 0px !important;margin-bottom: 0px !important;padding-top:...\" \/>\n<meta property=\"og:url\" content=\"https:\/\/restosdix30.com\/laurochs\/carte-cadeau\/\" \/>\n<meta property=\"og:site_name\" content=\"L&#039;Aurochs\" \/>\n<meta property=\"article:modified_time\" content=\"2020-12-02T20:09:47+00:00\" \/>\n<meta name=\"twitter:card\" content=\"summary_large_image\" \/>\n<meta name=\"twitter:label1\" content=\"Estimation du temps de lecture\" \/>\n\t<meta name=\"twitter:data1\" content=\"4 minutes\" \/>\n<script type=\"application\/ld+json\" class=\"yoast-schema-graph\">{\"@context\":\"https:\\\/\\\/schema.org\",\"@graph\":[{\"@type\":\"WebPage\",\"@id\":\"https:\\\/\\\/restosdix30.com\\\/laurochs\\\/carte-cadeau\\\/\",\"url\":\"https:\\\/\\\/restosdix30.com\\\/laurochs\\\/carte-cadeau\\\/\",\"name\":\"Carte cadeau - L&#039;Aurochs\",\"isPartOf\":{\"@id\":\"https:\\\/\\\/restosdix30.com\\\/laurochs\\\/#website\"},\"datePublished\":\"2020-10-14T21:16:43+00:00\",\"dateModified\":\"2020-12-02T20:09:47+00:00\",\"breadcrumb\":{\"@id\":\"https:\\\/\\\/restosdix30.com\\\/laurochs\\\/carte-cadeau\\\/#breadcrumb\"},\"inLanguage\":\"fr-CA\",\"potentialAction\":[{\"@type\":\"ReadAction\",\"target\":[\"https:\\\/\\\/restosdix30.com\\\/laurochs\\\/carte-cadeau\\\/\"]}]},{\"@type\":\"BreadcrumbList\",\"@id\":\"https:\\\/\\\/restosdix30.com\\\/laurochs\\\/carte-cadeau\\\/#breadcrumb\",\"itemListElement\":[{\"@type\":\"ListItem\",\"position\":1,\"name\":\"Accueil\",\"item\":\"https:\\\/\\\/restosdix30.com\\\/laurochs\\\/\"},{\"@type\":\"ListItem\",\"position\":2,\"name\":\"Carte cadeau\"}]},{\"@type\":\"WebSite\",\"@id\":\"https:\\\/\\\/restosdix30.com\\\/laurochs\\\/#website\",\"url\":\"https:\\\/\\\/restosdix30.com\\\/laurochs\\\/\",\"name\":\"L&#039;Aurochs\",\"description\":\"Groupe Restos Dix30\",\"potentialAction\":[{\"@type\":\"SearchAction\",\"target\":{\"@type\":\"EntryPoint\",\"urlTemplate\":\"https:\\\/\\\/restosdix30.com\\\/laurochs\\\/?s={search_term_string}\"},\"query-input\":{\"@type\":\"PropertyValueSpecification\",\"valueRequired\":true,\"valueName\":\"search_term_string\"}}],\"inLanguage\":\"fr-CA\"}]}<\/script>\n<!-- \/ Yoast SEO plugin. -->","yoast_head_json":{"title":"Carte cadeau - L&#039;Aurochs","robots":{"index":"index","follow":"follow","max-snippet":"max-snippet:-1","max-image-preview":"max-image-preview:large","max-video-preview":"max-video-preview:-1"},"canonical":"https:\/\/restosdix30.com\/laurochs\/carte-cadeau\/","og_locale":"fr_CA","og_type":"article","og_title":"Carte cadeau - L&#039;Aurochs","og_description":"[vc_row css=\u00a0\u00bb.vc_custom_1603735635843{margin-top: 140px !important;margin-bottom: 80px !important;background-position: 0 0 !important;background-repeat: no-repeat !important;}\u00a0\u00bb el_class=\u00a0\u00bbcustom-frame vc_hidden-sm vc_hidden-xs\u00a0\u00bb][vc_column width=\u00a0\u00bb1\/2&Prime; css=\u00a0\u00bb.vc_custom_1603382309566{margin-top: 0px !important;margin-bottom: 0px !important;padding-top:...","og_url":"https:\/\/restosdix30.com\/laurochs\/carte-cadeau\/","og_site_name":"L&#039;Aurochs","article_modified_time":"2020-12-02T20:09:47+00:00","twitter_card":"summary_large_image","twitter_misc":{"Estimation du temps de lecture":"4 minutes"},"schema":{"@context":"https:\/\/schema.org","@graph":[{"@type":"WebPage","@id":"https:\/\/restosdix30.com\/laurochs\/carte-cadeau\/","url":"https:\/\/restosdix30.com\/laurochs\/carte-cadeau\/","name":"Carte cadeau - L&#039;Aurochs","isPartOf":{"@id":"https:\/\/restosdix30.com\/laurochs\/#website"},"datePublished":"2020-10-14T21:16:43+00:00","dateModified":"2020-12-02T20:09:47+00:00","breadcrumb":{"@id":"https:\/\/restosdix30.com\/laurochs\/carte-cadeau\/#breadcrumb"},"inLanguage":"fr-CA","potentialAction":[{"@type":"ReadAction","target":["https:\/\/restosdix30.com\/laurochs\/carte-cadeau\/"]}]},{"@type":"BreadcrumbList","@id":"https:\/\/restosdix30.com\/laurochs\/carte-cadeau\/#breadcrumb","itemListElement":[{"@type":"ListItem","position":1,"name":"Accueil","item":"https:\/\/restosdix30.com\/laurochs\/"},{"@type":"ListItem","position":2,"name":"Carte cadeau"}]},{"@type":"WebSite","@id":"https:\/\/restosdix30.com\/laurochs\/#website","url":"https:\/\/restosdix30.com\/laurochs\/","name":"L&#039;Aurochs","description":"Groupe Restos Dix30","potentialAction":[{"@type":"SearchAction","target":{"@type":"EntryPoint","urlTemplate":"https:\/\/restosdix30.com\/laurochs\/?s={search_term_string}"},"query-input":{"@type":"PropertyValueSpecification","valueRequired":true,"valueName":"search_term_string"}}],"inLanguage":"fr-CA"}]}},"distributor_meta":false,"distributor_terms":false,"distributor_media":false,"distributor_original_site_name":"L&#039;Aurochs","distributor_original_site_url":"https:\/\/restosdix30.com\/laurochs","push-errors":false,"_links":{"self":[{"href":"https:\/\/restosdix30.com\/laurochs\/wp-json\/wp\/v2\/pages\/1494","targetHints":{"allow":["GET"]}}],"collection":[{"href":"https:\/\/restosdix30.com\/laurochs\/wp-json\/wp\/v2\/pages"}],"about":[{"href":"https:\/\/restosdix30.com\/laurochs\/wp-json\/wp\/v2\/types\/page"}],"author":[{"embeddable":true,"href":"https:\/\/restosdix30.com\/laurochs\/wp-json\/wp\/v2\/users\/4"}],"replies":[{"embeddable":true,"href":"https:\/\/restosdix30.com\/laurochs\/wp-json\/wp\/v2\/comments?post=1494"}],"version-history":[{"count":45,"href":"https:\/\/restosdix30.com\/laurochs\/wp-json\/wp\/v2\/pages\/1494\/revisions"}],"predecessor-version":[{"id":2355,"href":"https:\/\/restosdix30.com\/laurochs\/wp-json\/wp\/v2\/pages\/1494\/revisions\/2355"}],"wp:attachment":[{"href":"https:\/\/restosdix30.com\/laurochs\/wp-json\/wp\/v2\/media?parent=1494"}],"curies":[{"name":"wp","href":"https:\/\/api.w.org\/{rel}","templated":true}]}}