{"id":1816,"date":"2020-10-21T14:16:08","date_gmt":"2020-10-21T14:16:08","guid":{"rendered":"http:\/\/restosdix30.com\/laurochs\/?page_id=1816"},"modified":"2020-10-26T19:47:19","modified_gmt":"2020-10-26T19:47:19","slug":"confirmation","status":"publish","type":"page","link":"https:\/\/restosdix30.com\/laurochs\/confirmation\/","title":{"rendered":"Confirmation"},"content":{"rendered":"<div class=\"wpb-content-wrapper\"><p>[vc_row full_width=\u00a0\u00bbstretch_row_content_no_spaces\u00a0\u00bb css=\u00a0\u00bb.vc_custom_1603741638127{margin-top: 140px !important;padding-bottom: 15px !important;}\u00a0\u00bb][vc_column][vc_column_text]<\/p>\n<div class=\"styled-subtitle\" style=\"text-align: center;\">Merci, nous vous contacterons sous peu.<\/div>\n<p>[\/vc_column_text][\/vc_column][\/vc_row][vc_row full_width=\u00a0\u00bbstretch_row\u00a0\u00bb equal_height=\u00a0\u00bbyes\u00a0\u00bb content_placement=\u00a0\u00bbmiddle\u00a0\u00bb css=\u00a0\u00bb.vc_custom_1602107250780{margin-top: 0px !important;margin-bottom: 0px !important;padding-top: 40px !important;padding-bottom: 40px !important;background-color: #6d4d4f !important;background-position: center !important;background-repeat: no-repeat !important;background-size: cover !important;}\u00a0\u00bb el_class=\u00a0\u00bbcustom-quick\u00a0\u00bb][vc_column css=\u00a0\u00bb.vc_custom_1602107097993{padding-bottom: 20px !important;}\u00a0\u00bb][vc_column_text css_animation=\u00a0\u00bbbottom-to-top\u00a0\u00bb]<\/p>\n<h3 style=\"text-align: center;\"><span style=\"color: #ffffff;\">la viande<\/span><\/h3>\n<p>[\/vc_column_text]<div class=\"clearboth\"><\/div><style>#thegem-divider-69e171d3473a0 {margin-top: -15px !important;}<\/style><div id=\"thegem-divider-69e171d3473a0\" class=\"gem-divider  \" style=\"\" ><\/div>[vc_column_text css_animation=\u00a0\u00bbbottom-to-top\u00a0\u00bb]<\/p>\n<div class=\"title-h2\" style=\"text-align: center; margin-bottom: 27px;\"><span style=\"color: #ffffff;\">notre sp\u00e9cialit\u00e9<\/span><\/div>\n<p>[\/vc_column_text]<div class=\"centered-box gem-image-centered-box\" ><div class=\"gem-image gem-wrapbox gem-wrapbox-style-default gem-wrapbox-position-centered lazy-loading  thegem-custom-69e171d3473c49804\"  style=\"\" ><div class=\"gem-wrapbox-inner  lazy-loading-item\"  data-ll-effect=\"move-up\"><img class=\"gem-wrapbox-element img-responsive\" src=\"https:\/\/restosdix30.com\/laurochs\/wp-content\/uploads\/sites\/2\/2020\/10\/etoiles.png\" alt=\"\"\/><\/div><style type=\"text\/css\">.thegem-custom-69e171d3473c49804.gem-image a:hover img {filter: brightness( 100% ) contrast( 100% ) saturate( 100% ) blur( 0px ) hue-rotate( 0deg );}<\/style><\/div><\/div>[vc_column_text css_animation=\u00a0\u00bbbottom-to-top\u00a0\u00bb]<\/p>\n<p style=\"text-align: center;\"><span style=\"color: #ffffff;\">L\u2019Aurochs, steakhouse de renom sur la Rive-Sud de Montr\u00e9al, poss\u00e8de une chambre \u00e0 environnement contr\u00f4l\u00e9 \u00e0 sec o\u00f9 la viande est directement s\u00e9ch\u00e9e offrant \u00e0 vos papilles, au moment de la d\u00e9gustation, une exp\u00e9rience unique en mati\u00e8re de saveurs et de tendret\u00e9. De plus, L\u2019Aurochs s\u2019est muni de fours Montague, fours dont la particularit\u00e9 est de saisir la viande \u00e0 1200 \u00b0C. Ce type de cuisson permet de maintenir tous les jus et les sucs \u00e0 l\u2019int\u00e9rieur du steak. Ces proc\u00e9d\u00e9s vous permettront de ressentir pleinement l\u2019intense persillage des steaks de L\u2019Aurochs.<\/span><\/p>\n<p style=\"text-align: center; max-width: 530px; margin: 0 auto;\"><span style=\"color: #000000;\">\u00a0<\/span><\/p>\n<p>[\/vc_column_text]<div class=\"clearboth\"><\/div><style>#thegem-divider-69e171d3474d9 {margin-top: -15px !important;}<\/style><div id=\"thegem-divider-69e171d3474d9\" class=\"gem-divider  \" style=\"\" ><\/div><style>.gem-gallery-grid#style-69e171d3475d8 .gallery-item { padding: calc(3px\/2) !important; }.gem-gallery-grid#style-69e171d3475d8 .gallery-set { margin-top: calc(-3px\/2); margin-bottom: calc(-3px\/2); }.gem-gallery-grid#style-69e171d3475d8 .not-fullwidth-block .gallery-set, .gem-gallery-grid#style-69e171d3475d8 .not-fullwidth-block .portfolio-item-size-container { margin-left: calc(-3px\/2); margin-right: calc(-3px\/2); }.gem-gallery-grid#style-69e171d3475d8 .fullwidth-block { padding-left: calc(3px\/2); padding-right: calc(3px\/2); }.gem-gallery-grid#style-69e171d3475d8 .fullwidth-block .portfolio-top-panel:not(.gem-sticky-block), .gem-gallery-grid#style-69e171d3475d8 .portfolio-item.not-found .found-wrap { padding-left: 21px; padding-right: 21px; }@media (min-width: 768px) and (max-width: 991px) { .gem-gallery-grid#style-69e171d3475d8 .fullwidth-block .portfolio-top-panel:not(.gem-sticky-block), .gem-gallery-grid#style-69e171d3475d8 .portfolio-item.not-found .found-wrap { padding-left: 21px; padding-right: 21px; }}@media (max-width: 767px) { .gem-gallery-grid#style-69e171d3475d8 .fullwidth-block .portfolio-top-panel:not(.gem-sticky-block), .gem-gallery-grid#style-69e171d3475d8 .portfolio-item.not-found .found-wrap { padding-left: 21px; padding-right: 21px; }}.gem-gallery-grid#style-69e171d3475d8 .portfolio-filters { text-align: center }<\/style><div id=\"style-preloader-69e171d3475d8\" class=\"preloader save-space\"><div class=\"preloader-spin\"><\/div><\/div> <div class=\"gallery-preloader-wrapper\"> <div class=\"row\"> <div id=\"style-69e171d3475d8\" class=\"gem-gallery-grid col-lg-12 col-md-12 col-sm-12 gallery-style-metro hover-zooming-blur loading-animation item-animation-move-up fullwidth-columns fullwidth-columns-4 metro columns-tablet-2 columns-mobile-1 without-padding metro-item-style-default \" data-hover=\"zooming-blur\" data-uid=\"69e171d3475d8\" data-filter=\"[]\"> <div class=\"portfolio fullwidth-block \"> <ul class=\"gallery-set clearfix\" data-max-row-height=\"380\"> <li class=\"gallery-item gallery-0 col-xs-12 col-sm-6 col-md-3 item-animations-not-inited single-icon post-1816 page type-page status-publish\" style=\"\"> <div class=\"wrap gem-wrapbox-style-default\"> <div class=\"overlay-wrap\"> <div class=\"image-wrap \"> <picture> <source srcset=\"https:\/\/restosdix30.com\/laurochs\/wp-content\/uploads\/sites\/2\/2020\/10\/piece-de-boeuf-meilleur-choix-thegem-portfolio-metro.png 1x\" sizes=\"100vw\"> <img src=\"https:\/\/restosdix30.com\/laurochs\/wp-content\/uploads\/sites\/2\/2020\/10\/piece-de-boeuf-meilleur-choix-thegem-portfolio-metro.png\" width=\"643\" height=\"500\" class=\"attachment-thegem-portfolio-metro\" alt=\"piece-de-boeuf-meilleur-choix\" \/> <\/picture> <\/div> <div class=\"overlay \"> <div class=\"overlay-circle\"><\/div> <a href=\"https:\/\/restosdix30.com\/laurochs\/wp-content\/uploads\/sites\/2\/2020\/10\/piece-de-boeuf-meilleur-choix.png\" class=\"gallery-item-link fancy-gallery\" data-fancybox=\"gallery-69e171d3475d8\" aria-label=\"Fullsize Image: piece-de-boeuf-meilleur-choix\"> <span class=\"slide-info\"> <\/span> <\/a> <div class=\"overlay-content\"> <div class=\"overlay-content-center\"> <div class=\"overlay-content-inner\"> <a href=\"https:\/\/restosdix30.com\/laurochs\/wp-content\/uploads\/sites\/2\/2020\/10\/piece-de-boeuf-meilleur-choix.png\" class=\"icon photo \" aria-label=\"Fullsize Image: piece-de-boeuf-meilleur-choix\"> <\/a> <div class=\"overlay-line\"><\/div> <\/div> <\/div> <\/div> <\/div> <\/div> <\/div> <\/li> <li class=\"gallery-item gallery-0 col-xs-12 col-sm-6 col-md-3 item-animations-not-inited single-icon post-1816 page type-page status-publish\" style=\"\"> <div class=\"wrap gem-wrapbox-style-default\"> <div class=\"overlay-wrap\"> <div class=\"image-wrap \"> <picture> <source srcset=\"https:\/\/restosdix30.com\/laurochs\/wp-content\/uploads\/sites\/2\/2020\/10\/viandes-aurochs-thegem-portfolio-metro.png 1x\" sizes=\"100vw\"> <img src=\"https:\/\/restosdix30.com\/laurochs\/wp-content\/uploads\/sites\/2\/2020\/10\/viandes-aurochs-thegem-portfolio-metro.png\" width=\"643\" height=\"500\" class=\"attachment-thegem-portfolio-metro\" alt=\"viandes-aurochs\" \/> <\/picture> <\/div> <div class=\"overlay \"> <div class=\"overlay-circle\"><\/div> <a href=\"https:\/\/restosdix30.com\/laurochs\/wp-content\/uploads\/sites\/2\/2020\/10\/viandes-aurochs.png\" class=\"gallery-item-link fancy-gallery\" data-fancybox=\"gallery-69e171d3475d8\" aria-label=\"Fullsize Image: viandes-aurochs\"> <span class=\"slide-info\"> <\/span> <\/a> <div class=\"overlay-content\"> <div class=\"overlay-content-center\"> <div class=\"overlay-content-inner\"> <a href=\"https:\/\/restosdix30.com\/laurochs\/wp-content\/uploads\/sites\/2\/2020\/10\/viandes-aurochs.png\" class=\"icon photo \" aria-label=\"Fullsize Image: viandes-aurochs\"> <\/a> <div class=\"overlay-line\"><\/div> <\/div> <\/div> <\/div> <\/div> <\/div> <\/div> <\/li> <li class=\"gallery-item gallery-0 col-xs-12 col-sm-6 col-md-3 item-animations-not-inited single-icon post-1816 page type-page status-publish\" style=\"\"> <div class=\"wrap gem-wrapbox-style-default\"> <div class=\"overlay-wrap\"> <div class=\"image-wrap \"> <picture> <source srcset=\"https:\/\/restosdix30.com\/laurochs\/wp-content\/uploads\/sites\/2\/2020\/10\/decoupe-cote-de-boeuf-thegem-portfolio-metro.png 1x\" sizes=\"100vw\"> <img src=\"https:\/\/restosdix30.com\/laurochs\/wp-content\/uploads\/sites\/2\/2020\/10\/decoupe-cote-de-boeuf-thegem-portfolio-metro.png\" width=\"643\" height=\"500\" class=\"attachment-thegem-portfolio-metro\" alt=\"decoupe-cote-de-boeuf\" \/> <\/picture> <\/div> <div class=\"overlay \"> <div class=\"overlay-circle\"><\/div> <a href=\"https:\/\/restosdix30.com\/laurochs\/wp-content\/uploads\/sites\/2\/2020\/10\/decoupe-cote-de-boeuf.png\" class=\"gallery-item-link fancy-gallery\" data-fancybox=\"gallery-69e171d3475d8\" aria-label=\"Fullsize Image: decoupe-cote-de-boeuf\"> <span class=\"slide-info\"> <\/span> <\/a> <div class=\"overlay-content\"> <div class=\"overlay-content-center\"> <div class=\"overlay-content-inner\"> <a href=\"https:\/\/restosdix30.com\/laurochs\/wp-content\/uploads\/sites\/2\/2020\/10\/decoupe-cote-de-boeuf.png\" class=\"icon photo \" aria-label=\"Fullsize Image: decoupe-cote-de-boeuf\"> <\/a> <div class=\"overlay-line\"><\/div> <\/div> <\/div> <\/div> <\/div> <\/div> <\/div> <\/li> <li class=\"gallery-item gallery-0 col-xs-12 col-sm-6 col-md-3 item-animations-not-inited single-icon post-1816 page type-page status-publish\" style=\"\"> <div class=\"wrap gem-wrapbox-style-default\"> <div class=\"overlay-wrap\"> <div class=\"image-wrap \"> <picture> <source srcset=\"https:\/\/restosdix30.com\/laurochs\/wp-content\/uploads\/sites\/2\/2020\/10\/viande-vieillie-thegem-portfolio-metro.png 1x\" sizes=\"100vw\"> <img src=\"https:\/\/restosdix30.com\/laurochs\/wp-content\/uploads\/sites\/2\/2020\/10\/viande-vieillie-thegem-portfolio-metro.png\" width=\"643\" height=\"500\" class=\"attachment-thegem-portfolio-metro\" alt=\"viande-vieillie\" \/> <\/picture> <\/div> <div class=\"overlay \"> <div class=\"overlay-circle\"><\/div> <a href=\"https:\/\/restosdix30.com\/laurochs\/wp-content\/uploads\/sites\/2\/2020\/10\/viande-vieillie.png\" class=\"gallery-item-link fancy-gallery\" data-fancybox=\"gallery-69e171d3475d8\" aria-label=\"Fullsize Image: viande-vieillie\"> <span class=\"slide-info\"> <\/span> <\/a> <div class=\"overlay-content\"> <div class=\"overlay-content-center\"> <div class=\"overlay-content-inner\"> <a href=\"https:\/\/restosdix30.com\/laurochs\/wp-content\/uploads\/sites\/2\/2020\/10\/viande-vieillie.png\" class=\"icon photo \" aria-label=\"Fullsize Image: viande-vieillie\"> <\/a> <div class=\"overlay-line\"><\/div> <\/div> <\/div> <\/div> <\/div> <\/div> <\/div> <\/li> <li class=\"gallery-item gallery-0 col-xs-12 col-sm-6 col-md-3 item-animations-not-inited single-icon post-1816 page type-page status-publish\" style=\"\"> <div class=\"wrap gem-wrapbox-style-default\"> <div class=\"overlay-wrap\"> <div class=\"image-wrap \"> <picture> <source srcset=\"https:\/\/restosdix30.com\/laurochs\/wp-content\/uploads\/sites\/2\/2020\/10\/decoupe-viande-2-thegem-portfolio-metro.png 1x\" sizes=\"100vw\"> <img src=\"https:\/\/restosdix30.com\/laurochs\/wp-content\/uploads\/sites\/2\/2020\/10\/decoupe-viande-2-thegem-portfolio-metro.png\" width=\"643\" height=\"500\" class=\"attachment-thegem-portfolio-metro\" alt=\"decoupe-viande-2\" \/> <\/picture> <\/div> <div class=\"overlay \"> <div class=\"overlay-circle\"><\/div> <a href=\"https:\/\/restosdix30.com\/laurochs\/wp-content\/uploads\/sites\/2\/2020\/10\/decoupe-viande-2.png\" class=\"gallery-item-link fancy-gallery\" data-fancybox=\"gallery-69e171d3475d8\" aria-label=\"Fullsize Image: decoupe-viande-2\"> <span class=\"slide-info\"> <\/span> <\/a> <div class=\"overlay-content\"> <div class=\"overlay-content-center\"> <div class=\"overlay-content-inner\"> <a href=\"https:\/\/restosdix30.com\/laurochs\/wp-content\/uploads\/sites\/2\/2020\/10\/decoupe-viande-2.png\" class=\"icon photo \" aria-label=\"Fullsize Image: decoupe-viande-2\"> <\/a> <div class=\"overlay-line\"><\/div> <\/div> <\/div> <\/div> <\/div> <\/div> <\/div> <\/li> <li class=\"gallery-item gallery-0 col-xs-12 col-sm-6 col-md-3 item-animations-not-inited single-icon post-1816 page type-page status-publish\" style=\"\"> <div class=\"wrap gem-wrapbox-style-default\"> <div class=\"overlay-wrap\"> <div class=\"image-wrap \"> <picture> <source srcset=\"https:\/\/restosdix30.com\/laurochs\/wp-content\/uploads\/sites\/2\/2020\/10\/cote-de-boeuf-thegem-portfolio-metro.png 1x\" sizes=\"100vw\"> <img src=\"https:\/\/restosdix30.com\/laurochs\/wp-content\/uploads\/sites\/2\/2020\/10\/cote-de-boeuf-thegem-portfolio-metro.png\" width=\"643\" height=\"500\" class=\"attachment-thegem-portfolio-metro\" alt=\"cote-de-boeuf\" \/> <\/picture> <\/div> <div class=\"overlay \"> <div class=\"overlay-circle\"><\/div> <a href=\"https:\/\/restosdix30.com\/laurochs\/wp-content\/uploads\/sites\/2\/2020\/10\/cote-de-boeuf.png\" class=\"gallery-item-link fancy-gallery\" data-fancybox=\"gallery-69e171d3475d8\" aria-label=\"Fullsize Image: cote-de-boeuf\"> <span class=\"slide-info\"> <\/span> <\/a> <div class=\"overlay-content\"> <div class=\"overlay-content-center\"> <div class=\"overlay-content-inner\"> <a href=\"https:\/\/restosdix30.com\/laurochs\/wp-content\/uploads\/sites\/2\/2020\/10\/cote-de-boeuf.png\" class=\"icon photo \" aria-label=\"Fullsize Image: cote-de-boeuf\"> <\/a> <div class=\"overlay-line\"><\/div> <\/div> <\/div> <\/div> <\/div> <\/div> <\/div> <\/li> <li class=\"gallery-item gallery-0 col-xs-12 col-sm-6 col-md-3 item-animations-not-inited single-icon post-1816 page type-page status-publish\" style=\"\"> <div class=\"wrap gem-wrapbox-style-default\"> <div class=\"overlay-wrap\"> <div class=\"image-wrap \"> <picture> <source srcset=\"https:\/\/restosdix30.com\/laurochs\/wp-content\/uploads\/sites\/2\/2020\/10\/decoupe-viande-3-thegem-portfolio-metro.png 1x\" sizes=\"100vw\"> <img src=\"https:\/\/restosdix30.com\/laurochs\/wp-content\/uploads\/sites\/2\/2020\/10\/decoupe-viande-3-thegem-portfolio-metro.png\" width=\"643\" height=\"500\" class=\"attachment-thegem-portfolio-metro\" alt=\"decoupe-viande-3\" \/> <\/picture> <\/div> <div class=\"overlay \"> <div class=\"overlay-circle\"><\/div> <a href=\"https:\/\/restosdix30.com\/laurochs\/wp-content\/uploads\/sites\/2\/2020\/10\/decoupe-viande-3.png\" class=\"gallery-item-link fancy-gallery\" data-fancybox=\"gallery-69e171d3475d8\" aria-label=\"Fullsize Image: decoupe-viande-3\"> <span class=\"slide-info\"> <\/span> <\/a> <div class=\"overlay-content\"> <div class=\"overlay-content-center\"> <div class=\"overlay-content-inner\"> <a href=\"https:\/\/restosdix30.com\/laurochs\/wp-content\/uploads\/sites\/2\/2020\/10\/decoupe-viande-3.png\" class=\"icon photo \" aria-label=\"Fullsize Image: decoupe-viande-3\"> <\/a> <div class=\"overlay-line\"><\/div> <\/div> <\/div> <\/div> <\/div> <\/div> <\/div> <\/li> <li class=\"gallery-item gallery-0 col-xs-12 col-sm-6 col-md-3 item-animations-not-inited single-icon post-1816 page type-page status-publish\" style=\"\"> <div class=\"wrap gem-wrapbox-style-default\"> <div class=\"overlay-wrap\"> <div class=\"image-wrap \"> <picture> <source srcset=\"https:\/\/restosdix30.com\/laurochs\/wp-content\/uploads\/sites\/2\/2020\/10\/decoupe-viande-1-thegem-portfolio-metro.png 1x\" sizes=\"100vw\"> <img src=\"https:\/\/restosdix30.com\/laurochs\/wp-content\/uploads\/sites\/2\/2020\/10\/decoupe-viande-1-thegem-portfolio-metro.png\" width=\"643\" height=\"500\" class=\"attachment-thegem-portfolio-metro\" alt=\"decoupe-viande-1\" \/> <\/picture> <\/div> <div class=\"overlay \"> <div class=\"overlay-circle\"><\/div> <a href=\"https:\/\/restosdix30.com\/laurochs\/wp-content\/uploads\/sites\/2\/2020\/10\/decoupe-viande-1.png\" class=\"gallery-item-link fancy-gallery\" data-fancybox=\"gallery-69e171d3475d8\" aria-label=\"Fullsize Image: decoupe-viande-1\"> <span class=\"slide-info\"> <\/span> <\/a> <div class=\"overlay-content\"> <div class=\"overlay-content-center\"> <div class=\"overlay-content-inner\"> <a href=\"https:\/\/restosdix30.com\/laurochs\/wp-content\/uploads\/sites\/2\/2020\/10\/decoupe-viande-1.png\" class=\"icon photo \" aria-label=\"Fullsize Image: decoupe-viande-1\"> <\/a> <div class=\"overlay-line\"><\/div> <\/div> <\/div> <\/div> <\/div> <\/div> <\/div> <\/li> <\/ul> <div class=\"portfolio-item-size-container\"> <li class=\"gallery-item size-item col-xs-12 col-sm-6 col-md-3 post-1816 page type-page status-publish\" style=\"\"> <\/li> <\/div> <\/div> <\/div> <\/div> <\/div>[\/vc_column][\/vc_row]<\/p>\n<\/div>","protected":false},"excerpt":{"rendered":"<p>[vc_row full_width=\u00a0\u00bbstretch_row_content_no_spaces\u00a0\u00bb css=\u00a0\u00bb.vc_custom_1603741638127{margin-top: 140px !important;padding-bottom: 15px !important;}\u00a0\u00bb][vc_column][vc_column_text] Merci, nous vous contacterons sous peu. [\/vc_column_text][\/vc_column][\/vc_row][vc_row full_width=\u00a0\u00bbstretch_row\u00a0\u00bb equal_height=\u00a0\u00bbyes\u00a0\u00bb content_placement=\u00a0\u00bbmiddle\u00a0\u00bb css=\u00a0\u00bb.vc_custom_1602107250780{margin-top: 0px !important;margin-bottom:&#8230;<\/p>\n","protected":false},"author":4,"featured_media":0,"parent":0,"menu_order":0,"comment_status":"closed","ping_status":"closed","template":"","meta":{"footnotes":""},"class_list":["post-1816","page","type-page","status-publish"],"yoast_head":"<!-- This site is optimized with the Yoast SEO plugin v27.4 - https:\/\/yoast.com\/product\/yoast-seo-wordpress\/ -->\n<title>Confirmation - L&#039;Aurochs<\/title>\n<meta name=\"robots\" content=\"index, follow, max-snippet:-1, max-image-preview:large, max-video-preview:-1\" \/>\n<link rel=\"canonical\" href=\"https:\/\/restosdix30.com\/laurochs\/confirmation\/\" \/>\n<meta property=\"og:locale\" content=\"fr_CA\" \/>\n<meta property=\"og:type\" content=\"article\" \/>\n<meta property=\"og:title\" content=\"Confirmation - L&#039;Aurochs\" \/>\n<meta property=\"og:description\" content=\"[vc_row full_width=\u00a0\u00bbstretch_row_content_no_spaces\u00a0\u00bb css=\u00a0\u00bb.vc_custom_1603741638127{margin-top: 140px !important;padding-bottom: 15px !important;}\u00a0\u00bb][vc_column][vc_column_text] Merci, nous vous contacterons sous peu. [\/vc_column_text][\/vc_column][\/vc_row][vc_row full_width=\u00a0\u00bbstretch_row\u00a0\u00bb equal_height=\u00a0\u00bbyes\u00a0\u00bb content_placement=\u00a0\u00bbmiddle\u00a0\u00bb css=\u00a0\u00bb.vc_custom_1602107250780{margin-top: 0px !important;margin-bottom:...\" \/>\n<meta property=\"og:url\" content=\"https:\/\/restosdix30.com\/laurochs\/confirmation\/\" \/>\n<meta property=\"og:site_name\" content=\"L&#039;Aurochs\" \/>\n<meta property=\"article:modified_time\" content=\"2020-10-26T19:47:19+00:00\" \/>\n<meta name=\"twitter:card\" content=\"summary_large_image\" \/>\n<meta name=\"twitter:label1\" content=\"Estimation du temps de lecture\" \/>\n\t<meta name=\"twitter:data1\" content=\"1 minute\" \/>\n<script type=\"application\/ld+json\" class=\"yoast-schema-graph\">{\"@context\":\"https:\\\/\\\/schema.org\",\"@graph\":[{\"@type\":\"WebPage\",\"@id\":\"https:\\\/\\\/restosdix30.com\\\/laurochs\\\/confirmation\\\/\",\"url\":\"https:\\\/\\\/restosdix30.com\\\/laurochs\\\/confirmation\\\/\",\"name\":\"Confirmation - L&#039;Aurochs\",\"isPartOf\":{\"@id\":\"https:\\\/\\\/restosdix30.com\\\/laurochs\\\/#website\"},\"datePublished\":\"2020-10-21T14:16:08+00:00\",\"dateModified\":\"2020-10-26T19:47:19+00:00\",\"breadcrumb\":{\"@id\":\"https:\\\/\\\/restosdix30.com\\\/laurochs\\\/confirmation\\\/#breadcrumb\"},\"inLanguage\":\"fr-CA\",\"potentialAction\":[{\"@type\":\"ReadAction\",\"target\":[\"https:\\\/\\\/restosdix30.com\\\/laurochs\\\/confirmation\\\/\"]}]},{\"@type\":\"BreadcrumbList\",\"@id\":\"https:\\\/\\\/restosdix30.com\\\/laurochs\\\/confirmation\\\/#breadcrumb\",\"itemListElement\":[{\"@type\":\"ListItem\",\"position\":1,\"name\":\"Accueil\",\"item\":\"https:\\\/\\\/restosdix30.com\\\/laurochs\\\/\"},{\"@type\":\"ListItem\",\"position\":2,\"name\":\"Confirmation\"}]},{\"@type\":\"WebSite\",\"@id\":\"https:\\\/\\\/restosdix30.com\\\/laurochs\\\/#website\",\"url\":\"https:\\\/\\\/restosdix30.com\\\/laurochs\\\/\",\"name\":\"L&#039;Aurochs\",\"description\":\"Groupe Restos Dix30\",\"potentialAction\":[{\"@type\":\"SearchAction\",\"target\":{\"@type\":\"EntryPoint\",\"urlTemplate\":\"https:\\\/\\\/restosdix30.com\\\/laurochs\\\/?s={search_term_string}\"},\"query-input\":{\"@type\":\"PropertyValueSpecification\",\"valueRequired\":true,\"valueName\":\"search_term_string\"}}],\"inLanguage\":\"fr-CA\"}]}<\/script>\n<!-- \/ Yoast SEO plugin. -->","yoast_head_json":{"title":"Confirmation - L&#039;Aurochs","robots":{"index":"index","follow":"follow","max-snippet":"max-snippet:-1","max-image-preview":"max-image-preview:large","max-video-preview":"max-video-preview:-1"},"canonical":"https:\/\/restosdix30.com\/laurochs\/confirmation\/","og_locale":"fr_CA","og_type":"article","og_title":"Confirmation - L&#039;Aurochs","og_description":"[vc_row full_width=\u00a0\u00bbstretch_row_content_no_spaces\u00a0\u00bb css=\u00a0\u00bb.vc_custom_1603741638127{margin-top: 140px !important;padding-bottom: 15px !important;}\u00a0\u00bb][vc_column][vc_column_text] Merci, nous vous contacterons sous peu. [\/vc_column_text][\/vc_column][\/vc_row][vc_row full_width=\u00a0\u00bbstretch_row\u00a0\u00bb equal_height=\u00a0\u00bbyes\u00a0\u00bb content_placement=\u00a0\u00bbmiddle\u00a0\u00bb css=\u00a0\u00bb.vc_custom_1602107250780{margin-top: 0px !important;margin-bottom:...","og_url":"https:\/\/restosdix30.com\/laurochs\/confirmation\/","og_site_name":"L&#039;Aurochs","article_modified_time":"2020-10-26T19:47:19+00:00","twitter_card":"summary_large_image","twitter_misc":{"Estimation du temps de lecture":"1 minute"},"schema":{"@context":"https:\/\/schema.org","@graph":[{"@type":"WebPage","@id":"https:\/\/restosdix30.com\/laurochs\/confirmation\/","url":"https:\/\/restosdix30.com\/laurochs\/confirmation\/","name":"Confirmation - L&#039;Aurochs","isPartOf":{"@id":"https:\/\/restosdix30.com\/laurochs\/#website"},"datePublished":"2020-10-21T14:16:08+00:00","dateModified":"2020-10-26T19:47:19+00:00","breadcrumb":{"@id":"https:\/\/restosdix30.com\/laurochs\/confirmation\/#breadcrumb"},"inLanguage":"fr-CA","potentialAction":[{"@type":"ReadAction","target":["https:\/\/restosdix30.com\/laurochs\/confirmation\/"]}]},{"@type":"BreadcrumbList","@id":"https:\/\/restosdix30.com\/laurochs\/confirmation\/#breadcrumb","itemListElement":[{"@type":"ListItem","position":1,"name":"Accueil","item":"https:\/\/restosdix30.com\/laurochs\/"},{"@type":"ListItem","position":2,"name":"Confirmation"}]},{"@type":"WebSite","@id":"https:\/\/restosdix30.com\/laurochs\/#website","url":"https:\/\/restosdix30.com\/laurochs\/","name":"L&#039;Aurochs","description":"Groupe Restos Dix30","potentialAction":[{"@type":"SearchAction","target":{"@type":"EntryPoint","urlTemplate":"https:\/\/restosdix30.com\/laurochs\/?s={search_term_string}"},"query-input":{"@type":"PropertyValueSpecification","valueRequired":true,"valueName":"search_term_string"}}],"inLanguage":"fr-CA"}]}},"distributor_meta":false,"distributor_terms":false,"distributor_media":false,"distributor_original_site_name":"L&#039;Aurochs","distributor_original_site_url":"https:\/\/restosdix30.com\/laurochs","push-errors":false,"_links":{"self":[{"href":"https:\/\/restosdix30.com\/laurochs\/wp-json\/wp\/v2\/pages\/1816","targetHints":{"allow":["GET"]}}],"collection":[{"href":"https:\/\/restosdix30.com\/laurochs\/wp-json\/wp\/v2\/pages"}],"about":[{"href":"https:\/\/restosdix30.com\/laurochs\/wp-json\/wp\/v2\/types\/page"}],"author":[{"embeddable":true,"href":"https:\/\/restosdix30.com\/laurochs\/wp-json\/wp\/v2\/users\/4"}],"replies":[{"embeddable":true,"href":"https:\/\/restosdix30.com\/laurochs\/wp-json\/wp\/v2\/comments?post=1816"}],"version-history":[{"count":4,"href":"https:\/\/restosdix30.com\/laurochs\/wp-json\/wp\/v2\/pages\/1816\/revisions"}],"predecessor-version":[{"id":2078,"href":"https:\/\/restosdix30.com\/laurochs\/wp-json\/wp\/v2\/pages\/1816\/revisions\/2078"}],"wp:attachment":[{"href":"https:\/\/restosdix30.com\/laurochs\/wp-json\/wp\/v2\/media?parent=1816"}],"curies":[{"name":"wp","href":"https:\/\/api.w.org\/{rel}","templated":true}]}}