{"id":1502,"date":"2020-10-14T21:17:26","date_gmt":"2020-10-14T21:17:26","guid":{"rendered":"http:\/\/restosdix30.com\/laurochs\/?page_id=1502"},"modified":"2026-04-07T13:17:36","modified_gmt":"2026-04-07T13:17:36","slug":"promotions","status":"publish","type":"page","link":"https:\/\/restosdix30.com\/lecafedutheatre\/promotions\/","title":{"rendered":"Promotions"},"content":{"rendered":"<div class=\"wpb-content-wrapper\"><p>[vc_row][vc_column el_class=\u00a0\u00bbz-index\u00a0\u00bb css=\u00a0\u00bb.vc_custom_1467193957599{margin-top: -120px !important;}\u00a0\u00bb]<div id=\"fullwidth-block-69e1a5d1956e2\" class=\"fullwidth-block clearfix\"  style=\"padding-top: 194px;padding-left: 20px;padding-right: 20px;\"><script type=\"text\/javascript\">if (typeof(gem_fix_fullwidth_position) == \"function\") { gem_fix_fullwidth_position(document.getElementById(\"fullwidth-block-69e1a5d1956e2\")); }<\/script><div class=\"fullwidth-block-inner\">[vc_column_text css_animation=\u00a0\u00bbnone\u00a0\u00bb el_class=\u00a0\u00bbcustom-font\u00a0\u00bb]<\/p>\n<div class=\"title-h5\" style=\"text-align: center;\">toutes les PROMOTIONS<\/div>\n<p>[\/vc_column_text]<div class=\"clearboth\"><\/div><style>#thegem-divider-69e1a5d19570a {margin-top: 15px !important;}<\/style><div id=\"thegem-divider-69e1a5d19570a\" class=\"gem-divider  \" style=\"\" ><\/div>[vc_column_text css_animation=\u00a0\u00bbbottom-to-top\u00a0\u00bb]<\/p>\n<div class=\"title-h2\" style=\"text-align: center; margin-bottom: 27px;\">de votre resto pr\u00e9f\u00e9r\u00e9!<\/div>\n<p>[\/vc_column_text]<div class=\"centered-box gem-image-centered-box\" ><div class=\"gem-image gem-wrapbox gem-wrapbox-style-default gem-wrapbox-position-centered lazy-loading  thegem-custom-69e1a5d19572e3072\"  style=\"\" ><div class=\"gem-wrapbox-inner  lazy-loading-item\"  data-ll-effect=\"move-up\"><img class=\"gem-wrapbox-element img-responsive\" src=\"https:\/\/restosdix30.com\/lecafedutheatre\/wp-content\/uploads\/sites\/5\/2020\/10\/etoiles.png\" alt=\"\"\/><\/div><style type=\"text\/css\">.thegem-custom-69e1a5d19572e3072.gem-image a:hover img {filter: brightness( 100% ) contrast( 100% ) saturate( 100% ) blur( 0px ) hue-rotate( 0deg );}<\/style><\/div><\/div><div class=\"clearboth\"><\/div><style>#thegem-divider-69e1a5d195864 {margin-top: 50px !important;}<\/style><div id=\"thegem-divider-69e1a5d195864\" class=\"gem-divider  \" style=\"\" ><\/div>[vc_column_text css_animation=\u00a0\u00bbbottom-to-top\u00a0\u00bb]<\/p>\n<div class=\"styled-subtitle\" style=\"text-align: center; max-width: 900px; margin: 0 auto;\">Retrouvez \u00e0 un seul endroit les derni\u00e8res promotions concernant votre restaurant pr\u00e9f\u00e9r\u00e9. N&rsquo;h\u00e9sitez pas \u00e0 nous faire part de vos suggestions et recommandations!<\/div>\n<p>[\/vc_column_text]<\/div><\/div>[\/vc_column][\/vc_row][vc_row css=\u00a0\u00bb.vc_custom_1603287881159{padding-top: 56px !important;}\u00a0\u00bb][vc_column][vc_single_image image=\u00a0\u00bb3088&Prime; img_size=\u00a0\u00bblarge\u00a0\u00bb alignment=\u00a0\u00bbcenter\u00a0\u00bb css=\u00a0\u00bb\u00a0\u00bb]<div class=\"clearboth\"><\/div><style>#thegem-divider-69e1a5d195878 {margin-top: 20px !important;}<\/style><div id=\"thegem-divider-69e1a5d195878\" class=\"gem-divider  \" style=\"\" ><\/div>[vc_single_image image=\u00a0\u00bb3089&Prime; img_size=\u00a0\u00bblarge\u00a0\u00bb alignment=\u00a0\u00bbcenter\u00a0\u00bb css=\u00a0\u00bb\u00a0\u00bb]<div class=\"clearboth\"><\/div><style>#thegem-divider-69e1a5d19587e {margin-top: 20px !important;}<\/style><div id=\"thegem-divider-69e1a5d19587e\" class=\"gem-divider  \" style=\"\" ><\/div>[vc_single_image image=\u00a0\u00bb3205&Prime; img_size=\u00a0\u00bblarge\u00a0\u00bb alignment=\u00a0\u00bbcenter\u00a0\u00bb css=\u00a0\u00bb\u00a0\u00bb]<div class=\"clearboth\"><\/div><style>#thegem-divider-69e1a5d195883 {margin-top: 20px !important;}<\/style><div id=\"thegem-divider-69e1a5d195883\" class=\"gem-divider  \" style=\"\" ><\/div>[\/vc_column][\/vc_row]<\/p>\n<\/div>","protected":false},"excerpt":{"rendered":"<p>[vc_row][vc_column el_class=\u00a0\u00bbz-index\u00a0\u00bb css=\u00a0\u00bb.vc_custom_1467193957599{margin-top: -120px !important;}\u00a0\u00bb][\/vc_column][\/vc_row][vc_row css=\u00a0\u00bb.vc_custom_1603287881159{padding-top: 56px !important;}\u00a0\u00bb][vc_column][vc_single_image image=\u00a0\u00bb3088&Prime; img_size=\u00a0\u00bblarge\u00a0\u00bb alignment=\u00a0\u00bbcenter\u00a0\u00bb css=\u00a0\u00bb\u00a0\u00bb][vc_single_image image=\u00a0\u00bb3089&Prime; img_size=\u00a0\u00bblarge\u00a0\u00bb alignment=\u00a0\u00bbcenter\u00a0\u00bb css=\u00a0\u00bb\u00a0\u00bb][vc_single_image image=\u00a0\u00bb3205&Prime; img_size=\u00a0\u00bblarge\u00a0\u00bb alignment=\u00a0\u00bbcenter\u00a0\u00bb css=\u00a0\u00bb\u00a0\u00bb][\/vc_column][\/vc_row]<\/p>\n","protected":false},"author":4,"featured_media":0,"parent":0,"menu_order":5,"comment_status":"closed","ping_status":"closed","template":"","meta":{"footnotes":""},"class_list":["post-1502","page","type-page","status-publish"],"yoast_head":"<!-- This site is optimized with the Yoast SEO plugin v27.4 - https:\/\/yoast.com\/product\/yoast-seo-wordpress\/ -->\n<title>Promotions - Le Caf\u00e9 du Th\u00e9\u00e2tre<\/title>\n<meta name=\"robots\" content=\"index, follow, max-snippet:-1, max-image-preview:large, max-video-preview:-1\" \/>\n<link rel=\"canonical\" href=\"https:\/\/restosdix30.com\/lecafedutheatre\/promotions\/\" \/>\n<meta property=\"og:locale\" content=\"fr_CA\" \/>\n<meta property=\"og:type\" content=\"article\" \/>\n<meta property=\"og:title\" content=\"Promotions - Le Caf\u00e9 du Th\u00e9\u00e2tre\" \/>\n<meta property=\"og:description\" content=\"[vc_row][vc_column el_class=\u00a0\u00bbz-index\u00a0\u00bb css=\u00a0\u00bb.vc_custom_1467193957599{margin-top: -120px !important;}\u00a0\u00bb][\/vc_column][\/vc_row][vc_row css=\u00a0\u00bb.vc_custom_1603287881159{padding-top: 56px !important;}\u00a0\u00bb][vc_column][vc_single_image image=\u00a0\u00bb3088&Prime; img_size=\u00a0\u00bblarge\u00a0\u00bb alignment=\u00a0\u00bbcenter\u00a0\u00bb css=\u00a0\u00bb\u00a0\u00bb][vc_single_image image=\u00a0\u00bb3089&Prime; img_size=\u00a0\u00bblarge\u00a0\u00bb alignment=\u00a0\u00bbcenter\u00a0\u00bb css=\u00a0\u00bb\u00a0\u00bb][vc_single_image image=\u00a0\u00bb3205&Prime; img_size=\u00a0\u00bblarge\u00a0\u00bb alignment=\u00a0\u00bbcenter\u00a0\u00bb css=\u00a0\u00bb\u00a0\u00bb][\/vc_column][\/vc_row]\" \/>\n<meta property=\"og:url\" content=\"https:\/\/restosdix30.com\/lecafedutheatre\/promotions\/\" \/>\n<meta property=\"og:site_name\" content=\"Le Caf\u00e9 du Th\u00e9\u00e2tre\" \/>\n<meta property=\"article:modified_time\" content=\"2026-04-07T13:17:36+00:00\" \/>\n<meta name=\"twitter:card\" content=\"summary_large_image\" \/>\n<meta name=\"twitter:label1\" content=\"Estimation du temps de lecture\" \/>\n\t<meta name=\"twitter:data1\" content=\"2 minutes\" \/>\n<script type=\"application\/ld+json\" class=\"yoast-schema-graph\">{\"@context\":\"https:\\\/\\\/schema.org\",\"@graph\":[{\"@type\":\"WebPage\",\"@id\":\"https:\\\/\\\/restosdix30.com\\\/lecafedutheatre\\\/promotions\\\/\",\"url\":\"https:\\\/\\\/restosdix30.com\\\/lecafedutheatre\\\/promotions\\\/\",\"name\":\"Promotions - Le Caf\u00e9 du Th\u00e9\u00e2tre\",\"isPartOf\":{\"@id\":\"https:\\\/\\\/restosdix30.com\\\/lecafedutheatre\\\/#website\"},\"datePublished\":\"2020-10-14T21:17:26+00:00\",\"dateModified\":\"2026-04-07T13:17:36+00:00\",\"breadcrumb\":{\"@id\":\"https:\\\/\\\/restosdix30.com\\\/lecafedutheatre\\\/promotions\\\/#breadcrumb\"},\"inLanguage\":\"fr-CA\",\"potentialAction\":[{\"@type\":\"ReadAction\",\"target\":[\"https:\\\/\\\/restosdix30.com\\\/lecafedutheatre\\\/promotions\\\/\"]}]},{\"@type\":\"BreadcrumbList\",\"@id\":\"https:\\\/\\\/restosdix30.com\\\/lecafedutheatre\\\/promotions\\\/#breadcrumb\",\"itemListElement\":[{\"@type\":\"ListItem\",\"position\":1,\"name\":\"Accueil\",\"item\":\"https:\\\/\\\/restosdix30.com\\\/lecafedutheatre\\\/\"},{\"@type\":\"ListItem\",\"position\":2,\"name\":\"Promotions\"}]},{\"@type\":\"WebSite\",\"@id\":\"https:\\\/\\\/restosdix30.com\\\/lecafedutheatre\\\/#website\",\"url\":\"https:\\\/\\\/restosdix30.com\\\/lecafedutheatre\\\/\",\"name\":\"Le Caf\u00e9 du Th\u00e9\u00e2tre\",\"description\":\"Groupe Restos Dix30\",\"potentialAction\":[{\"@type\":\"SearchAction\",\"target\":{\"@type\":\"EntryPoint\",\"urlTemplate\":\"https:\\\/\\\/restosdix30.com\\\/lecafedutheatre\\\/?s={search_term_string}\"},\"query-input\":{\"@type\":\"PropertyValueSpecification\",\"valueRequired\":true,\"valueName\":\"search_term_string\"}}],\"inLanguage\":\"fr-CA\"}]}<\/script>\n<!-- \/ Yoast SEO plugin. -->","yoast_head_json":{"title":"Promotions - Le Caf\u00e9 du Th\u00e9\u00e2tre","robots":{"index":"index","follow":"follow","max-snippet":"max-snippet:-1","max-image-preview":"max-image-preview:large","max-video-preview":"max-video-preview:-1"},"canonical":"https:\/\/restosdix30.com\/lecafedutheatre\/promotions\/","og_locale":"fr_CA","og_type":"article","og_title":"Promotions - Le Caf\u00e9 du Th\u00e9\u00e2tre","og_description":"[vc_row][vc_column el_class=\u00a0\u00bbz-index\u00a0\u00bb css=\u00a0\u00bb.vc_custom_1467193957599{margin-top: -120px !important;}\u00a0\u00bb][\/vc_column][\/vc_row][vc_row css=\u00a0\u00bb.vc_custom_1603287881159{padding-top: 56px !important;}\u00a0\u00bb][vc_column][vc_single_image image=\u00a0\u00bb3088&Prime; img_size=\u00a0\u00bblarge\u00a0\u00bb alignment=\u00a0\u00bbcenter\u00a0\u00bb css=\u00a0\u00bb\u00a0\u00bb][vc_single_image image=\u00a0\u00bb3089&Prime; img_size=\u00a0\u00bblarge\u00a0\u00bb alignment=\u00a0\u00bbcenter\u00a0\u00bb css=\u00a0\u00bb\u00a0\u00bb][vc_single_image image=\u00a0\u00bb3205&Prime; img_size=\u00a0\u00bblarge\u00a0\u00bb alignment=\u00a0\u00bbcenter\u00a0\u00bb css=\u00a0\u00bb\u00a0\u00bb][\/vc_column][\/vc_row]","og_url":"https:\/\/restosdix30.com\/lecafedutheatre\/promotions\/","og_site_name":"Le Caf\u00e9 du Th\u00e9\u00e2tre","article_modified_time":"2026-04-07T13:17:36+00:00","twitter_card":"summary_large_image","twitter_misc":{"Estimation du temps de lecture":"2 minutes"},"schema":{"@context":"https:\/\/schema.org","@graph":[{"@type":"WebPage","@id":"https:\/\/restosdix30.com\/lecafedutheatre\/promotions\/","url":"https:\/\/restosdix30.com\/lecafedutheatre\/promotions\/","name":"Promotions - Le Caf\u00e9 du Th\u00e9\u00e2tre","isPartOf":{"@id":"https:\/\/restosdix30.com\/lecafedutheatre\/#website"},"datePublished":"2020-10-14T21:17:26+00:00","dateModified":"2026-04-07T13:17:36+00:00","breadcrumb":{"@id":"https:\/\/restosdix30.com\/lecafedutheatre\/promotions\/#breadcrumb"},"inLanguage":"fr-CA","potentialAction":[{"@type":"ReadAction","target":["https:\/\/restosdix30.com\/lecafedutheatre\/promotions\/"]}]},{"@type":"BreadcrumbList","@id":"https:\/\/restosdix30.com\/lecafedutheatre\/promotions\/#breadcrumb","itemListElement":[{"@type":"ListItem","position":1,"name":"Accueil","item":"https:\/\/restosdix30.com\/lecafedutheatre\/"},{"@type":"ListItem","position":2,"name":"Promotions"}]},{"@type":"WebSite","@id":"https:\/\/restosdix30.com\/lecafedutheatre\/#website","url":"https:\/\/restosdix30.com\/lecafedutheatre\/","name":"Le Caf\u00e9 du Th\u00e9\u00e2tre","description":"Groupe Restos Dix30","potentialAction":[{"@type":"SearchAction","target":{"@type":"EntryPoint","urlTemplate":"https:\/\/restosdix30.com\/lecafedutheatre\/?s={search_term_string}"},"query-input":{"@type":"PropertyValueSpecification","valueRequired":true,"valueName":"search_term_string"}}],"inLanguage":"fr-CA"}]}},"distributor_meta":false,"distributor_terms":false,"distributor_media":false,"distributor_original_site_name":"Le Caf\u00e9 du Th\u00e9\u00e2tre","distributor_original_site_url":"https:\/\/restosdix30.com\/lecafedutheatre","push-errors":false,"_links":{"self":[{"href":"https:\/\/restosdix30.com\/lecafedutheatre\/wp-json\/wp\/v2\/pages\/1502","targetHints":{"allow":["GET"]}}],"collection":[{"href":"https:\/\/restosdix30.com\/lecafedutheatre\/wp-json\/wp\/v2\/pages"}],"about":[{"href":"https:\/\/restosdix30.com\/lecafedutheatre\/wp-json\/wp\/v2\/types\/page"}],"author":[{"embeddable":true,"href":"https:\/\/restosdix30.com\/lecafedutheatre\/wp-json\/wp\/v2\/users\/4"}],"replies":[{"embeddable":true,"href":"https:\/\/restosdix30.com\/lecafedutheatre\/wp-json\/wp\/v2\/comments?post=1502"}],"version-history":[{"count":47,"href":"https:\/\/restosdix30.com\/lecafedutheatre\/wp-json\/wp\/v2\/pages\/1502\/revisions"}],"predecessor-version":[{"id":3211,"href":"https:\/\/restosdix30.com\/lecafedutheatre\/wp-json\/wp\/v2\/pages\/1502\/revisions\/3211"}],"wp:attachment":[{"href":"https:\/\/restosdix30.com\/lecafedutheatre\/wp-json\/wp\/v2\/media?parent=1502"}],"curies":[{"name":"wp","href":"https:\/\/api.w.org\/{rel}","templated":true}]}}