{"id":2193,"date":"2020-10-29T19:28:53","date_gmt":"2020-10-29T19:28:53","guid":{"rendered":"http:\/\/restosdix30.com\/?page_id=2193"},"modified":"2020-10-30T13:22:37","modified_gmt":"2020-10-30T13:22:37","slug":"conditions-generales","status":"publish","type":"page","link":"https:\/\/restosdix30.com\/lecafedutheatre\/conditions-generales\/","title":{"rendered":"Conditions G\u00e9n\u00e9rales"},"content":{"rendered":"<div class=\"wpb-content-wrapper\"><p>[vc_row css=\u00a0\u00bb.vc_custom_1603999807465{margin-top: 70px !important;}\u00a0\u00bb][vc_column css=\u00a0\u00bb.vc_custom_1602775556681{padding-top: 25px !important;padding-bottom: 25px !important;}\u00a0\u00bb][vc_column_text]Bienvenue sur le site Internet de Les Restos Dix30 (<a href=\"http:\/\/www.restosdix30.com\/\">www.restosdix30.com<\/a>). En naviguant dans notre site Internet, vous acceptez les modalit\u00e9s et conditions d&rsquo;utilisation qui suivent. Si telle n&rsquo;est pas votre intention, veuillez quitter le site.<\/p>\n<h5>AVIS DE PROPRI\u00c9T\u00c9 INTELLECTUELLE<\/h5>\n<p>Le site Internet de Les Restos Dix30. ainsi que tout le contenu qui y est diffus\u00e9 ou auquel il donne acc\u00e8s sont prot\u00e9g\u00e9s par des droits d&rsquo;auteur. Toute adaptation ou diffusion en sont interdites \u00e0 moins d&rsquo;avoir pr\u00e9alablement obtenu l&rsquo;autorisation de le faire.<\/p>\n<h5>EXCLUSION DE RESPONSABILIT\u00c9<\/h5>\n<p>Les Restos Dix30. n&rsquo;offre aucune garantie quant \u00e0 l&rsquo;exactitude, la pertinence ou la fiabilit\u00e9 du contenu du site Internet, ni en ce qui a trait aux erreurs ou aux omissions qu&rsquo;il pourrait contenir. En aucun cas l&rsquo;information contenue sur le site Internet ne peut \u00eatre interpr\u00e9t\u00e9e comme \u00e9tant un avis juridique. Les Restos Dix30. d\u00e9cline toute responsabilit\u00e9 quant \u00e0 l&rsquo;usage qui en est fait.<\/p>\n<div class=\"title-h5\">PROTECTION DES RENSEIGNEMENTS PERSONNELS<\/div>\n<p>Les Restos Dix30. respecte votre droit \u00e0 la protection des renseignements personnels, conform\u00e9ment aux lois du Qu\u00e9bec et du Canada sur la protection de la vie priv\u00e9e.<\/p>\n<p>Les Restos Dix30. peut \u00eatre appel\u00e9e \u00e0 recueillir des renseignements personnels \u00e0 votre sujet. Ces renseignements personnels sont utilis\u00e9s exclusivement par Les Restos Dix30. pour communiquer avec vous, vous fournir les services ou les renseignements que vous avez demand\u00e9s ou vous transmettre des informations susceptibles de vous int\u00e9resser. Les Restos Dix30. ne se servira des renseignements personnels qu&rsquo;\u00e0 ces fins, \u00e0 moins d&rsquo;avoir obtenu votre consentement. Si vous ne d\u00e9sirez pas recevoir de l&rsquo;information suppl\u00e9mentaire, vous pouvez nous le faire savoir en communiquant avec nous.[\/vc_column_text][\/vc_column][\/vc_row][vc_row][vc_column][\/vc_column][\/vc_row]<\/p>\n<\/div>","protected":false},"excerpt":{"rendered":"<p>[vc_row css=\u00a0\u00bb.vc_custom_1603999807465{margin-top: 70px !important;}\u00a0\u00bb][vc_column css=\u00a0\u00bb.vc_custom_1602775556681{padding-top: 25px !important;padding-bottom: 25px !important;}\u00a0\u00bb][vc_column_text]Bienvenue sur le site Internet de Les Restos Dix30 (www.restosdix30.com). En naviguant&#8230;<\/p>\n","protected":false},"author":3,"featured_media":0,"parent":0,"menu_order":14,"comment_status":"closed","ping_status":"closed","template":"","meta":{"footnotes":""},"class_list":["post-2193","page","type-page","status-publish"],"yoast_head":"<!-- This site is optimized with the Yoast SEO plugin v27.4 - https:\/\/yoast.com\/product\/yoast-seo-wordpress\/ -->\n<title>Conditions G\u00e9n\u00e9rales - Le Caf\u00e9 du Th\u00e9\u00e2tre<\/title>\n<meta name=\"robots\" content=\"index, follow, max-snippet:-1, max-image-preview:large, max-video-preview:-1\" \/>\n<link rel=\"canonical\" href=\"https:\/\/restosdix30.com\/lecafedutheatre\/conditions-generales\/\" \/>\n<meta property=\"og:locale\" content=\"fr_CA\" \/>\n<meta property=\"og:type\" content=\"article\" \/>\n<meta property=\"og:title\" content=\"Conditions G\u00e9n\u00e9rales - Le Caf\u00e9 du Th\u00e9\u00e2tre\" \/>\n<meta property=\"og:description\" content=\"[vc_row css=\u00a0\u00bb.vc_custom_1603999807465{margin-top: 70px !important;}\u00a0\u00bb][vc_column css=\u00a0\u00bb.vc_custom_1602775556681{padding-top: 25px !important;padding-bottom: 25px !important;}\u00a0\u00bb][vc_column_text]Bienvenue sur le site Internet de Les Restos Dix30 (www.restosdix30.com). En naviguant...\" \/>\n<meta property=\"og:url\" content=\"https:\/\/restosdix30.com\/lecafedutheatre\/conditions-generales\/\" \/>\n<meta property=\"og:site_name\" content=\"Le Caf\u00e9 du Th\u00e9\u00e2tre\" \/>\n<meta property=\"article:modified_time\" content=\"2020-10-30T13:22:37+00:00\" \/>\n<meta name=\"twitter:card\" content=\"summary_large_image\" \/>\n<meta name=\"twitter:label1\" content=\"Estimation du temps de lecture\" \/>\n\t<meta name=\"twitter:data1\" content=\"2 minutes\" \/>\n<script type=\"application\/ld+json\" class=\"yoast-schema-graph\">{\"@context\":\"https:\\\/\\\/schema.org\",\"@graph\":[{\"@type\":\"WebPage\",\"@id\":\"https:\\\/\\\/restosdix30.com\\\/lecafedutheatre\\\/conditions-generales\\\/\",\"url\":\"https:\\\/\\\/restosdix30.com\\\/lecafedutheatre\\\/conditions-generales\\\/\",\"name\":\"Conditions G\u00e9n\u00e9rales - Le Caf\u00e9 du Th\u00e9\u00e2tre\",\"isPartOf\":{\"@id\":\"https:\\\/\\\/restosdix30.com\\\/lecafedutheatre\\\/#website\"},\"datePublished\":\"2020-10-29T19:28:53+00:00\",\"dateModified\":\"2020-10-30T13:22:37+00:00\",\"breadcrumb\":{\"@id\":\"https:\\\/\\\/restosdix30.com\\\/lecafedutheatre\\\/conditions-generales\\\/#breadcrumb\"},\"inLanguage\":\"fr-CA\",\"potentialAction\":[{\"@type\":\"ReadAction\",\"target\":[\"https:\\\/\\\/restosdix30.com\\\/lecafedutheatre\\\/conditions-generales\\\/\"]}]},{\"@type\":\"BreadcrumbList\",\"@id\":\"https:\\\/\\\/restosdix30.com\\\/lecafedutheatre\\\/conditions-generales\\\/#breadcrumb\",\"itemListElement\":[{\"@type\":\"ListItem\",\"position\":1,\"name\":\"Accueil\",\"item\":\"https:\\\/\\\/restosdix30.com\\\/lecafedutheatre\\\/\"},{\"@type\":\"ListItem\",\"position\":2,\"name\":\"Conditions G\u00e9n\u00e9rales\"}]},{\"@type\":\"WebSite\",\"@id\":\"https:\\\/\\\/restosdix30.com\\\/lecafedutheatre\\\/#website\",\"url\":\"https:\\\/\\\/restosdix30.com\\\/lecafedutheatre\\\/\",\"name\":\"Le Caf\u00e9 du Th\u00e9\u00e2tre\",\"description\":\"Groupe Restos Dix30\",\"potentialAction\":[{\"@type\":\"SearchAction\",\"target\":{\"@type\":\"EntryPoint\",\"urlTemplate\":\"https:\\\/\\\/restosdix30.com\\\/lecafedutheatre\\\/?s={search_term_string}\"},\"query-input\":{\"@type\":\"PropertyValueSpecification\",\"valueRequired\":true,\"valueName\":\"search_term_string\"}}],\"inLanguage\":\"fr-CA\"}]}<\/script>\n<!-- \/ Yoast SEO plugin. -->","yoast_head_json":{"title":"Conditions G\u00e9n\u00e9rales - Le Caf\u00e9 du Th\u00e9\u00e2tre","robots":{"index":"index","follow":"follow","max-snippet":"max-snippet:-1","max-image-preview":"max-image-preview:large","max-video-preview":"max-video-preview:-1"},"canonical":"https:\/\/restosdix30.com\/lecafedutheatre\/conditions-generales\/","og_locale":"fr_CA","og_type":"article","og_title":"Conditions G\u00e9n\u00e9rales - Le Caf\u00e9 du Th\u00e9\u00e2tre","og_description":"[vc_row css=\u00a0\u00bb.vc_custom_1603999807465{margin-top: 70px !important;}\u00a0\u00bb][vc_column css=\u00a0\u00bb.vc_custom_1602775556681{padding-top: 25px !important;padding-bottom: 25px !important;}\u00a0\u00bb][vc_column_text]Bienvenue sur le site Internet de Les Restos Dix30 (www.restosdix30.com). En naviguant...","og_url":"https:\/\/restosdix30.com\/lecafedutheatre\/conditions-generales\/","og_site_name":"Le Caf\u00e9 du Th\u00e9\u00e2tre","article_modified_time":"2020-10-30T13:22:37+00:00","twitter_card":"summary_large_image","twitter_misc":{"Estimation du temps de lecture":"2 minutes"},"schema":{"@context":"https:\/\/schema.org","@graph":[{"@type":"WebPage","@id":"https:\/\/restosdix30.com\/lecafedutheatre\/conditions-generales\/","url":"https:\/\/restosdix30.com\/lecafedutheatre\/conditions-generales\/","name":"Conditions G\u00e9n\u00e9rales - Le Caf\u00e9 du Th\u00e9\u00e2tre","isPartOf":{"@id":"https:\/\/restosdix30.com\/lecafedutheatre\/#website"},"datePublished":"2020-10-29T19:28:53+00:00","dateModified":"2020-10-30T13:22:37+00:00","breadcrumb":{"@id":"https:\/\/restosdix30.com\/lecafedutheatre\/conditions-generales\/#breadcrumb"},"inLanguage":"fr-CA","potentialAction":[{"@type":"ReadAction","target":["https:\/\/restosdix30.com\/lecafedutheatre\/conditions-generales\/"]}]},{"@type":"BreadcrumbList","@id":"https:\/\/restosdix30.com\/lecafedutheatre\/conditions-generales\/#breadcrumb","itemListElement":[{"@type":"ListItem","position":1,"name":"Accueil","item":"https:\/\/restosdix30.com\/lecafedutheatre\/"},{"@type":"ListItem","position":2,"name":"Conditions G\u00e9n\u00e9rales"}]},{"@type":"WebSite","@id":"https:\/\/restosdix30.com\/lecafedutheatre\/#website","url":"https:\/\/restosdix30.com\/lecafedutheatre\/","name":"Le Caf\u00e9 du Th\u00e9\u00e2tre","description":"Groupe Restos Dix30","potentialAction":[{"@type":"SearchAction","target":{"@type":"EntryPoint","urlTemplate":"https:\/\/restosdix30.com\/lecafedutheatre\/?s={search_term_string}"},"query-input":{"@type":"PropertyValueSpecification","valueRequired":true,"valueName":"search_term_string"}}],"inLanguage":"fr-CA"}]}},"distributor_meta":false,"distributor_terms":false,"distributor_media":false,"distributor_original_site_name":"Le Caf\u00e9 du Th\u00e9\u00e2tre","distributor_original_site_url":"https:\/\/restosdix30.com\/lecafedutheatre","push-errors":false,"_links":{"self":[{"href":"https:\/\/restosdix30.com\/lecafedutheatre\/wp-json\/wp\/v2\/pages\/2193","targetHints":{"allow":["GET"]}}],"collection":[{"href":"https:\/\/restosdix30.com\/lecafedutheatre\/wp-json\/wp\/v2\/pages"}],"about":[{"href":"https:\/\/restosdix30.com\/lecafedutheatre\/wp-json\/wp\/v2\/types\/page"}],"author":[{"embeddable":true,"href":"https:\/\/restosdix30.com\/lecafedutheatre\/wp-json\/wp\/v2\/users\/3"}],"replies":[{"embeddable":true,"href":"https:\/\/restosdix30.com\/lecafedutheatre\/wp-json\/wp\/v2\/comments?post=2193"}],"version-history":[{"count":1,"href":"https:\/\/restosdix30.com\/lecafedutheatre\/wp-json\/wp\/v2\/pages\/2193\/revisions"}],"predecessor-version":[{"id":2194,"href":"https:\/\/restosdix30.com\/lecafedutheatre\/wp-json\/wp\/v2\/pages\/2193\/revisions\/2194"}],"wp:attachment":[{"href":"https:\/\/restosdix30.com\/lecafedutheatre\/wp-json\/wp\/v2\/media?parent=2193"}],"curies":[{"name":"wp","href":"https:\/\/api.w.org\/{rel}","templated":true}]}}