{"id":1498,"date":"2020-10-14T21:17:08","date_gmt":"2020-10-14T21:17:08","guid":{"rendered":"http:\/\/restosdix30.com\/laurochs\/?page_id=1498"},"modified":"2023-09-19T16:51:56","modified_gmt":"2023-09-19T16:51:56","slug":"lequipe","status":"publish","type":"page","link":"https:\/\/restosdix30.com\/service-traiteur\/lequipe\/","title":{"rendered":"L&rsquo;\u00e9quipe"},"content":{"rendered":"<div class=\"wpb-content-wrapper\"><p>[vc_row][vc_column el_class=\u00a0\u00bbz-index\u00a0\u00bb css=\u00a0\u00bb.vc_custom_1603219934543{margin-top: -60px !important;}\u00a0\u00bb]<div id=\"fullwidth-block-69e378f0598be\" class=\"fullwidth-block clearfix\"  style=\"padding-top: 130px;padding-left: 20px;padding-right: 20px;\"><script type=\"text\/javascript\">if (typeof(gem_fix_fullwidth_position) == \"function\") { gem_fix_fullwidth_position(document.getElementById(\"fullwidth-block-69e378f0598be\")); }<\/script><div class=\"fullwidth-block-inner\">[vc_column_text css_animation=\u00a0\u00bbnone\u00a0\u00bb el_class=\u00a0\u00bbcustom-font\u00a0\u00bb]<\/p>\n<div class=\"title-h5\" style=\"text-align: center;\">LE SERVICE TRAITEUR<\/div>\n<p>[\/vc_column_text]<div class=\"clearboth\"><\/div><style>#thegem-divider-69e378f0598f1 {margin-top: 15px !important;}<\/style><div id=\"thegem-divider-69e378f0598f1\" class=\"gem-divider  \" style=\"\" ><\/div>[vc_column_text css_animation=\u00a0\u00bbnone\u00a0\u00bb]<\/p>\n<div class=\"title-h2\" style=\"text-align: center; margin-bottom: 27px;\">une \u00e9quipe unie et passionn\u00e9e<\/div>\n<p>[\/vc_column_text]<div class=\"centered-box gem-image-centered-box\" ><div class=\"gem-image gem-wrapbox gem-wrapbox-style-default gem-wrapbox-position-centered lazy-loading  thegem-custom-69e378f0599148454\"  style=\"\" ><div class=\"gem-wrapbox-inner  lazy-loading-item\"  data-ll-effect=\"move-up\"><img class=\"gem-wrapbox-element img-responsive\" src=\"https:\/\/restosdix30.com\/service-traiteur\/wp-content\/uploads\/sites\/6\/2020\/10\/etoiles.png\" alt=\"\"\/><\/div><style type=\"text\/css\">.thegem-custom-69e378f0599148454.gem-image a:hover img {filter: brightness( 100% ) contrast( 100% ) saturate( 100% ) blur( 0px ) hue-rotate( 0deg );}<\/style><\/div><\/div><div class=\"clearboth\"><\/div><style>#thegem-divider-69e378f059c1a {margin-top: 50px !important;}<\/style><div id=\"thegem-divider-69e378f059c1a\" class=\"gem-divider  \" style=\"\" ><\/div>[vc_column_text css_animation=\u00a0\u00bbbottom-to-top\u00a0\u00bb]<\/p>\n<div class=\"styled-subtitle\" style=\"text-align: center; max-width: 900px; margin: 0 auto;\">\n<p>L\u2019exp\u00e9rience gastronomique ne r\u00e9side pas uniquement dans l\u2019excellence de nos plats, mais \u00e9galement dans notre service incomparable. Notre \u00e9quipe s\u2019assure de votre enti\u00e8re satisfaction et ce, quelque soit votre \u00e9v\u00e9nement. Nous vous pr\u00e9sentons nos chefs et <a href=\"#directeurs\">nos directeurs.<\/a><\/p>\n<\/div>\n<p>[\/vc_column_text]<div class=\"clearboth\"><\/div><style>#thegem-divider-69e378f059c26 {margin-top: 40px !important;}<\/style><div id=\"thegem-divider-69e378f059c26\" class=\"gem-divider  \" style=\"\" ><\/div><\/div><\/div>[\/vc_column][\/vc_row][vc_row full_width=\u00a0\u00bbstretch_row_content_no_spaces\u00a0\u00bb equal_height=\u00a0\u00bbyes\u00a0\u00bb content_placement=\u00a0\u00bbmiddle\u00a0\u00bb disable_element=\u00a0\u00bbyes\u00a0\u00bb el_class=\u00a0\u00bbpullright\u00a0\u00bb][vc_column width=\u00a0\u00bb1\/2&Prime; css=\u00a0\u00bb.vc_custom_1670623357015{background-image: url(https:\/\/restosdix30.com\/service-traiteur\/wp-content\/uploads\/sites\/6\/2020\/10\/Humberto-Moran-Dominguez-chef-traiteur.jpg?id=2061) !important;background-position: center !important;background-repeat: no-repeat !important;background-size: cover !important;}\u00a0\u00bb el_class=\u00a0\u00bbteam\u00a0\u00bb][\/vc_column][vc_column width=\u00a0\u00bb1\/2&Prime; css=\u00a0\u00bb.vc_custom_1633711851696{background-position: center !important;background-repeat: no-repeat !important;background-size: cover !important;}\u00a0\u00bb el_class=\u00a0\u00bbteam\u00a0\u00bb][vc_row_inner][vc_column_inner css=\u00a0\u00bb.vc_custom_1603376154951{padding-top: 50px !important;padding-right: 40px !important;padding-bottom: 50px !important;padding-left: 40px !important;}\u00a0\u00bb][vc_column_text]<\/p>\n<div class=\"title-h2\" style=\"text-align: center;\">HUMBERTO MORAN DOMINGUEZ<\/div>\n<div class=\"title-h4\" style=\"text-align: center;\"><span style=\"color: #000000;\">Chef<\/span><\/div>\n<p style=\"text-align: center;\">Originaire de Lima, au P\u00e9rou, chef\u00a0Humberto\u00a0est au Canada depuis 2011 et au sein de l&rsquo;entreprise depuis 2014. Fort d\u2019une formation de 3 ans en cuisine, il fait ses marques dans le domaine depuis d\u00e9j\u00e0 13 ans. Humberto\u00a0aime la cuisine simple et bien travaill\u00e9e.<\/p>\n<p style=\"text-align: center;\">C\u2019est lui l\u2019artiste derri\u00e8re les plats de tous vos \u00e9v\u00e9nements priv\u00e9s, corporatifs et vos soupers improvis\u00e9s. Quelles que soient la taille du groupe et la formule choisie,\u00a0Humberto\u00a0a le savoir-faire n\u00e9cessaire pour satisfaire toutes vos attentes gastronomiques.<\/p>\n<p>[\/vc_column_text][\/vc_column_inner][\/vc_row_inner][\/vc_column][\/vc_row][vc_row full_width=\u00a0\u00bbstretch_row_content_no_spaces\u00a0\u00bb equal_height=\u00a0\u00bbyes\u00a0\u00bb content_placement=\u00a0\u00bbmiddle\u00a0\u00bb][vc_column width=\u00a0\u00bb1\/2&Prime; css=\u00a0\u00bb.vc_custom_1603982704714{background-image: url(http:\/\/restosdix30.com\/service-traiteur\/wp-content\/uploads\/sites\/6\/2020\/10\/Maxime-Mainville.jpg?id=2064) !important;background-position: center !important;background-repeat: no-repeat !important;background-size: cover !important;}\u00a0\u00bb el_class=\u00a0\u00bbteam\u00a0\u00bb][\/vc_column][vc_column width=\u00a0\u00bb1\/2&Prime; css=\u00a0\u00bb.vc_custom_1670623519204{padding-top: 45px !important;padding-right: 20px !important;padding-bottom: 45px !important;padding-left: 20px !important;}\u00a0\u00bb el_class=\u00a0\u00bbpullright\u00a0\u00bb][vc_row_inner][vc_column_inner css=\u00a0\u00bb.vc_custom_1603396991024{padding-top: 50px !important;padding-right: 40px !important;padding-bottom: 50px !important;padding-left: 40px !important;}\u00a0\u00bb][vc_column_text]<\/p>\n<div class=\"title-h2\" style=\"text-align: center;\">maxime A. mainville<\/div>\n<div class=\"title-h4\" style=\"text-align: center;\"><span style=\"color: #000000;\">directeur service traiteur<\/span><\/div>\n<p style=\"font-weight: 400; text-align: center;\">Maxime A. Mainville fait partie de la grande famille du Groupe Restos\u00a0DIX30 depuis 2013.<\/p>\n<p style=\"font-weight: 400; text-align: center;\">\u00c0 ses d\u00e9buts, il s\u2019est illustr\u00e9 comme cuisinier. D\u00e9montrant de belles aptitudes, il a fait le saut du c\u00f4t\u00e9 du service traiteur. Il y \u00e9volue depuis 2020 comme directeur et ne cesse d\u2019impressionner l\u2019\u00e9quipe par sa grande volont\u00e9 et son travail sans rel\u00e2che.<\/p>\n<p>[\/vc_column_text][\/vc_column_inner][\/vc_row_inner][\/vc_column][\/vc_row][vc_row full_width=\u00a0\u00bbstretch_row_content_no_spaces\u00a0\u00bb equal_height=\u00a0\u00bbyes\u00a0\u00bb content_placement=\u00a0\u00bbmiddle\u00a0\u00bb disable_element=\u00a0\u00bbyes\u00a0\u00bb el_class=\u00a0\u00bbpullright teams\u00a0\u00bb][vc_column width=\u00a0\u00bb1\/2&Prime; css=\u00a0\u00bb.vc_custom_1670623465472{background-image: url(https:\/\/restosdix30.com\/service-traiteur\/wp-content\/uploads\/sites\/6\/2022\/12\/GRDIX30-Romulo-siteweb.jpg?id=2750) !important;background-position: center !important;background-repeat: no-repeat !important;background-size: cover !important;}\u00a0\u00bb el_class=\u00a0\u00bbteam\u00a0\u00bb][\/vc_column][vc_column width=\u00a0\u00bb1\/2&Prime; css=\u00a0\u00bb.vc_custom_1633711851696{background-position: center !important;background-repeat: no-repeat !important;background-size: cover !important;}\u00a0\u00bb el_class=\u00a0\u00bbteam\u00a0\u00bb][vc_row_inner][vc_column_inner css=\u00a0\u00bb.vc_custom_1603376154951{padding-top: 50px !important;padding-right: 40px !important;padding-bottom: 50px !important;padding-left: 40px !important;}\u00a0\u00bb][vc_column_text]<\/p>\n<div class=\"title-h2\" style=\"text-align: center;\">Romulo Cevasco Gevara<\/div>\n<div class=\"title-h4\" style=\"text-align: center;\"><span style=\"color: #000000;\">assistant directeur<\/span><\/div>\n<p style=\"font-weight: 400; text-align: center;\">\u00a0<span class=\"searchHighlight\">Romulo<\/span> est peut-\u00eatre nouveau dans l\u2019\u00e9quipe de gestionnaires, mais il fait partie de la grande famille Restos\u00a0DIX30 depuis 2016. En effet, Romulo a travaill\u00e9 durant 6 ans \u00e0 L\u2019Aurochs Steakhouse\u2009; d\u2019abord comme suiteur, puis comme suiteur en chef, et ensuite comme serveur! Son passage \u00e0 L\u2019Aurochs Steakhouse aura d\u00e9montr\u00e9 son leadership incroyable et son sens exceptionnel du travail de gestion.<\/p>\n<p style=\"font-weight: 400; text-align: center;\">Il poss\u00e8de un dipl\u00f4me en gestion h\u00f4teli\u00e8re internationale de l\u2019ITHQ et poursuit sa formation de gestionnaire \u00e0 notre service traiteur et au Caf\u00e9 du Th\u00e9\u00e2tre. Ce qu\u2019il aime de la restauration\u2009? Le c\u00f4t\u00e9 social qu\u2019apporte le contact avec les clients et l\u2019adr\u00e9naline qui vient avec les p\u00e9riodes de stress en restaurant. Nous lui souhaitons un bon succ\u00e8s dans ses nouvelles fonctions\u2009!!<\/p>\n<p>[\/vc_column_text][\/vc_column_inner][\/vc_row_inner][\/vc_column][\/vc_row][vc_row full_width=\u00a0\u00bbstretch_row_content_no_spaces\u00a0\u00bb content_placement=\u00a0\u00bbmiddle\u00a0\u00bb css=\u00a0\u00bb.vc_custom_1603895866203{background-color: #6c5a05 !important;}\u00a0\u00bb][vc_column]<div id=\"fullwidth-block-69e378f059c40\" class=\"fullwidth-block clearfix\"  style=\"padding-top: 56px;padding-left: 20px;padding-right: 20px;\"><script type=\"text\/javascript\">if (typeof(gem_fix_fullwidth_position) == \"function\") { gem_fix_fullwidth_position(document.getElementById(\"fullwidth-block-69e378f059c40\")); }<\/script><div class=\"fullwidth-block-inner\">[vc_column_text css_animation=\u00a0\u00bbnone\u00a0\u00bb el_class=\u00a0\u00bbcustom-font\u00a0\u00bb]<\/p>\n<div class=\"title-h5\" style=\"text-align: center;\"><span style=\"color: #ffffff;\">REJOINDRE<\/span><\/div>\n<p>[\/vc_column_text]<div class=\"clearboth\"><\/div><style>#thegem-divider-69e378f059c6c {margin-top: 15px !important;}<\/style><div id=\"thegem-divider-69e378f059c6c\" class=\"gem-divider  \" style=\"\" ><\/div>[vc_column_text css_animation=\u00a0\u00bbnone\u00a0\u00bb]<\/p>\n<h2 style=\"text-align: center; margin-bottom: 27px;\"><span style=\"color: #ffffff;\">notre belle \u00e9quipe<\/span><\/h2>\n<p>[\/vc_column_text]<div class=\"centered-box gem-image-centered-box\" ><div class=\"gem-image gem-wrapbox gem-wrapbox-style-default gem-wrapbox-position-centered lazy-loading  thegem-custom-69e378f059c7b4866\"  style=\"\" ><div class=\"gem-wrapbox-inner  lazy-loading-item\"  data-ll-effect=\"move-up\"><img class=\"gem-wrapbox-element img-responsive\" src=\"https:\/\/restosdix30.com\/service-traiteur\/wp-content\/uploads\/sites\/6\/2020\/10\/etoiles.png\" alt=\"\"\/><\/div><style type=\"text\/css\">.thegem-custom-69e378f059c7b4866.gem-image a:hover img {filter: brightness( 100% ) contrast( 100% ) saturate( 100% ) blur( 0px ) hue-rotate( 0deg );}<\/style><\/div><\/div><div class=\"clearboth\"><\/div><style>#thegem-divider-69e378f059cab {margin-top: 50px !important;}<\/style><div id=\"thegem-divider-69e378f059cab\" class=\"gem-divider  \" style=\"\" ><\/div>[vc_column_text]<\/p>\n<div class=\"styled-subtitle\" style=\"text-align: center;\"><span style=\"color: #ffffff;\">Consultez la liste des emplois disponibles ou fa\u00eetes-nous parvenir votre candidature.<\/span><\/div>\n<p>[\/vc_column_text]<div class=\"clearboth\"><\/div><style>#thegem-divider-69e378f059cb2 {margin-top: 25px !important;}<\/style><div id=\"thegem-divider-69e378f059cb2\" class=\"gem-divider  \" style=\"\" ><\/div><div class=\"gem-button-container gem-button-position-center thegem-button-69e378f059d096636    \"  ><a class=\"gem-button gem-button-size-medium gem-button-style-flat gem-button-text-weight-normal\" data-ll-effect=\"drop-right-without-wrap\" style=\"border-radius: 3px;\" onmouseleave=\"\" onmouseenter=\"\" href=\"https:\/\/restosdix30.com\/carriere\/\" target=\"_blank\">Voir les offres<\/a><\/div> <\/div><\/div>[\/vc_column][\/vc_row]<\/p>\n<\/div>","protected":false},"excerpt":{"rendered":"<p>[vc_row][vc_column el_class=\u00a0\u00bbz-index\u00a0\u00bb css=\u00a0\u00bb.vc_custom_1603219934543{margin-top: -60px !important;}\u00a0\u00bb][\/vc_column][\/vc_row][vc_row full_width=\u00a0\u00bbstretch_row_content_no_spaces\u00a0\u00bb equal_height=\u00a0\u00bbyes\u00a0\u00bb content_placement=\u00a0\u00bbmiddle\u00a0\u00bb disable_element=\u00a0\u00bbyes\u00a0\u00bb el_class=\u00a0\u00bbpullright\u00a0\u00bb][vc_column width=\u00a0\u00bb1\/2&Prime; css=\u00a0\u00bb.vc_custom_1670623357015{background-image: url(https:\/\/restosdix30.com\/service-traiteur\/wp-content\/uploads\/sites\/6\/2020\/10\/Humberto-Moran-Dominguez-chef-traiteur.jpg?id=2061) !important;background-position: center !important;background-repeat: no-repeat !important;background-size: cover !important;}\u00a0\u00bb&#8230;<\/p>\n","protected":false},"author":3,"featured_media":0,"parent":0,"menu_order":2,"comment_status":"closed","ping_status":"closed","template":"","meta":{"footnotes":""},"class_list":["post-1498","page","type-page","status-publish"],"yoast_head":"<!-- This site is optimized with the Yoast SEO plugin v27.4 - https:\/\/yoast.com\/product\/yoast-seo-wordpress\/ -->\n<title>L&#039;\u00e9quipe - Service traiteur<\/title>\n<meta name=\"robots\" content=\"index, follow, max-snippet:-1, max-image-preview:large, max-video-preview:-1\" \/>\n<link rel=\"canonical\" href=\"https:\/\/restosdix30.com\/service-traiteur\/lequipe\/\" \/>\n<meta property=\"og:locale\" content=\"fr_CA\" \/>\n<meta property=\"og:type\" content=\"article\" \/>\n<meta property=\"og:title\" content=\"L&#039;\u00e9quipe - Service traiteur\" \/>\n<meta property=\"og:description\" content=\"[vc_row][vc_column el_class=\u00a0\u00bbz-index\u00a0\u00bb css=\u00a0\u00bb.vc_custom_1603219934543{margin-top: -60px !important;}\u00a0\u00bb][\/vc_column][\/vc_row][vc_row full_width=\u00a0\u00bbstretch_row_content_no_spaces\u00a0\u00bb equal_height=\u00a0\u00bbyes\u00a0\u00bb content_placement=\u00a0\u00bbmiddle\u00a0\u00bb disable_element=\u00a0\u00bbyes\u00a0\u00bb el_class=\u00a0\u00bbpullright\u00a0\u00bb][vc_column width=\u00a0\u00bb1\/2&Prime; css=\u00a0\u00bb.vc_custom_1670623357015{background-image: url(https:\/\/restosdix30.com\/service-traiteur\/wp-content\/uploads\/sites\/6\/2020\/10\/Humberto-Moran-Dominguez-chef-traiteur.jpg?id=2061) !important;background-position: center !important;background-repeat: no-repeat !important;background-size: cover !important;}\u00a0\u00bb...\" \/>\n<meta property=\"og:url\" content=\"https:\/\/restosdix30.com\/service-traiteur\/lequipe\/\" \/>\n<meta property=\"og:site_name\" content=\"Service traiteur\" \/>\n<meta property=\"article:modified_time\" content=\"2023-09-19T16:51:56+00:00\" \/>\n<meta name=\"twitter:card\" content=\"summary_large_image\" \/>\n<meta name=\"twitter:label1\" content=\"Estimation du temps de lecture\" \/>\n\t<meta name=\"twitter:data1\" content=\"3 minutes\" \/>\n<script type=\"application\/ld+json\" class=\"yoast-schema-graph\">{\"@context\":\"https:\\\/\\\/schema.org\",\"@graph\":[{\"@type\":\"WebPage\",\"@id\":\"https:\\\/\\\/restosdix30.com\\\/service-traiteur\\\/lequipe\\\/\",\"url\":\"https:\\\/\\\/restosdix30.com\\\/service-traiteur\\\/lequipe\\\/\",\"name\":\"L'\u00e9quipe - Service traiteur\",\"isPartOf\":{\"@id\":\"https:\\\/\\\/restosdix30.com\\\/service-traiteur\\\/#website\"},\"datePublished\":\"2020-10-14T21:17:08+00:00\",\"dateModified\":\"2023-09-19T16:51:56+00:00\",\"breadcrumb\":{\"@id\":\"https:\\\/\\\/restosdix30.com\\\/service-traiteur\\\/lequipe\\\/#breadcrumb\"},\"inLanguage\":\"fr-CA\",\"potentialAction\":[{\"@type\":\"ReadAction\",\"target\":[\"https:\\\/\\\/restosdix30.com\\\/service-traiteur\\\/lequipe\\\/\"]}]},{\"@type\":\"BreadcrumbList\",\"@id\":\"https:\\\/\\\/restosdix30.com\\\/service-traiteur\\\/lequipe\\\/#breadcrumb\",\"itemListElement\":[{\"@type\":\"ListItem\",\"position\":1,\"name\":\"Accueil\",\"item\":\"https:\\\/\\\/restosdix30.com\\\/service-traiteur\\\/\"},{\"@type\":\"ListItem\",\"position\":2,\"name\":\"L&#8217;\u00e9quipe\"}]},{\"@type\":\"WebSite\",\"@id\":\"https:\\\/\\\/restosdix30.com\\\/service-traiteur\\\/#website\",\"url\":\"https:\\\/\\\/restosdix30.com\\\/service-traiteur\\\/\",\"name\":\"Service traiteur\",\"description\":\"Groupe Restos Dix30\",\"potentialAction\":[{\"@type\":\"SearchAction\",\"target\":{\"@type\":\"EntryPoint\",\"urlTemplate\":\"https:\\\/\\\/restosdix30.com\\\/service-traiteur\\\/?s={search_term_string}\"},\"query-input\":{\"@type\":\"PropertyValueSpecification\",\"valueRequired\":true,\"valueName\":\"search_term_string\"}}],\"inLanguage\":\"fr-CA\"}]}<\/script>\n<!-- \/ Yoast SEO plugin. -->","yoast_head_json":{"title":"L'\u00e9quipe - Service traiteur","robots":{"index":"index","follow":"follow","max-snippet":"max-snippet:-1","max-image-preview":"max-image-preview:large","max-video-preview":"max-video-preview:-1"},"canonical":"https:\/\/restosdix30.com\/service-traiteur\/lequipe\/","og_locale":"fr_CA","og_type":"article","og_title":"L'\u00e9quipe - Service traiteur","og_description":"[vc_row][vc_column el_class=\u00a0\u00bbz-index\u00a0\u00bb css=\u00a0\u00bb.vc_custom_1603219934543{margin-top: -60px !important;}\u00a0\u00bb][\/vc_column][\/vc_row][vc_row full_width=\u00a0\u00bbstretch_row_content_no_spaces\u00a0\u00bb equal_height=\u00a0\u00bbyes\u00a0\u00bb content_placement=\u00a0\u00bbmiddle\u00a0\u00bb disable_element=\u00a0\u00bbyes\u00a0\u00bb el_class=\u00a0\u00bbpullright\u00a0\u00bb][vc_column width=\u00a0\u00bb1\/2&Prime; css=\u00a0\u00bb.vc_custom_1670623357015{background-image: url(https:\/\/restosdix30.com\/service-traiteur\/wp-content\/uploads\/sites\/6\/2020\/10\/Humberto-Moran-Dominguez-chef-traiteur.jpg?id=2061) !important;background-position: center !important;background-repeat: no-repeat !important;background-size: cover !important;}\u00a0\u00bb...","og_url":"https:\/\/restosdix30.com\/service-traiteur\/lequipe\/","og_site_name":"Service traiteur","article_modified_time":"2023-09-19T16:51:56+00:00","twitter_card":"summary_large_image","twitter_misc":{"Estimation du temps de lecture":"3 minutes"},"schema":{"@context":"https:\/\/schema.org","@graph":[{"@type":"WebPage","@id":"https:\/\/restosdix30.com\/service-traiteur\/lequipe\/","url":"https:\/\/restosdix30.com\/service-traiteur\/lequipe\/","name":"L'\u00e9quipe - Service traiteur","isPartOf":{"@id":"https:\/\/restosdix30.com\/service-traiteur\/#website"},"datePublished":"2020-10-14T21:17:08+00:00","dateModified":"2023-09-19T16:51:56+00:00","breadcrumb":{"@id":"https:\/\/restosdix30.com\/service-traiteur\/lequipe\/#breadcrumb"},"inLanguage":"fr-CA","potentialAction":[{"@type":"ReadAction","target":["https:\/\/restosdix30.com\/service-traiteur\/lequipe\/"]}]},{"@type":"BreadcrumbList","@id":"https:\/\/restosdix30.com\/service-traiteur\/lequipe\/#breadcrumb","itemListElement":[{"@type":"ListItem","position":1,"name":"Accueil","item":"https:\/\/restosdix30.com\/service-traiteur\/"},{"@type":"ListItem","position":2,"name":"L&#8217;\u00e9quipe"}]},{"@type":"WebSite","@id":"https:\/\/restosdix30.com\/service-traiteur\/#website","url":"https:\/\/restosdix30.com\/service-traiteur\/","name":"Service traiteur","description":"Groupe Restos Dix30","potentialAction":[{"@type":"SearchAction","target":{"@type":"EntryPoint","urlTemplate":"https:\/\/restosdix30.com\/service-traiteur\/?s={search_term_string}"},"query-input":{"@type":"PropertyValueSpecification","valueRequired":true,"valueName":"search_term_string"}}],"inLanguage":"fr-CA"}]}},"distributor_meta":false,"distributor_terms":false,"distributor_media":false,"distributor_original_site_name":"Service traiteur","distributor_original_site_url":"https:\/\/restosdix30.com\/service-traiteur","push-errors":false,"_links":{"self":[{"href":"https:\/\/restosdix30.com\/service-traiteur\/wp-json\/wp\/v2\/pages\/1498","targetHints":{"allow":["GET"]}}],"collection":[{"href":"https:\/\/restosdix30.com\/service-traiteur\/wp-json\/wp\/v2\/pages"}],"about":[{"href":"https:\/\/restosdix30.com\/service-traiteur\/wp-json\/wp\/v2\/types\/page"}],"author":[{"embeddable":true,"href":"https:\/\/restosdix30.com\/service-traiteur\/wp-json\/wp\/v2\/users\/3"}],"replies":[{"embeddable":true,"href":"https:\/\/restosdix30.com\/service-traiteur\/wp-json\/wp\/v2\/comments?post=1498"}],"version-history":[{"count":29,"href":"https:\/\/restosdix30.com\/service-traiteur\/wp-json\/wp\/v2\/pages\/1498\/revisions"}],"predecessor-version":[{"id":2904,"href":"https:\/\/restosdix30.com\/service-traiteur\/wp-json\/wp\/v2\/pages\/1498\/revisions\/2904"}],"wp:attachment":[{"href":"https:\/\/restosdix30.com\/service-traiteur\/wp-json\/wp\/v2\/media?parent=1498"}],"curies":[{"name":"wp","href":"https:\/\/api.w.org\/{rel}","templated":true}]}}