{"id":1767,"date":"2020-10-15T15:19:24","date_gmt":"2020-10-15T15:19:24","guid":{"rendered":"http:\/\/restosdix30.com\/?page_id=1639"},"modified":"2022-04-27T19:34:20","modified_gmt":"2022-04-27T19:34:20","slug":"conditions-dutilisation","status":"publish","type":"page","link":"https:\/\/restosdix30.com\/service-traiteur\/conditions-dutilisation\/","title":{"rendered":"Conditions d&rsquo;utilisation"},"content":{"rendered":"<div class=\"wpb-content-wrapper\"><p>[vc_row css=\u00a0\u00bb.vc_custom_1603248379171{padding-top: 56px !important;}\u00a0\u00bb][vc_column width=\u00a0\u00bb1\/2&Prime; css=\u00a0\u00bb.vc_custom_1603333779372{padding-top: 45px !important;padding-bottom: 45px !important;}\u00a0\u00bb][vc_column_text]<\/p>\n<p style=\"text-align: center;\">Vous trouverez ci-dessous nos conditions d&rsquo;utilisation pour nos Cartes Cadeau et nos Cartes Fid\u00e9lit\u00e9.<\/p>\n<p style=\"text-align: center;\">N&rsquo;h\u00e9sitez pas \u00e0 <a href=\"http:\/\/restosdix30.com\/laurochs\/contact\/\">nous contacter<\/a> pour tous renseignements compl\u00e9mentaires.<\/p>\n<p>[\/vc_column_text][\/vc_column][vc_column width=\u00a0\u00bb1\/2&Prime; css=\u00a0\u00bb.vc_custom_1603248342169{padding-top: 25px !important;padding-bottom: 25px !important;background-color: #6d4d4f !important;}\u00a0\u00bb][vc_column_text]<\/p>\n<div class=\"styled-subtitle\" style=\"text-align: center;\"><span style=\"color: #ffffff;\">Vous avez une carte cadeau ou une carte de fid\u00e9lit\u00e9? <\/span><\/div>\n<div class=\"styled-subtitle\" style=\"text-align: center;\"><span style=\"color: #ffffff;\">Consultez le solde de votre carte ci-dessous.<\/span><\/div>\n<p>[\/vc_column_text]<style type=\"text\/css\">.thegem-button-69e17f0998d567921 .gem-button svg {fill: #ffffff;}.thegem-button-69e17f0998d567921 .gem-button:hover svg {fill: #ffffff;}<\/style><div class=\"gem-button-container gem-button-position-center thegem-button-69e17f0998d567921    \"  ><a class=\"gem-button gem-button-size-medium gem-button-style-flat gem-button-text-weight-normal\" data-ll-effect=\"drop-right-without-wrap\" style=\"border-radius: 3px;background-color: #9c3328;color: #ffffff;\" onmouseleave=\"this.style.backgroundColor='#9c3328';this.style.color='#ffffff';\" onmouseenter=\"this.style.backgroundColor='#47292b';this.style.color='#ffffff';\" href=\"#\" target=\"_self\" role=\"button\">Voir mon solde<\/a><\/div> [\/vc_column][\/vc_row][vc_row][vc_column css=\u00a0\u00bb.vc_custom_1603333796585{border-top-width: 45px !important;padding-bottom: 45px !important;}\u00a0\u00bb][vc_tta_accordion style=\u00a0\u00bbsimple_solid\u00a0\u00bb shape=\u00a0\u00bbsquare\u00a0\u00bb gap=\u00a0\u00bb5&Prime; c_align=\u00a0\u00bbcenter\u00a0\u00bb active_section=\u00a0\u00bb1&Prime; no_fill=\u00a0\u00bbtrue\u00a0\u00bb collapsible_all=\u00a0\u00bbtrue\u00a0\u00bb][vc_tta_section title=\u00a0\u00bbCartes Cadeau\u00a0\u00bb tab_id=\u00a0\u00bb1602775100053-5f77eb89-f7e6&Prime;][vc_column_text]<\/p>\n<h3>Conditions d&rsquo;utilisation<\/h3>\n<p>*Les modalit\u00e9s relatives \u00e0 l&rsquo;utilisation de la carte-cadeau peuvent \u00eatre chang\u00e9es en tout temps et sans pr\u00e9avis.<\/p>\n<ul>\n<li>Disponible en valeur minimale de $10.00.<\/li>\n<li>Accept\u00e9e exclusivement dans les restaurants de Restos Quartier Dix30 Inc. soit L\u2019Aurochs, La Tomate Blanche, le vestibule sign\u00e9 L&rsquo;Aurochs et le Caf\u00e9 du Th\u00e9\u00e2tre. Elles ne sont donc pas accept\u00e9es \u00e0 notre Service Traiteur Corporatif ni au comptoir pr\u00eat-\u00e0-manger<\/li>\n<\/ul>\n<ul>\n<li>Ne peuvent \u00eatre monnay\u00e9es, rembours\u00e9es ou \u00e9chang\u00e9es contre de l\u2019argent comptant.<\/li>\n<li>Ne peuvent \u00eatre remplac\u00e9es en cas de perte, de vol ou expir\u00e9es.<\/li>\n<li>Les transactions effectu\u00e9es avec des cartes-cadeaux ne peuvent \u00eatre rembours\u00e9es ni restitu\u00e9es.<\/li>\n<li>Les coupons du PASSPORT GOURMAND (offert en cadeau lors de la Campagne Pleins Les Poches) ne sont pas jumelable \u00e0 aucunes autres promotions en restaurant, INCLUANT JANVIER GOURMAND. \u00a0Vous ne pouvez jumeler 2 coupons sur une m\u00eame facture. 1 coupon par visite seulement.<\/li>\n<\/ul>\n<p>Nous acceptons les m\u00e9thodes de paiement suivantes\u00a0: Visa, Mastercard<\/p>\n<p>Les fluctuations du taux de change et les commissions pr\u00e9lev\u00e9es par les banques peuvent avoir un impact sur la somme finale qui est factur\u00e9e sur votre compte.<\/p>\n<h3>Politique de confidentialit\u00e9<\/h3>\n<p><strong>Notre politique de confidentialit\u00e9 changera avec le temps<\/strong><\/p>\n<p>Parce que nous continuons de d\u00e9velopper notre site web et de tirer parti des technologies pour am\u00e9liorer les services que nous offrons, nos politiques vont \u00e9voluer au fil du temps. Nous vous encourageons \u00e0 les consulter de temps \u00e0 autre pour demeurer \u00e0 l\u2019affut des changements. De plus, votre acc\u00e8s et utilisation\u00a0 de notre site web constitue votre acceptation de toutes modifications et r\u00e9visions concernant nos politiques de confidentialit\u00e9.<\/p>\n<p><strong>Le type d\u2019informations que nous recueillons sur vous<\/strong><\/p>\n<p>Restos QUARTIER DIX30 recueille seulement l\u2019information que vous lui fournissez ou que votre utilisation du site lui apprend. Nous emmagasinons les informations que vous entrez sur notre site.<\/p>\n<p><strong>Comment Restos QUARTIER DIX30 utilise vos informations?<\/strong><\/p>\n<p>Nous utilisons les informations que vous nous fournissez pour vous permettre une meilleure exp\u00e9rience d\u2019achat. Nous ne vendons pas vos renseignements personnels \u00e0 un tiers.<\/p>\n<p><strong>Utilisation du site web<\/strong><\/p>\n<p>Restos QUARTIER DIX30 et ses fournisseurs de services autoris\u00e9s peuvent observer les activit\u00e9s, les pr\u00e9f\u00e9rences et les informations transactionnelles relatives \u00e0 votre utilisation de notre site.\u00a0 Nous pouvons utiliser ces informations afin de vous fournir un meilleur service en toute s\u00e9curit\u00e9.\u00a0 Restos QUARTIER DIX30 et ses fournisseurs autoris\u00e9s peuvent utiliser cette information afin de suivre l\u2019ensemble de l\u2019utilisation du site pour des fins d\u2019analyse interne.<\/p>\n<p><strong>Les transactions en ligne<\/strong><\/p>\n<p>Nous recueillons des informations sur vous lorsque vous magasinez sur notre site web. Lorsque vous effectuez un achat vous devrez nous fournir certains renseignements, y compris votre nom, adresse, num\u00e9ro de t\u00e9l\u00e9phone et courriel pour compl\u00e9ter la transaction.<\/p>\n<p><strong>Nos pratiques de s\u00e9curit\u00e9<\/strong><\/p>\n<p>Nous maintenons des protections physiques, \u00e9lectroniques et proc\u00e9durales afin de prot\u00e9ger les informations personnelles de nos utilisateurs. Par exemple, pour la s\u00e9curit\u00e9 de votre visite en ligne sur notre site, nous utilisons pare-feu, des techniques de chiffrement et\/ou des proc\u00e9dures d\u2019authentification. Malheureusement, aucune transmission de donn\u00e9es sur l\u2019internet ne peut \u00eatre garantie comma \u00e9tant totalement s\u00fbre. En cons\u00e9quence, m\u00eame si nous nous effor\u00e7ons de prot\u00e9ger vos informations personnelles, Restos QUARTIER DIX30 \u00a0ne peut pas assurer ou garantir la s\u00e9curit\u00e9 absolue de toute l\u2019information que vous nous transmettez, ce en quoi vous le faites \u00e0 vos risques et p\u00e9rils. Dans le cas d\u2019une violation de la confidentialit\u00e9 ou la s\u00e9curit\u00e9 de vos informations personnelles, nous vous en informerons autant que possible afin que vous puissiez prendre les mesures appropri\u00e9es de protection. Et ce en utilisant le courriel que vous nous fournissez lors de votre inscription avec notre site.<\/p>\n<p><strong>Notre site n\u2019est PAS pour l\u2019usage des enfants<\/strong><\/p>\n<p>Les enfants ne sont pas admissibles \u00e0 l\u2019utilisation de notre site. Nous demandons que les personnes mineures (\u00e2g\u00e9es de moins de 18 ans) utilisent notre site conjointement avec un parent ou un tuteur l\u00e9gal.\u00a0 Nous nous d\u00e9gageons de toutes utilisations de notre site par un mineur.<\/p>\n<p><strong>Que devrais-je savoir d\u2019autre \u00e0 propos de la confidentialit\u00e9?<\/strong><\/p>\n<p>Il est de votre responsabilit\u00e9 de maintenir la confidentialit\u00e9 de votre mot de passe et\/ou de toutes informations en liens avec votre compte. Vous \u00eates responsable de prot\u00e9ger vos renseignements personnels chaque fois que vous \u00eates en ligne.<\/p>\n<h3>Exp\u00e9dition et livraison<\/h3>\n<p>Les cartes-cadeau sont exp\u00e9di\u00e9es du lundi au vendredi. La plupart des commandes sont exp\u00e9di\u00e9es \u00e0 l&rsquo;int\u00e9rieur de 2 jours ouvrables suivant la date de commande. Les commandes plac\u00e9es durant la fin de semaine ou durant les jours f\u00e9ri\u00e9s seront trait\u00e9es le jour ouvrable suivant. Si nous sommes incapables de traiter votre commande en raison d\u2019informations inexactes ou d\u2019informations de paiement incompl\u00e8tes, le traitement de votre commande peut \u00eatre retard\u00e9 jusqu\u2019\u00e0 2 jours ouvrables.<\/p>\n<h3>Cartes Virtuelles<\/h3>\n<p>Les cartes-cadeau vistuelles seront activi\u00e9 dans un d\u00e9lais de 24h (jours ouvrables) suivant votre achat. Veuillez noter que notre si\u00e8ge social est ouvert du Lundi au Vendredi de 9 am &#8211; 16h<\/p>\n<p><strong>Destinations et couts de livraisons<\/strong><\/p>\n<p>Restos QUARTIER DIX30 exp\u00e9die dans toutes les provinces canadiennes.[\/vc_column_text][\/vc_tta_section][vc_tta_section title=\u00a0\u00bbCarte Fid\u00e9lit\u00e9\u00a0\u00bb tab_id=\u00a0\u00bb1602775100091-ca5d9f0c-2a44&Prime;][vc_column_text]<\/p>\n<h3>Conditions d&rsquo;utilisation<\/h3>\n<p>Pour tous les achats de nourriture (avant taxes applicables, pourboires &amp; apr\u00e8s escomptes) faits dans nos 4 restaurants vous obtenez 10% de la valeur en dollars Distinction. <strong>Afin d\u2019utiliser les dollars Distinction vous devez activer votre carte sur le site internet.<\/strong><\/p>\n<p>Les dollars Distinction sont \u00e9changeables dans les restaurants L\u2019Aurochs, La Tomate Blanche, Le Vestibule &amp; Le Caf\u00e9 Du Th\u00e9\u00e2tre comme moyen de paiement pour tous les items au menu \u00e0 l\u2019exception du pourboire et des taxes applicables.\u00a0\u00a0La carte fid\u00e9lit\u00e9 n\u2019est pas admissible \u00e0 notre Service Traiteur Corporatif ni au comptoir pr\u00eat-\u00e0-manger ou en formule take out<\/p>\n<ul>\n<li>Les dollars Distinction \u00e9chang\u00e9s ne peuvent \u00eatre \u00e9chang\u00e9s contre de l\u2019argent comptant.<\/li>\n<li>Les dollars Distinction ne peuvent \u00eatre restitu\u00e9s en aucun cas y inclus les dollars \u00e9chang\u00e9s sans la permission du titulaire de la carte le cas \u00e9ch\u00e9ant.<\/li>\n<li><strong>La carte Distinction doit \u00eatre pr\u00e9sent\u00e9e lors du paiement de l\u2019addition afin d\u2019accumuler les dollars Distinction. Les dollars Distinction ne peuvent \u00eatre \u00e9mis une fois le paiement compl\u00e9t\u00e9.<\/strong><\/li>\n<li>Les dollars distinctions ne peuvent pas \u00eatre utiliser lors de la promotion Janvier Gourmand.<\/li>\n<li>Les dollars distinctions ne peuvent pas \u00eatre utiliser avec aucunes promotions (rabais, escomptes, carte cadeaux promotionnelles..)<\/li>\n<li>Vous pouvez \u00e9changer un maximum de 50$ par jour \u00e0 L\u2019Aurochs, La Tomate Blanche et Le Vestibule et 20$ par jour au Caf\u00e9 Du Th\u00e9\u00e2tre<\/li>\n<\/ul>\n<p>Les transactions effectu\u00e9es avec une carte Distinction ne peuvent \u00eatre rembours\u00e9es ni restitu\u00e9es.<\/p>\n<p>Dans le cas ou un d\u00e9tenteur enfreint les conditions et modalit\u00e9s et tente de quelque fa\u00e7on que ce soit de frauder ou d\u2019abuser des privil\u00e8ges conf\u00e9r\u00e9s, la carte et les dollars Distinction accumul\u00e9s \u00e0 son compte pourront \u00eatre annul\u00e9s.[\/vc_column_text][\/vc_tta_section][\/vc_tta_accordion][\/vc_column][\/vc_row]<\/p>\n<\/div>","protected":false},"excerpt":{"rendered":"<p>[vc_row css=\u00a0\u00bb.vc_custom_1603248379171{padding-top: 56px !important;}\u00a0\u00bb][vc_column width=\u00a0\u00bb1\/2&Prime; css=\u00a0\u00bb.vc_custom_1603333779372{padding-top: 45px !important;padding-bottom: 45px !important;}\u00a0\u00bb][vc_column_text] Vous trouverez ci-dessous nos conditions d&rsquo;utilisation pour nos Cartes Cadeau&#8230;<\/p>\n","protected":false},"author":3,"featured_media":0,"parent":0,"menu_order":13,"comment_status":"closed","ping_status":"closed","template":"","meta":{"footnotes":""},"class_list":["post-1767","page","type-page","status-publish"],"yoast_head":"<!-- This site is optimized with the Yoast SEO plugin v27.4 - https:\/\/yoast.com\/product\/yoast-seo-wordpress\/ -->\n<title>Conditions d&#039;utilisation - Service traiteur<\/title>\n<meta name=\"robots\" content=\"index, follow, max-snippet:-1, max-image-preview:large, max-video-preview:-1\" \/>\n<link rel=\"canonical\" href=\"https:\/\/restosdix30.com\/service-traiteur\/conditions-dutilisation\/\" \/>\n<meta property=\"og:locale\" content=\"fr_CA\" \/>\n<meta property=\"og:type\" content=\"article\" \/>\n<meta property=\"og:title\" content=\"Conditions d&#039;utilisation - Service traiteur\" \/>\n<meta property=\"og:description\" content=\"[vc_row css=\u00a0\u00bb.vc_custom_1603248379171{padding-top: 56px !important;}\u00a0\u00bb][vc_column width=\u00a0\u00bb1\/2&Prime; css=\u00a0\u00bb.vc_custom_1603333779372{padding-top: 45px !important;padding-bottom: 45px !important;}\u00a0\u00bb][vc_column_text] Vous trouverez ci-dessous nos conditions d&rsquo;utilisation pour nos Cartes Cadeau...\" \/>\n<meta property=\"og:url\" content=\"https:\/\/restosdix30.com\/service-traiteur\/conditions-dutilisation\/\" \/>\n<meta property=\"og:site_name\" content=\"Service traiteur\" \/>\n<meta property=\"article:modified_time\" content=\"2022-04-27T19:34:20+00:00\" \/>\n<meta name=\"twitter:card\" content=\"summary_large_image\" \/>\n<meta name=\"twitter:label1\" content=\"Estimation du temps de lecture\" \/>\n\t<meta name=\"twitter:data1\" content=\"7 minutes\" \/>\n<script type=\"application\/ld+json\" class=\"yoast-schema-graph\">{\"@context\":\"https:\\\/\\\/schema.org\",\"@graph\":[{\"@type\":\"WebPage\",\"@id\":\"https:\\\/\\\/restosdix30.com\\\/service-traiteur\\\/conditions-dutilisation\\\/\",\"url\":\"https:\\\/\\\/restosdix30.com\\\/service-traiteur\\\/conditions-dutilisation\\\/\",\"name\":\"Conditions d'utilisation - Service traiteur\",\"isPartOf\":{\"@id\":\"https:\\\/\\\/restosdix30.com\\\/service-traiteur\\\/#website\"},\"datePublished\":\"2020-10-15T15:19:24+00:00\",\"dateModified\":\"2022-04-27T19:34:20+00:00\",\"breadcrumb\":{\"@id\":\"https:\\\/\\\/restosdix30.com\\\/service-traiteur\\\/conditions-dutilisation\\\/#breadcrumb\"},\"inLanguage\":\"fr-CA\",\"potentialAction\":[{\"@type\":\"ReadAction\",\"target\":[\"https:\\\/\\\/restosdix30.com\\\/service-traiteur\\\/conditions-dutilisation\\\/\"]}]},{\"@type\":\"BreadcrumbList\",\"@id\":\"https:\\\/\\\/restosdix30.com\\\/service-traiteur\\\/conditions-dutilisation\\\/#breadcrumb\",\"itemListElement\":[{\"@type\":\"ListItem\",\"position\":1,\"name\":\"Accueil\",\"item\":\"https:\\\/\\\/restosdix30.com\\\/service-traiteur\\\/\"},{\"@type\":\"ListItem\",\"position\":2,\"name\":\"Conditions d&#8217;utilisation\"}]},{\"@type\":\"WebSite\",\"@id\":\"https:\\\/\\\/restosdix30.com\\\/service-traiteur\\\/#website\",\"url\":\"https:\\\/\\\/restosdix30.com\\\/service-traiteur\\\/\",\"name\":\"Service traiteur\",\"description\":\"Groupe Restos Dix30\",\"potentialAction\":[{\"@type\":\"SearchAction\",\"target\":{\"@type\":\"EntryPoint\",\"urlTemplate\":\"https:\\\/\\\/restosdix30.com\\\/service-traiteur\\\/?s={search_term_string}\"},\"query-input\":{\"@type\":\"PropertyValueSpecification\",\"valueRequired\":true,\"valueName\":\"search_term_string\"}}],\"inLanguage\":\"fr-CA\"}]}<\/script>\n<!-- \/ Yoast SEO plugin. -->","yoast_head_json":{"title":"Conditions d'utilisation - Service traiteur","robots":{"index":"index","follow":"follow","max-snippet":"max-snippet:-1","max-image-preview":"max-image-preview:large","max-video-preview":"max-video-preview:-1"},"canonical":"https:\/\/restosdix30.com\/service-traiteur\/conditions-dutilisation\/","og_locale":"fr_CA","og_type":"article","og_title":"Conditions d'utilisation - Service traiteur","og_description":"[vc_row css=\u00a0\u00bb.vc_custom_1603248379171{padding-top: 56px !important;}\u00a0\u00bb][vc_column width=\u00a0\u00bb1\/2&Prime; css=\u00a0\u00bb.vc_custom_1603333779372{padding-top: 45px !important;padding-bottom: 45px !important;}\u00a0\u00bb][vc_column_text] Vous trouverez ci-dessous nos conditions d&rsquo;utilisation pour nos Cartes Cadeau...","og_url":"https:\/\/restosdix30.com\/service-traiteur\/conditions-dutilisation\/","og_site_name":"Service traiteur","article_modified_time":"2022-04-27T19:34:20+00:00","twitter_card":"summary_large_image","twitter_misc":{"Estimation du temps de lecture":"7 minutes"},"schema":{"@context":"https:\/\/schema.org","@graph":[{"@type":"WebPage","@id":"https:\/\/restosdix30.com\/service-traiteur\/conditions-dutilisation\/","url":"https:\/\/restosdix30.com\/service-traiteur\/conditions-dutilisation\/","name":"Conditions d'utilisation - Service traiteur","isPartOf":{"@id":"https:\/\/restosdix30.com\/service-traiteur\/#website"},"datePublished":"2020-10-15T15:19:24+00:00","dateModified":"2022-04-27T19:34:20+00:00","breadcrumb":{"@id":"https:\/\/restosdix30.com\/service-traiteur\/conditions-dutilisation\/#breadcrumb"},"inLanguage":"fr-CA","potentialAction":[{"@type":"ReadAction","target":["https:\/\/restosdix30.com\/service-traiteur\/conditions-dutilisation\/"]}]},{"@type":"BreadcrumbList","@id":"https:\/\/restosdix30.com\/service-traiteur\/conditions-dutilisation\/#breadcrumb","itemListElement":[{"@type":"ListItem","position":1,"name":"Accueil","item":"https:\/\/restosdix30.com\/service-traiteur\/"},{"@type":"ListItem","position":2,"name":"Conditions d&#8217;utilisation"}]},{"@type":"WebSite","@id":"https:\/\/restosdix30.com\/service-traiteur\/#website","url":"https:\/\/restosdix30.com\/service-traiteur\/","name":"Service traiteur","description":"Groupe Restos Dix30","potentialAction":[{"@type":"SearchAction","target":{"@type":"EntryPoint","urlTemplate":"https:\/\/restosdix30.com\/service-traiteur\/?s={search_term_string}"},"query-input":{"@type":"PropertyValueSpecification","valueRequired":true,"valueName":"search_term_string"}}],"inLanguage":"fr-CA"}]}},"distributor_meta":false,"distributor_terms":false,"distributor_media":false,"distributor_original_site_name":"Service traiteur","distributor_original_site_url":"https:\/\/restosdix30.com\/service-traiteur","push-errors":false,"_links":{"self":[{"href":"https:\/\/restosdix30.com\/service-traiteur\/wp-json\/wp\/v2\/pages\/1767","targetHints":{"allow":["GET"]}}],"collection":[{"href":"https:\/\/restosdix30.com\/service-traiteur\/wp-json\/wp\/v2\/pages"}],"about":[{"href":"https:\/\/restosdix30.com\/service-traiteur\/wp-json\/wp\/v2\/types\/page"}],"author":[{"embeddable":true,"href":"https:\/\/restosdix30.com\/service-traiteur\/wp-json\/wp\/v2\/users\/3"}],"replies":[{"embeddable":true,"href":"https:\/\/restosdix30.com\/service-traiteur\/wp-json\/wp\/v2\/comments?post=1767"}],"version-history":[{"count":2,"href":"https:\/\/restosdix30.com\/service-traiteur\/wp-json\/wp\/v2\/pages\/1767\/revisions"}],"predecessor-version":[{"id":2601,"href":"https:\/\/restosdix30.com\/service-traiteur\/wp-json\/wp\/v2\/pages\/1767\/revisions\/2601"}],"wp:attachment":[{"href":"https:\/\/restosdix30.com\/service-traiteur\/wp-json\/wp\/v2\/media?parent=1767"}],"curies":[{"name":"wp","href":"https:\/\/api.w.org\/{rel}","templated":true}]}}