{"id":2667,"date":"2022-10-12T14:37:04","date_gmt":"2022-10-12T14:37:04","guid":{"rendered":"https:\/\/restosdix30.com\/service-traiteur\/?post_type=product&#038;p=2667"},"modified":"2025-08-29T18:43:38","modified_gmt":"2025-08-29T18:43:38","slug":"kaiser","status":"publish","type":"product","link":"https:\/\/restosdix30.com\/service-traiteur\/produit\/kaiser\/","title":{"rendered":"BO\u00ceTE \u00c0 LUNCH &#8211; KAISER POULET BLT"},"content":{"rendered":"","protected":false},"excerpt":{"rendered":"<p><b><span lang=\"FR-CA\">Ingr\u00e9dients : <\/span><\/b>Poulet grill\u00e9, bacon de dinde, laitue, tomates, mayonnaise chipotle<\/p>\n<p><span lang=\"FR-CA\">&#8211;<\/span><span lang=\"FR-CA\">\u00a0<\/span>Inclus sandwich, salade compos\u00e9e du moment, crudit\u00e9s, trempette et dessert du chef.<\/p>\n<p><em>Conseils pour votre commande: merci de commander au minimum 4h avant l&rsquo;heure de cueillette souhait\u00e9e. N&rsquo;oubliez pas de rajouter des ustensiles(0.50$) \u00e0 votre commande<\/em><\/p>\n","protected":false},"featured_media":7891,"template":"","meta":[],"product_brand":[],"product_cat":[25],"product_tag":[],"class_list":{"0":"post-2667","1":"product","2":"type-product","3":"status-publish","4":"has-post-thumbnail","6":"product_cat-lunch-souper","8":"first","9":"instock","10":"taxable","11":"shipping-taxable","12":"purchasable","13":"product-type-simple"},"yoast_head":"<!-- This site is optimized with the Yoast SEO plugin v27.4 - https:\/\/yoast.com\/product\/yoast-seo-wordpress\/ -->\n<title>BO\u00ceTE \u00c0 LUNCH - KAISER POULET BLT - Service traiteur<\/title>\n<meta name=\"robots\" content=\"index, follow, max-snippet:-1, max-image-preview:large, max-video-preview:-1\" \/>\n<link rel=\"canonical\" href=\"https:\/\/restosdix30.com\/service-traiteur\/produit\/kaiser\/\" \/>\n<meta property=\"og:locale\" content=\"fr_CA\" \/>\n<meta property=\"og:type\" content=\"article\" \/>\n<meta property=\"og:title\" content=\"BO\u00ceTE \u00c0 LUNCH - KAISER POULET BLT - Service traiteur\" \/>\n<meta property=\"og:description\" content=\"Ingr\u00e9dients : Poulet grill\u00e9, bacon de dinde, laitue, tomates, mayonnaise chipotle  -\u00a0Inclus sandwich, salade compos\u00e9e du moment, crudit\u00e9s, trempette et dessert du chef.  Conseils pour votre commande: merci de commander au minimum 4h avant l&#039;heure de cueillette souhait\u00e9e. N&#039;oubliez pas de rajouter des ustensiles(0.50$) \u00e0 votre commande\" \/>\n<meta property=\"og:url\" content=\"https:\/\/restosdix30.com\/service-traiteur\/produit\/kaiser\/\" \/>\n<meta property=\"og:site_name\" content=\"Service traiteur\" \/>\n<meta property=\"article:modified_time\" content=\"2025-08-29T18:43:38+00:00\" \/>\n<meta property=\"og:image\" content=\"https:\/\/restosdix30.com\/service-traiteur\/wp-content\/uploads\/sites\/6\/2025\/08\/Traiteur_dix30-016.jpg\" \/>\n\t<meta property=\"og:image:width\" content=\"6336\" \/>\n\t<meta property=\"og:image:height\" content=\"6336\" \/>\n\t<meta property=\"og:image:type\" content=\"image\/jpeg\" \/>\n<meta name=\"twitter:card\" content=\"summary_large_image\" \/>\n<meta name=\"twitter:label1\" content=\"Estimation du temps de lecture\" \/>\n\t<meta name=\"twitter:data1\" content=\"1 minute\" \/>\n<script type=\"application\/ld+json\" class=\"yoast-schema-graph\">{\"@context\":\"https:\\\/\\\/schema.org\",\"@graph\":[{\"@type\":\"WebPage\",\"@id\":\"https:\\\/\\\/restosdix30.com\\\/service-traiteur\\\/produit\\\/kaiser\\\/\",\"url\":\"https:\\\/\\\/restosdix30.com\\\/service-traiteur\\\/produit\\\/kaiser\\\/\",\"name\":\"BO\u00ceTE \u00c0 LUNCH - KAISER POULET BLT - Service traiteur\",\"isPartOf\":{\"@id\":\"https:\\\/\\\/restosdix30.com\\\/service-traiteur\\\/#website\"},\"primaryImageOfPage\":{\"@id\":\"https:\\\/\\\/restosdix30.com\\\/service-traiteur\\\/produit\\\/kaiser\\\/#primaryimage\"},\"image\":{\"@id\":\"https:\\\/\\\/restosdix30.com\\\/service-traiteur\\\/produit\\\/kaiser\\\/#primaryimage\"},\"thumbnailUrl\":\"https:\\\/\\\/restosdix30.com\\\/service-traiteur\\\/wp-content\\\/uploads\\\/sites\\\/6\\\/2025\\\/08\\\/Traiteur_dix30-016.jpg\",\"datePublished\":\"2022-10-12T14:37:04+00:00\",\"dateModified\":\"2025-08-29T18:43:38+00:00\",\"breadcrumb\":{\"@id\":\"https:\\\/\\\/restosdix30.com\\\/service-traiteur\\\/produit\\\/kaiser\\\/#breadcrumb\"},\"inLanguage\":\"fr-CA\",\"potentialAction\":[{\"@type\":\"ReadAction\",\"target\":[\"https:\\\/\\\/restosdix30.com\\\/service-traiteur\\\/produit\\\/kaiser\\\/\"]}]},{\"@type\":\"ImageObject\",\"inLanguage\":\"fr-CA\",\"@id\":\"https:\\\/\\\/restosdix30.com\\\/service-traiteur\\\/produit\\\/kaiser\\\/#primaryimage\",\"url\":\"https:\\\/\\\/restosdix30.com\\\/service-traiteur\\\/wp-content\\\/uploads\\\/sites\\\/6\\\/2025\\\/08\\\/Traiteur_dix30-016.jpg\",\"contentUrl\":\"https:\\\/\\\/restosdix30.com\\\/service-traiteur\\\/wp-content\\\/uploads\\\/sites\\\/6\\\/2025\\\/08\\\/Traiteur_dix30-016.jpg\",\"width\":6336,\"height\":6336},{\"@type\":\"BreadcrumbList\",\"@id\":\"https:\\\/\\\/restosdix30.com\\\/service-traiteur\\\/produit\\\/kaiser\\\/#breadcrumb\",\"itemListElement\":[{\"@type\":\"ListItem\",\"position\":1,\"name\":\"Accueil\",\"item\":\"https:\\\/\\\/restosdix30.com\\\/service-traiteur\\\/\"},{\"@type\":\"ListItem\",\"position\":2,\"name\":\"Boutique\",\"item\":\"https:\\\/\\\/restosdix30.com\\\/service-traiteur\\\/boutique\\\/\"},{\"@type\":\"ListItem\",\"position\":3,\"name\":\"BO\u00ceTE \u00c0 LUNCH &#8211; KAISER POULET BLT\"}]},{\"@type\":\"WebSite\",\"@id\":\"https:\\\/\\\/restosdix30.com\\\/service-traiteur\\\/#website\",\"url\":\"https:\\\/\\\/restosdix30.com\\\/service-traiteur\\\/\",\"name\":\"Service traiteur\",\"description\":\"Groupe Restos Dix30\",\"potentialAction\":[{\"@type\":\"SearchAction\",\"target\":{\"@type\":\"EntryPoint\",\"urlTemplate\":\"https:\\\/\\\/restosdix30.com\\\/service-traiteur\\\/?s={search_term_string}\"},\"query-input\":{\"@type\":\"PropertyValueSpecification\",\"valueRequired\":true,\"valueName\":\"search_term_string\"}}],\"inLanguage\":\"fr-CA\"}]}<\/script>\n<!-- \/ Yoast SEO plugin. -->","yoast_head_json":{"title":"BO\u00ceTE \u00c0 LUNCH - KAISER POULET BLT - Service traiteur","robots":{"index":"index","follow":"follow","max-snippet":"max-snippet:-1","max-image-preview":"max-image-preview:large","max-video-preview":"max-video-preview:-1"},"canonical":"https:\/\/restosdix30.com\/service-traiteur\/produit\/kaiser\/","og_locale":"fr_CA","og_type":"article","og_title":"BO\u00ceTE \u00c0 LUNCH - KAISER POULET BLT - Service traiteur","og_description":"Ingr\u00e9dients : Poulet grill\u00e9, bacon de dinde, laitue, tomates, mayonnaise chipotle  -\u00a0Inclus sandwich, salade compos\u00e9e du moment, crudit\u00e9s, trempette et dessert du chef.  Conseils pour votre commande: merci de commander au minimum 4h avant l'heure de cueillette souhait\u00e9e. N'oubliez pas de rajouter des ustensiles(0.50$) \u00e0 votre commande","og_url":"https:\/\/restosdix30.com\/service-traiteur\/produit\/kaiser\/","og_site_name":"Service traiteur","article_modified_time":"2025-08-29T18:43:38+00:00","og_image":[{"width":6336,"height":6336,"url":"https:\/\/restosdix30.com\/service-traiteur\/wp-content\/uploads\/sites\/6\/2025\/08\/Traiteur_dix30-016.jpg","type":"image\/jpeg"}],"twitter_card":"summary_large_image","twitter_misc":{"Estimation du temps de lecture":"1 minute"},"schema":{"@context":"https:\/\/schema.org","@graph":[{"@type":"WebPage","@id":"https:\/\/restosdix30.com\/service-traiteur\/produit\/kaiser\/","url":"https:\/\/restosdix30.com\/service-traiteur\/produit\/kaiser\/","name":"BO\u00ceTE \u00c0 LUNCH - KAISER POULET BLT - Service traiteur","isPartOf":{"@id":"https:\/\/restosdix30.com\/service-traiteur\/#website"},"primaryImageOfPage":{"@id":"https:\/\/restosdix30.com\/service-traiteur\/produit\/kaiser\/#primaryimage"},"image":{"@id":"https:\/\/restosdix30.com\/service-traiteur\/produit\/kaiser\/#primaryimage"},"thumbnailUrl":"https:\/\/restosdix30.com\/service-traiteur\/wp-content\/uploads\/sites\/6\/2025\/08\/Traiteur_dix30-016.jpg","datePublished":"2022-10-12T14:37:04+00:00","dateModified":"2025-08-29T18:43:38+00:00","breadcrumb":{"@id":"https:\/\/restosdix30.com\/service-traiteur\/produit\/kaiser\/#breadcrumb"},"inLanguage":"fr-CA","potentialAction":[{"@type":"ReadAction","target":["https:\/\/restosdix30.com\/service-traiteur\/produit\/kaiser\/"]}]},{"@type":"ImageObject","inLanguage":"fr-CA","@id":"https:\/\/restosdix30.com\/service-traiteur\/produit\/kaiser\/#primaryimage","url":"https:\/\/restosdix30.com\/service-traiteur\/wp-content\/uploads\/sites\/6\/2025\/08\/Traiteur_dix30-016.jpg","contentUrl":"https:\/\/restosdix30.com\/service-traiteur\/wp-content\/uploads\/sites\/6\/2025\/08\/Traiteur_dix30-016.jpg","width":6336,"height":6336},{"@type":"BreadcrumbList","@id":"https:\/\/restosdix30.com\/service-traiteur\/produit\/kaiser\/#breadcrumb","itemListElement":[{"@type":"ListItem","position":1,"name":"Accueil","item":"https:\/\/restosdix30.com\/service-traiteur\/"},{"@type":"ListItem","position":2,"name":"Boutique","item":"https:\/\/restosdix30.com\/service-traiteur\/boutique\/"},{"@type":"ListItem","position":3,"name":"BO\u00ceTE \u00c0 LUNCH &#8211; KAISER POULET BLT"}]},{"@type":"WebSite","@id":"https:\/\/restosdix30.com\/service-traiteur\/#website","url":"https:\/\/restosdix30.com\/service-traiteur\/","name":"Service traiteur","description":"Groupe Restos Dix30","potentialAction":[{"@type":"SearchAction","target":{"@type":"EntryPoint","urlTemplate":"https:\/\/restosdix30.com\/service-traiteur\/?s={search_term_string}"},"query-input":{"@type":"PropertyValueSpecification","valueRequired":true,"valueName":"search_term_string"}}],"inLanguage":"fr-CA"}]}},"distributor_meta":false,"distributor_terms":false,"distributor_media":false,"distributor_original_site_name":"Service traiteur","distributor_original_site_url":"https:\/\/restosdix30.com\/service-traiteur","push-errors":false,"_links":{"self":[{"href":"https:\/\/restosdix30.com\/service-traiteur\/wp-json\/wp\/v2\/product\/2667","targetHints":{"allow":["GET"]}}],"collection":[{"href":"https:\/\/restosdix30.com\/service-traiteur\/wp-json\/wp\/v2\/product"}],"about":[{"href":"https:\/\/restosdix30.com\/service-traiteur\/wp-json\/wp\/v2\/types\/product"}],"wp:featuredmedia":[{"embeddable":true,"href":"https:\/\/restosdix30.com\/service-traiteur\/wp-json\/wp\/v2\/media\/7891"}],"wp:attachment":[{"href":"https:\/\/restosdix30.com\/service-traiteur\/wp-json\/wp\/v2\/media?parent=2667"}],"wp:term":[{"taxonomy":"product_brand","embeddable":true,"href":"https:\/\/restosdix30.com\/service-traiteur\/wp-json\/wp\/v2\/product_brand?post=2667"},{"taxonomy":"product_cat","embeddable":true,"href":"https:\/\/restosdix30.com\/service-traiteur\/wp-json\/wp\/v2\/product_cat?post=2667"},{"taxonomy":"product_tag","embeddable":true,"href":"https:\/\/restosdix30.com\/service-traiteur\/wp-json\/wp\/v2\/product_tag?post=2667"}],"curies":[{"name":"wp","href":"https:\/\/api.w.org\/{rel}","templated":true}]}}