{"id":2670,"date":"2022-10-12T14:43:57","date_gmt":"2022-10-12T14:43:57","guid":{"rendered":"https:\/\/restosdix30.com\/service-traiteur\/?post_type=product&#038;p=2670"},"modified":"2025-08-29T18:41:27","modified_gmt":"2025-08-29T18:41:27","slug":"wrap-au-pastrami-de-boeuf-fume","status":"publish","type":"product","link":"https:\/\/restosdix30.com\/service-traiteur\/produit\/wrap-au-pastrami-de-boeuf-fume\/","title":{"rendered":"BO\u00ceTE \u00c0 LUNCH &#8211; REUBEN CLASSIQUE AU BOEUF FUM\u00c9"},"content":{"rendered":"","protected":false},"excerpt":{"rendered":"<p><b><span lang=\"FR-CA\">Ingr\u00e9dients : <\/span><\/b><span lang=\"FR-CA\">Pastrami, pain de seigle, choucroute, fromage suisse, sauce russe<\/span><\/p>\n<p><span lang=\"FR-CA\">\u00a0&#8211;<\/span><span lang=\"FR-CA\">\u00a0<\/span>Inclus sandwich, salade compos\u00e9e du moment, crudit\u00e9s, trempette et dessert du chef.<\/p>\n<p><em>Conseils pour votre commande: merci de commander au minimum 4h avant l&rsquo;heure de cueillette souhait\u00e9e.<br \/>\nN&rsquo;oubliez pas de rajouter des ustensiles (0.50$) \u00a0\u00e0 votre commande<\/em><\/p>\n","protected":false},"featured_media":7892,"template":"","meta":[],"product_brand":[],"product_cat":[25],"product_tag":[],"class_list":{"0":"post-2670","1":"product","2":"type-product","3":"status-publish","4":"has-post-thumbnail","6":"product_cat-lunch-souper","8":"first","9":"instock","10":"taxable","11":"shipping-taxable","12":"purchasable","13":"product-type-simple"},"yoast_head":"<!-- This site is optimized with the Yoast SEO plugin v27.4 - https:\/\/yoast.com\/product\/yoast-seo-wordpress\/ -->\n<title>BO\u00ceTE \u00c0 LUNCH - REUBEN CLASSIQUE AU BOEUF FUM\u00c9 - Service traiteur<\/title>\n<meta name=\"robots\" content=\"index, follow, max-snippet:-1, max-image-preview:large, max-video-preview:-1\" \/>\n<link rel=\"canonical\" href=\"https:\/\/restosdix30.com\/service-traiteur\/produit\/wrap-au-pastrami-de-boeuf-fume\/\" \/>\n<meta property=\"og:locale\" content=\"fr_CA\" \/>\n<meta property=\"og:type\" content=\"article\" \/>\n<meta property=\"og:title\" content=\"BO\u00ceTE \u00c0 LUNCH - REUBEN CLASSIQUE AU BOEUF FUM\u00c9 - Service traiteur\" \/>\n<meta property=\"og:description\" content=\"Ingr\u00e9dients : Pastrami, pain de seigle, choucroute, fromage suisse, sauce russe  \u00a0-\u00a0Inclus sandwich, salade compos\u00e9e du moment, crudit\u00e9s, trempette et dessert du chef.  Conseils pour votre commande: merci de commander au minimum 4h avant l&#039;heure de cueillette souhait\u00e9e. N&#039;oubliez pas de rajouter des ustensiles (0.50$) \u00a0\u00e0 votre commande\" \/>\n<meta property=\"og:url\" content=\"https:\/\/restosdix30.com\/service-traiteur\/produit\/wrap-au-pastrami-de-boeuf-fume\/\" \/>\n<meta property=\"og:site_name\" content=\"Service traiteur\" \/>\n<meta property=\"article:modified_time\" content=\"2025-08-29T18:41:27+00:00\" \/>\n<meta property=\"og:image\" content=\"https:\/\/restosdix30.com\/service-traiteur\/wp-content\/uploads\/sites\/6\/2025\/08\/Traiteur_dix30-017.jpg\" \/>\n\t<meta property=\"og:image:width\" content=\"6336\" \/>\n\t<meta property=\"og:image:height\" content=\"6336\" \/>\n\t<meta property=\"og:image:type\" content=\"image\/jpeg\" \/>\n<meta name=\"twitter:card\" content=\"summary_large_image\" \/>\n<meta name=\"twitter:label1\" content=\"Estimation du temps de lecture\" \/>\n\t<meta name=\"twitter:data1\" content=\"1 minute\" \/>\n<script type=\"application\/ld+json\" class=\"yoast-schema-graph\">{\"@context\":\"https:\\\/\\\/schema.org\",\"@graph\":[{\"@type\":\"WebPage\",\"@id\":\"https:\\\/\\\/restosdix30.com\\\/service-traiteur\\\/produit\\\/wrap-au-pastrami-de-boeuf-fume\\\/\",\"url\":\"https:\\\/\\\/restosdix30.com\\\/service-traiteur\\\/produit\\\/wrap-au-pastrami-de-boeuf-fume\\\/\",\"name\":\"BO\u00ceTE \u00c0 LUNCH - REUBEN CLASSIQUE AU BOEUF FUM\u00c9 - Service traiteur\",\"isPartOf\":{\"@id\":\"https:\\\/\\\/restosdix30.com\\\/service-traiteur\\\/#website\"},\"primaryImageOfPage\":{\"@id\":\"https:\\\/\\\/restosdix30.com\\\/service-traiteur\\\/produit\\\/wrap-au-pastrami-de-boeuf-fume\\\/#primaryimage\"},\"image\":{\"@id\":\"https:\\\/\\\/restosdix30.com\\\/service-traiteur\\\/produit\\\/wrap-au-pastrami-de-boeuf-fume\\\/#primaryimage\"},\"thumbnailUrl\":\"https:\\\/\\\/restosdix30.com\\\/service-traiteur\\\/wp-content\\\/uploads\\\/sites\\\/6\\\/2025\\\/08\\\/Traiteur_dix30-017.jpg\",\"datePublished\":\"2022-10-12T14:43:57+00:00\",\"dateModified\":\"2025-08-29T18:41:27+00:00\",\"breadcrumb\":{\"@id\":\"https:\\\/\\\/restosdix30.com\\\/service-traiteur\\\/produit\\\/wrap-au-pastrami-de-boeuf-fume\\\/#breadcrumb\"},\"inLanguage\":\"fr-CA\",\"potentialAction\":[{\"@type\":\"ReadAction\",\"target\":[\"https:\\\/\\\/restosdix30.com\\\/service-traiteur\\\/produit\\\/wrap-au-pastrami-de-boeuf-fume\\\/\"]}]},{\"@type\":\"ImageObject\",\"inLanguage\":\"fr-CA\",\"@id\":\"https:\\\/\\\/restosdix30.com\\\/service-traiteur\\\/produit\\\/wrap-au-pastrami-de-boeuf-fume\\\/#primaryimage\",\"url\":\"https:\\\/\\\/restosdix30.com\\\/service-traiteur\\\/wp-content\\\/uploads\\\/sites\\\/6\\\/2025\\\/08\\\/Traiteur_dix30-017.jpg\",\"contentUrl\":\"https:\\\/\\\/restosdix30.com\\\/service-traiteur\\\/wp-content\\\/uploads\\\/sites\\\/6\\\/2025\\\/08\\\/Traiteur_dix30-017.jpg\",\"width\":6336,\"height\":6336},{\"@type\":\"BreadcrumbList\",\"@id\":\"https:\\\/\\\/restosdix30.com\\\/service-traiteur\\\/produit\\\/wrap-au-pastrami-de-boeuf-fume\\\/#breadcrumb\",\"itemListElement\":[{\"@type\":\"ListItem\",\"position\":1,\"name\":\"Accueil\",\"item\":\"https:\\\/\\\/restosdix30.com\\\/service-traiteur\\\/\"},{\"@type\":\"ListItem\",\"position\":2,\"name\":\"Boutique\",\"item\":\"https:\\\/\\\/restosdix30.com\\\/service-traiteur\\\/boutique\\\/\"},{\"@type\":\"ListItem\",\"position\":3,\"name\":\"BO\u00ceTE \u00c0 LUNCH &#8211; REUBEN CLASSIQUE AU BOEUF FUM\u00c9\"}]},{\"@type\":\"WebSite\",\"@id\":\"https:\\\/\\\/restosdix30.com\\\/service-traiteur\\\/#website\",\"url\":\"https:\\\/\\\/restosdix30.com\\\/service-traiteur\\\/\",\"name\":\"Service traiteur\",\"description\":\"Groupe Restos Dix30\",\"potentialAction\":[{\"@type\":\"SearchAction\",\"target\":{\"@type\":\"EntryPoint\",\"urlTemplate\":\"https:\\\/\\\/restosdix30.com\\\/service-traiteur\\\/?s={search_term_string}\"},\"query-input\":{\"@type\":\"PropertyValueSpecification\",\"valueRequired\":true,\"valueName\":\"search_term_string\"}}],\"inLanguage\":\"fr-CA\"}]}<\/script>\n<!-- \/ Yoast SEO plugin. -->","yoast_head_json":{"title":"BO\u00ceTE \u00c0 LUNCH - REUBEN CLASSIQUE AU BOEUF FUM\u00c9 - Service traiteur","robots":{"index":"index","follow":"follow","max-snippet":"max-snippet:-1","max-image-preview":"max-image-preview:large","max-video-preview":"max-video-preview:-1"},"canonical":"https:\/\/restosdix30.com\/service-traiteur\/produit\/wrap-au-pastrami-de-boeuf-fume\/","og_locale":"fr_CA","og_type":"article","og_title":"BO\u00ceTE \u00c0 LUNCH - REUBEN CLASSIQUE AU BOEUF FUM\u00c9 - Service traiteur","og_description":"Ingr\u00e9dients : Pastrami, pain de seigle, choucroute, fromage suisse, sauce russe  \u00a0-\u00a0Inclus sandwich, salade compos\u00e9e du moment, crudit\u00e9s, trempette et dessert du chef.  Conseils pour votre commande: merci de commander au minimum 4h avant l'heure de cueillette souhait\u00e9e. N'oubliez pas de rajouter des ustensiles (0.50$) \u00a0\u00e0 votre commande","og_url":"https:\/\/restosdix30.com\/service-traiteur\/produit\/wrap-au-pastrami-de-boeuf-fume\/","og_site_name":"Service traiteur","article_modified_time":"2025-08-29T18:41:27+00:00","og_image":[{"width":6336,"height":6336,"url":"https:\/\/restosdix30.com\/service-traiteur\/wp-content\/uploads\/sites\/6\/2025\/08\/Traiteur_dix30-017.jpg","type":"image\/jpeg"}],"twitter_card":"summary_large_image","twitter_misc":{"Estimation du temps de lecture":"1 minute"},"schema":{"@context":"https:\/\/schema.org","@graph":[{"@type":"WebPage","@id":"https:\/\/restosdix30.com\/service-traiteur\/produit\/wrap-au-pastrami-de-boeuf-fume\/","url":"https:\/\/restosdix30.com\/service-traiteur\/produit\/wrap-au-pastrami-de-boeuf-fume\/","name":"BO\u00ceTE \u00c0 LUNCH - REUBEN CLASSIQUE AU BOEUF FUM\u00c9 - Service traiteur","isPartOf":{"@id":"https:\/\/restosdix30.com\/service-traiteur\/#website"},"primaryImageOfPage":{"@id":"https:\/\/restosdix30.com\/service-traiteur\/produit\/wrap-au-pastrami-de-boeuf-fume\/#primaryimage"},"image":{"@id":"https:\/\/restosdix30.com\/service-traiteur\/produit\/wrap-au-pastrami-de-boeuf-fume\/#primaryimage"},"thumbnailUrl":"https:\/\/restosdix30.com\/service-traiteur\/wp-content\/uploads\/sites\/6\/2025\/08\/Traiteur_dix30-017.jpg","datePublished":"2022-10-12T14:43:57+00:00","dateModified":"2025-08-29T18:41:27+00:00","breadcrumb":{"@id":"https:\/\/restosdix30.com\/service-traiteur\/produit\/wrap-au-pastrami-de-boeuf-fume\/#breadcrumb"},"inLanguage":"fr-CA","potentialAction":[{"@type":"ReadAction","target":["https:\/\/restosdix30.com\/service-traiteur\/produit\/wrap-au-pastrami-de-boeuf-fume\/"]}]},{"@type":"ImageObject","inLanguage":"fr-CA","@id":"https:\/\/restosdix30.com\/service-traiteur\/produit\/wrap-au-pastrami-de-boeuf-fume\/#primaryimage","url":"https:\/\/restosdix30.com\/service-traiteur\/wp-content\/uploads\/sites\/6\/2025\/08\/Traiteur_dix30-017.jpg","contentUrl":"https:\/\/restosdix30.com\/service-traiteur\/wp-content\/uploads\/sites\/6\/2025\/08\/Traiteur_dix30-017.jpg","width":6336,"height":6336},{"@type":"BreadcrumbList","@id":"https:\/\/restosdix30.com\/service-traiteur\/produit\/wrap-au-pastrami-de-boeuf-fume\/#breadcrumb","itemListElement":[{"@type":"ListItem","position":1,"name":"Accueil","item":"https:\/\/restosdix30.com\/service-traiteur\/"},{"@type":"ListItem","position":2,"name":"Boutique","item":"https:\/\/restosdix30.com\/service-traiteur\/boutique\/"},{"@type":"ListItem","position":3,"name":"BO\u00ceTE \u00c0 LUNCH &#8211; REUBEN CLASSIQUE AU BOEUF FUM\u00c9"}]},{"@type":"WebSite","@id":"https:\/\/restosdix30.com\/service-traiteur\/#website","url":"https:\/\/restosdix30.com\/service-traiteur\/","name":"Service traiteur","description":"Groupe Restos Dix30","potentialAction":[{"@type":"SearchAction","target":{"@type":"EntryPoint","urlTemplate":"https:\/\/restosdix30.com\/service-traiteur\/?s={search_term_string}"},"query-input":{"@type":"PropertyValueSpecification","valueRequired":true,"valueName":"search_term_string"}}],"inLanguage":"fr-CA"}]}},"distributor_meta":false,"distributor_terms":false,"distributor_media":false,"distributor_original_site_name":"Service traiteur","distributor_original_site_url":"https:\/\/restosdix30.com\/service-traiteur","push-errors":false,"_links":{"self":[{"href":"https:\/\/restosdix30.com\/service-traiteur\/wp-json\/wp\/v2\/product\/2670","targetHints":{"allow":["GET"]}}],"collection":[{"href":"https:\/\/restosdix30.com\/service-traiteur\/wp-json\/wp\/v2\/product"}],"about":[{"href":"https:\/\/restosdix30.com\/service-traiteur\/wp-json\/wp\/v2\/types\/product"}],"wp:featuredmedia":[{"embeddable":true,"href":"https:\/\/restosdix30.com\/service-traiteur\/wp-json\/wp\/v2\/media\/7892"}],"wp:attachment":[{"href":"https:\/\/restosdix30.com\/service-traiteur\/wp-json\/wp\/v2\/media?parent=2670"}],"wp:term":[{"taxonomy":"product_brand","embeddable":true,"href":"https:\/\/restosdix30.com\/service-traiteur\/wp-json\/wp\/v2\/product_brand?post=2670"},{"taxonomy":"product_cat","embeddable":true,"href":"https:\/\/restosdix30.com\/service-traiteur\/wp-json\/wp\/v2\/product_cat?post=2670"},{"taxonomy":"product_tag","embeddable":true,"href":"https:\/\/restosdix30.com\/service-traiteur\/wp-json\/wp\/v2\/product_tag?post=2670"}],"curies":[{"name":"wp","href":"https:\/\/api.w.org\/{rel}","templated":true}]}}