{"id":2893,"date":"2023-09-13T13:31:00","date_gmt":"2023-09-13T13:31:00","guid":{"rendered":"https:\/\/restosdix30.com\/service-traiteur\/?post_type=product&#038;p=2893"},"modified":"2025-03-18T20:44:28","modified_gmt":"2025-03-18T20:44:28","slug":"extra_dessert","status":"publish","type":"product","link":"https:\/\/restosdix30.com\/service-traiteur\/produit\/extra_dessert\/","title":{"rendered":"BOL VIP &#8211; DESSERT"},"content":{"rendered":"","protected":false},"excerpt":{"rendered":"<p>Rajouter un dessert choix du chef pour +3$. <em>N&rsquo;oubliez pas de rajouter des ustensiles \u00e0 votre commande<\/em><\/p>\n<p><em>Conseils pour votre commande: merci de commander au minimum 4h avant l&rsquo;heure de cueillette souhait\u00e9e. N&rsquo;oubliez pas de rajouter des ustensiles \u00e0 votre commande<\/em><\/p>\n","protected":false},"featured_media":0,"template":"","meta":[],"product_brand":[],"product_cat":[25],"product_tag":[],"class_list":{"0":"post-2893","1":"product","2":"type-product","3":"status-publish","5":"product_cat-lunch-souper","7":"first","8":"instock","9":"taxable","10":"shipping-taxable","11":"purchasable","12":"product-type-simple"},"yoast_head":"<!-- This site is optimized with the Yoast SEO plugin v27.4 - https:\/\/yoast.com\/product\/yoast-seo-wordpress\/ -->\n<title>BOL VIP - DESSERT - Service traiteur<\/title>\n<meta name=\"robots\" content=\"index, follow, max-snippet:-1, max-image-preview:large, max-video-preview:-1\" \/>\n<link rel=\"canonical\" href=\"https:\/\/restosdix30.com\/service-traiteur\/produit\/extra_dessert\/\" \/>\n<meta property=\"og:locale\" content=\"fr_CA\" \/>\n<meta property=\"og:type\" content=\"article\" \/>\n<meta property=\"og:title\" content=\"BOL VIP - DESSERT - Service traiteur\" \/>\n<meta property=\"og:description\" content=\"Rajouter un dessert choix du chef pour +3$. N&#039;oubliez pas de rajouter des ustensiles \u00e0 votre commande  Conseils pour votre commande: merci de commander au minimum 4h avant l&#039;heure de cueillette souhait\u00e9e. N&#039;oubliez pas de rajouter des ustensiles \u00e0 votre commande\" \/>\n<meta property=\"og:url\" content=\"https:\/\/restosdix30.com\/service-traiteur\/produit\/extra_dessert\/\" \/>\n<meta property=\"og:site_name\" content=\"Service traiteur\" \/>\n<meta property=\"article:modified_time\" content=\"2025-03-18T20:44:28+00:00\" \/>\n<meta name=\"twitter:card\" content=\"summary_large_image\" \/>\n<script type=\"application\/ld+json\" class=\"yoast-schema-graph\">{\"@context\":\"https:\\\/\\\/schema.org\",\"@graph\":[{\"@type\":\"WebPage\",\"@id\":\"https:\\\/\\\/restosdix30.com\\\/service-traiteur\\\/produit\\\/extra_dessert\\\/\",\"url\":\"https:\\\/\\\/restosdix30.com\\\/service-traiteur\\\/produit\\\/extra_dessert\\\/\",\"name\":\"BOL VIP - DESSERT - Service traiteur\",\"isPartOf\":{\"@id\":\"https:\\\/\\\/restosdix30.com\\\/service-traiteur\\\/#website\"},\"datePublished\":\"2023-09-13T13:31:00+00:00\",\"dateModified\":\"2025-03-18T20:44:28+00:00\",\"breadcrumb\":{\"@id\":\"https:\\\/\\\/restosdix30.com\\\/service-traiteur\\\/produit\\\/extra_dessert\\\/#breadcrumb\"},\"inLanguage\":\"fr-CA\",\"potentialAction\":[{\"@type\":\"ReadAction\",\"target\":[\"https:\\\/\\\/restosdix30.com\\\/service-traiteur\\\/produit\\\/extra_dessert\\\/\"]}]},{\"@type\":\"BreadcrumbList\",\"@id\":\"https:\\\/\\\/restosdix30.com\\\/service-traiteur\\\/produit\\\/extra_dessert\\\/#breadcrumb\",\"itemListElement\":[{\"@type\":\"ListItem\",\"position\":1,\"name\":\"Accueil\",\"item\":\"https:\\\/\\\/restosdix30.com\\\/service-traiteur\\\/\"},{\"@type\":\"ListItem\",\"position\":2,\"name\":\"Boutique\",\"item\":\"https:\\\/\\\/restosdix30.com\\\/service-traiteur\\\/boutique\\\/\"},{\"@type\":\"ListItem\",\"position\":3,\"name\":\"BOL VIP &#8211; DESSERT\"}]},{\"@type\":\"WebSite\",\"@id\":\"https:\\\/\\\/restosdix30.com\\\/service-traiteur\\\/#website\",\"url\":\"https:\\\/\\\/restosdix30.com\\\/service-traiteur\\\/\",\"name\":\"Service traiteur\",\"description\":\"Groupe Restos Dix30\",\"potentialAction\":[{\"@type\":\"SearchAction\",\"target\":{\"@type\":\"EntryPoint\",\"urlTemplate\":\"https:\\\/\\\/restosdix30.com\\\/service-traiteur\\\/?s={search_term_string}\"},\"query-input\":{\"@type\":\"PropertyValueSpecification\",\"valueRequired\":true,\"valueName\":\"search_term_string\"}}],\"inLanguage\":\"fr-CA\"}]}<\/script>\n<!-- \/ Yoast SEO plugin. -->","yoast_head_json":{"title":"BOL VIP - DESSERT - Service traiteur","robots":{"index":"index","follow":"follow","max-snippet":"max-snippet:-1","max-image-preview":"max-image-preview:large","max-video-preview":"max-video-preview:-1"},"canonical":"https:\/\/restosdix30.com\/service-traiteur\/produit\/extra_dessert\/","og_locale":"fr_CA","og_type":"article","og_title":"BOL VIP - DESSERT - Service traiteur","og_description":"Rajouter un dessert choix du chef pour +3$. N'oubliez pas de rajouter des ustensiles \u00e0 votre commande  Conseils pour votre commande: merci de commander au minimum 4h avant l'heure de cueillette souhait\u00e9e. N'oubliez pas de rajouter des ustensiles \u00e0 votre commande","og_url":"https:\/\/restosdix30.com\/service-traiteur\/produit\/extra_dessert\/","og_site_name":"Service traiteur","article_modified_time":"2025-03-18T20:44:28+00:00","twitter_card":"summary_large_image","schema":{"@context":"https:\/\/schema.org","@graph":[{"@type":"WebPage","@id":"https:\/\/restosdix30.com\/service-traiteur\/produit\/extra_dessert\/","url":"https:\/\/restosdix30.com\/service-traiteur\/produit\/extra_dessert\/","name":"BOL VIP - DESSERT - Service traiteur","isPartOf":{"@id":"https:\/\/restosdix30.com\/service-traiteur\/#website"},"datePublished":"2023-09-13T13:31:00+00:00","dateModified":"2025-03-18T20:44:28+00:00","breadcrumb":{"@id":"https:\/\/restosdix30.com\/service-traiteur\/produit\/extra_dessert\/#breadcrumb"},"inLanguage":"fr-CA","potentialAction":[{"@type":"ReadAction","target":["https:\/\/restosdix30.com\/service-traiteur\/produit\/extra_dessert\/"]}]},{"@type":"BreadcrumbList","@id":"https:\/\/restosdix30.com\/service-traiteur\/produit\/extra_dessert\/#breadcrumb","itemListElement":[{"@type":"ListItem","position":1,"name":"Accueil","item":"https:\/\/restosdix30.com\/service-traiteur\/"},{"@type":"ListItem","position":2,"name":"Boutique","item":"https:\/\/restosdix30.com\/service-traiteur\/boutique\/"},{"@type":"ListItem","position":3,"name":"BOL VIP &#8211; DESSERT"}]},{"@type":"WebSite","@id":"https:\/\/restosdix30.com\/service-traiteur\/#website","url":"https:\/\/restosdix30.com\/service-traiteur\/","name":"Service traiteur","description":"Groupe Restos Dix30","potentialAction":[{"@type":"SearchAction","target":{"@type":"EntryPoint","urlTemplate":"https:\/\/restosdix30.com\/service-traiteur\/?s={search_term_string}"},"query-input":{"@type":"PropertyValueSpecification","valueRequired":true,"valueName":"search_term_string"}}],"inLanguage":"fr-CA"}]}},"distributor_meta":false,"distributor_terms":false,"distributor_media":false,"distributor_original_site_name":"Service traiteur","distributor_original_site_url":"https:\/\/restosdix30.com\/service-traiteur","push-errors":false,"_links":{"self":[{"href":"https:\/\/restosdix30.com\/service-traiteur\/wp-json\/wp\/v2\/product\/2893","targetHints":{"allow":["GET"]}}],"collection":[{"href":"https:\/\/restosdix30.com\/service-traiteur\/wp-json\/wp\/v2\/product"}],"about":[{"href":"https:\/\/restosdix30.com\/service-traiteur\/wp-json\/wp\/v2\/types\/product"}],"wp:attachment":[{"href":"https:\/\/restosdix30.com\/service-traiteur\/wp-json\/wp\/v2\/media?parent=2893"}],"wp:term":[{"taxonomy":"product_brand","embeddable":true,"href":"https:\/\/restosdix30.com\/service-traiteur\/wp-json\/wp\/v2\/product_brand?post=2893"},{"taxonomy":"product_cat","embeddable":true,"href":"https:\/\/restosdix30.com\/service-traiteur\/wp-json\/wp\/v2\/product_cat?post=2893"},{"taxonomy":"product_tag","embeddable":true,"href":"https:\/\/restosdix30.com\/service-traiteur\/wp-json\/wp\/v2\/product_tag?post=2893"}],"curies":[{"name":"wp","href":"https:\/\/api.w.org\/{rel}","templated":true}]}}