{"id":3074,"date":"2024-08-27T19:25:15","date_gmt":"2024-08-27T19:25:15","guid":{"rendered":"https:\/\/restosdix30.com\/service-traiteur\/?post_type=product&#038;p=3074"},"modified":"2025-08-29T18:03:22","modified_gmt":"2025-08-29T18:03:22","slug":"dejeuner-buffet-le-sante","status":"publish","type":"product","link":"https:\/\/restosdix30.com\/service-traiteur\/produit\/dejeuner-buffet-le-sante\/","title":{"rendered":"D\u00c9JEUNER &#8211; LE SANT\u00c9"},"content":{"rendered":"","protected":false},"excerpt":{"rendered":"<p><b><span lang=\"FR-CA\">Ingr\u00e9dients : <\/span><\/b>Boules d&rsquo;\u00e9nergie prot\u00e9in\u00e9es, parfait de yogourt, jambo cotto, fromage suisse et fruits taill\u00e9s<span class=\"Apple-converted-space\"><br \/>\n<\/span><em>Conseils pour votre commande: merci de commander la 24h (jour ouvrable) avant votre \u00e9v\u00e9nement pour ce repas.<br \/>\nN\u2019oubliez pas de rajouter des ustensiles \u00e0 votre commande<\/em><\/p>\n<p>Minimum de 10 personnes*<br \/>\nServi sur des plateau recyclables avec de la vaisselles et ustensiles compostables.<br \/>\nPeut \u00eatre servi avec de la vaisselle conventionnel, frais de ramassage en extra.<\/p>\n","protected":false},"featured_media":3075,"template":"","meta":[],"product_brand":[],"product_cat":[22],"product_tag":[],"class_list":{"0":"post-3074","1":"product","2":"type-product","3":"status-publish","4":"has-post-thumbnail","6":"product_cat-dejeuner","8":"first","9":"instock","10":"taxable","11":"shipping-taxable","12":"purchasable","13":"product-type-simple"},"yoast_head":"<!-- This site is optimized with the Yoast SEO plugin v27.4 - https:\/\/yoast.com\/product\/yoast-seo-wordpress\/ -->\n<title>D\u00c9JEUNER - LE SANT\u00c9 - Service traiteur<\/title>\n<meta name=\"robots\" content=\"index, follow, max-snippet:-1, max-image-preview:large, max-video-preview:-1\" \/>\n<link rel=\"canonical\" href=\"https:\/\/restosdix30.com\/service-traiteur\/produit\/dejeuner-buffet-le-sante\/\" \/>\n<meta property=\"og:locale\" content=\"fr_CA\" \/>\n<meta property=\"og:type\" content=\"article\" \/>\n<meta property=\"og:title\" content=\"D\u00c9JEUNER - LE SANT\u00c9 - Service traiteur\" \/>\n<meta property=\"og:description\" content=\"Ingr\u00e9dients : Boules d&#039;\u00e9nergie prot\u00e9in\u00e9es, parfait de yogourt, jambo cotto, fromage suisse et fruits taill\u00e9s Conseils pour votre commande: merci de commander la 24h (jour ouvrable) avant votre \u00e9v\u00e9nement pour ce repas. N\u2019oubliez pas de rajouter des ustensiles \u00e0 votre commande  Minimum de 10 personnes* Servi sur des plateau recyclables avec de la vaisselles et ustensiles compostables. Peut \u00eatre servi avec de la vaisselle conventionnel, frais de ramassage en extra.\" \/>\n<meta property=\"og:url\" content=\"https:\/\/restosdix30.com\/service-traiteur\/produit\/dejeuner-buffet-le-sante\/\" \/>\n<meta property=\"og:site_name\" content=\"Service traiteur\" \/>\n<meta property=\"article:modified_time\" content=\"2025-08-29T18:03:22+00:00\" \/>\n<meta property=\"og:image\" content=\"https:\/\/restosdix30.com\/service-traiteur\/wp-content\/uploads\/sites\/6\/2024\/08\/dejeuner-buffet-SANTE-683x1024.jpg\" \/>\n\t<meta property=\"og:image:width\" content=\"683\" \/>\n\t<meta property=\"og:image:height\" content=\"1024\" \/>\n\t<meta property=\"og:image:type\" content=\"image\/jpeg\" \/>\n<meta name=\"twitter:card\" content=\"summary_large_image\" \/>\n<meta name=\"twitter:label1\" content=\"Estimation du temps de lecture\" \/>\n\t<meta name=\"twitter:data1\" content=\"1 minute\" \/>\n<script type=\"application\/ld+json\" class=\"yoast-schema-graph\">{\"@context\":\"https:\\\/\\\/schema.org\",\"@graph\":[{\"@type\":\"WebPage\",\"@id\":\"https:\\\/\\\/restosdix30.com\\\/service-traiteur\\\/produit\\\/dejeuner-buffet-le-sante\\\/\",\"url\":\"https:\\\/\\\/restosdix30.com\\\/service-traiteur\\\/produit\\\/dejeuner-buffet-le-sante\\\/\",\"name\":\"D\u00c9JEUNER - LE SANT\u00c9 - Service traiteur\",\"isPartOf\":{\"@id\":\"https:\\\/\\\/restosdix30.com\\\/service-traiteur\\\/#website\"},\"primaryImageOfPage\":{\"@id\":\"https:\\\/\\\/restosdix30.com\\\/service-traiteur\\\/produit\\\/dejeuner-buffet-le-sante\\\/#primaryimage\"},\"image\":{\"@id\":\"https:\\\/\\\/restosdix30.com\\\/service-traiteur\\\/produit\\\/dejeuner-buffet-le-sante\\\/#primaryimage\"},\"thumbnailUrl\":\"https:\\\/\\\/restosdix30.com\\\/service-traiteur\\\/wp-content\\\/uploads\\\/sites\\\/6\\\/2024\\\/08\\\/dejeuner-buffet-SANTE.jpg\",\"datePublished\":\"2024-08-27T19:25:15+00:00\",\"dateModified\":\"2025-08-29T18:03:22+00:00\",\"breadcrumb\":{\"@id\":\"https:\\\/\\\/restosdix30.com\\\/service-traiteur\\\/produit\\\/dejeuner-buffet-le-sante\\\/#breadcrumb\"},\"inLanguage\":\"fr-CA\",\"potentialAction\":[{\"@type\":\"ReadAction\",\"target\":[\"https:\\\/\\\/restosdix30.com\\\/service-traiteur\\\/produit\\\/dejeuner-buffet-le-sante\\\/\"]}]},{\"@type\":\"ImageObject\",\"inLanguage\":\"fr-CA\",\"@id\":\"https:\\\/\\\/restosdix30.com\\\/service-traiteur\\\/produit\\\/dejeuner-buffet-le-sante\\\/#primaryimage\",\"url\":\"https:\\\/\\\/restosdix30.com\\\/service-traiteur\\\/wp-content\\\/uploads\\\/sites\\\/6\\\/2024\\\/08\\\/dejeuner-buffet-SANTE.jpg\",\"contentUrl\":\"https:\\\/\\\/restosdix30.com\\\/service-traiteur\\\/wp-content\\\/uploads\\\/sites\\\/6\\\/2024\\\/08\\\/dejeuner-buffet-SANTE.jpg\",\"width\":3587,\"height\":5380},{\"@type\":\"BreadcrumbList\",\"@id\":\"https:\\\/\\\/restosdix30.com\\\/service-traiteur\\\/produit\\\/dejeuner-buffet-le-sante\\\/#breadcrumb\",\"itemListElement\":[{\"@type\":\"ListItem\",\"position\":1,\"name\":\"Accueil\",\"item\":\"https:\\\/\\\/restosdix30.com\\\/service-traiteur\\\/\"},{\"@type\":\"ListItem\",\"position\":2,\"name\":\"Boutique\",\"item\":\"https:\\\/\\\/restosdix30.com\\\/service-traiteur\\\/boutique\\\/\"},{\"@type\":\"ListItem\",\"position\":3,\"name\":\"D\u00c9JEUNER &#8211; LE SANT\u00c9\"}]},{\"@type\":\"WebSite\",\"@id\":\"https:\\\/\\\/restosdix30.com\\\/service-traiteur\\\/#website\",\"url\":\"https:\\\/\\\/restosdix30.com\\\/service-traiteur\\\/\",\"name\":\"Service traiteur\",\"description\":\"Groupe Restos Dix30\",\"potentialAction\":[{\"@type\":\"SearchAction\",\"target\":{\"@type\":\"EntryPoint\",\"urlTemplate\":\"https:\\\/\\\/restosdix30.com\\\/service-traiteur\\\/?s={search_term_string}\"},\"query-input\":{\"@type\":\"PropertyValueSpecification\",\"valueRequired\":true,\"valueName\":\"search_term_string\"}}],\"inLanguage\":\"fr-CA\"}]}<\/script>\n<!-- \/ Yoast SEO plugin. -->","yoast_head_json":{"title":"D\u00c9JEUNER - LE SANT\u00c9 - Service traiteur","robots":{"index":"index","follow":"follow","max-snippet":"max-snippet:-1","max-image-preview":"max-image-preview:large","max-video-preview":"max-video-preview:-1"},"canonical":"https:\/\/restosdix30.com\/service-traiteur\/produit\/dejeuner-buffet-le-sante\/","og_locale":"fr_CA","og_type":"article","og_title":"D\u00c9JEUNER - LE SANT\u00c9 - Service traiteur","og_description":"Ingr\u00e9dients : Boules d'\u00e9nergie prot\u00e9in\u00e9es, parfait de yogourt, jambo cotto, fromage suisse et fruits taill\u00e9s Conseils pour votre commande: merci de commander la 24h (jour ouvrable) avant votre \u00e9v\u00e9nement pour ce repas. N\u2019oubliez pas de rajouter des ustensiles \u00e0 votre commande  Minimum de 10 personnes* Servi sur des plateau recyclables avec de la vaisselles et ustensiles compostables. Peut \u00eatre servi avec de la vaisselle conventionnel, frais de ramassage en extra.","og_url":"https:\/\/restosdix30.com\/service-traiteur\/produit\/dejeuner-buffet-le-sante\/","og_site_name":"Service traiteur","article_modified_time":"2025-08-29T18:03:22+00:00","og_image":[{"width":683,"height":1024,"url":"https:\/\/restosdix30.com\/service-traiteur\/wp-content\/uploads\/sites\/6\/2024\/08\/dejeuner-buffet-SANTE-683x1024.jpg","type":"image\/jpeg"}],"twitter_card":"summary_large_image","twitter_misc":{"Estimation du temps de lecture":"1 minute"},"schema":{"@context":"https:\/\/schema.org","@graph":[{"@type":"WebPage","@id":"https:\/\/restosdix30.com\/service-traiteur\/produit\/dejeuner-buffet-le-sante\/","url":"https:\/\/restosdix30.com\/service-traiteur\/produit\/dejeuner-buffet-le-sante\/","name":"D\u00c9JEUNER - LE SANT\u00c9 - Service traiteur","isPartOf":{"@id":"https:\/\/restosdix30.com\/service-traiteur\/#website"},"primaryImageOfPage":{"@id":"https:\/\/restosdix30.com\/service-traiteur\/produit\/dejeuner-buffet-le-sante\/#primaryimage"},"image":{"@id":"https:\/\/restosdix30.com\/service-traiteur\/produit\/dejeuner-buffet-le-sante\/#primaryimage"},"thumbnailUrl":"https:\/\/restosdix30.com\/service-traiteur\/wp-content\/uploads\/sites\/6\/2024\/08\/dejeuner-buffet-SANTE.jpg","datePublished":"2024-08-27T19:25:15+00:00","dateModified":"2025-08-29T18:03:22+00:00","breadcrumb":{"@id":"https:\/\/restosdix30.com\/service-traiteur\/produit\/dejeuner-buffet-le-sante\/#breadcrumb"},"inLanguage":"fr-CA","potentialAction":[{"@type":"ReadAction","target":["https:\/\/restosdix30.com\/service-traiteur\/produit\/dejeuner-buffet-le-sante\/"]}]},{"@type":"ImageObject","inLanguage":"fr-CA","@id":"https:\/\/restosdix30.com\/service-traiteur\/produit\/dejeuner-buffet-le-sante\/#primaryimage","url":"https:\/\/restosdix30.com\/service-traiteur\/wp-content\/uploads\/sites\/6\/2024\/08\/dejeuner-buffet-SANTE.jpg","contentUrl":"https:\/\/restosdix30.com\/service-traiteur\/wp-content\/uploads\/sites\/6\/2024\/08\/dejeuner-buffet-SANTE.jpg","width":3587,"height":5380},{"@type":"BreadcrumbList","@id":"https:\/\/restosdix30.com\/service-traiteur\/produit\/dejeuner-buffet-le-sante\/#breadcrumb","itemListElement":[{"@type":"ListItem","position":1,"name":"Accueil","item":"https:\/\/restosdix30.com\/service-traiteur\/"},{"@type":"ListItem","position":2,"name":"Boutique","item":"https:\/\/restosdix30.com\/service-traiteur\/boutique\/"},{"@type":"ListItem","position":3,"name":"D\u00c9JEUNER &#8211; LE SANT\u00c9"}]},{"@type":"WebSite","@id":"https:\/\/restosdix30.com\/service-traiteur\/#website","url":"https:\/\/restosdix30.com\/service-traiteur\/","name":"Service traiteur","description":"Groupe Restos Dix30","potentialAction":[{"@type":"SearchAction","target":{"@type":"EntryPoint","urlTemplate":"https:\/\/restosdix30.com\/service-traiteur\/?s={search_term_string}"},"query-input":{"@type":"PropertyValueSpecification","valueRequired":true,"valueName":"search_term_string"}}],"inLanguage":"fr-CA"}]}},"distributor_meta":false,"distributor_terms":false,"distributor_media":false,"distributor_original_site_name":"Service traiteur","distributor_original_site_url":"https:\/\/restosdix30.com\/service-traiteur","push-errors":false,"_links":{"self":[{"href":"https:\/\/restosdix30.com\/service-traiteur\/wp-json\/wp\/v2\/product\/3074","targetHints":{"allow":["GET"]}}],"collection":[{"href":"https:\/\/restosdix30.com\/service-traiteur\/wp-json\/wp\/v2\/product"}],"about":[{"href":"https:\/\/restosdix30.com\/service-traiteur\/wp-json\/wp\/v2\/types\/product"}],"wp:featuredmedia":[{"embeddable":true,"href":"https:\/\/restosdix30.com\/service-traiteur\/wp-json\/wp\/v2\/media\/3075"}],"wp:attachment":[{"href":"https:\/\/restosdix30.com\/service-traiteur\/wp-json\/wp\/v2\/media?parent=3074"}],"wp:term":[{"taxonomy":"product_brand","embeddable":true,"href":"https:\/\/restosdix30.com\/service-traiteur\/wp-json\/wp\/v2\/product_brand?post=3074"},{"taxonomy":"product_cat","embeddable":true,"href":"https:\/\/restosdix30.com\/service-traiteur\/wp-json\/wp\/v2\/product_cat?post=3074"},{"taxonomy":"product_tag","embeddable":true,"href":"https:\/\/restosdix30.com\/service-traiteur\/wp-json\/wp\/v2\/product_tag?post=3074"}],"curies":[{"name":"wp","href":"https:\/\/api.w.org\/{rel}","templated":true}]}}