{"id":3080,"date":"2024-08-27T19:29:24","date_gmt":"2024-08-27T19:29:24","guid":{"rendered":"https:\/\/restosdix30.com\/service-traiteur\/?post_type=product&#038;p=3080"},"modified":"2025-03-18T20:44:51","modified_gmt":"2025-03-18T20:44:51","slug":"cafe-solution-ecologique","status":"publish","type":"product","link":"https:\/\/restosdix30.com\/service-traiteur\/produit\/cafe-solution-ecologique\/","title":{"rendered":"CAF\u00c9 &#8211; SOLUTION \u00c9COLOGIQUE"},"content":{"rendered":"","protected":false},"excerpt":{"rendered":"<p><b><span lang=\"FR-CA\">Ingr\u00e9dients :<\/span><\/b><span lang=\"FR-CA\"> 25$\/10 tasses<br \/>\n<\/span>Notre caf\u00e9 est servi dans des thermos que nous revenons r\u00e9cup\u00e9rer. Le caf\u00e9 reste chaud pour une dur\u00e9e de 5h. Il inclut : verres, couvercles et agitateurs compostables, sucre, et lait (dans une bouteille thermos)<span class=\"Apple-converted-space\">\u00a0<\/span><\/p>\n<p><em>Conseils pour votre commande: merci de commander la 4h avant votre \u00e9v\u00e9nement. N&rsquo;oubliez pas de rajouter des ustensiles \u00e0 votre commande<\/em><\/p>\n","protected":false},"featured_media":3081,"template":"","meta":[],"product_brand":[],"product_cat":[30,25,27,26,22],"product_tag":[],"class_list":{"0":"post-3080","1":"product","2":"type-product","3":"status-publish","4":"has-post-thumbnail","6":"product_cat-carte","7":"product_cat-lunch-souper","8":"product_cat-breuvage","9":"product_cat-buffets","10":"product_cat-dejeuner","12":"first","13":"instock","14":"taxable","15":"shipping-taxable","16":"purchasable","17":"product-type-simple"},"yoast_head":"<!-- This site is optimized with the Yoast SEO plugin v27.4 - https:\/\/yoast.com\/product\/yoast-seo-wordpress\/ -->\n<title>CAF\u00c9 - SOLUTION \u00c9COLOGIQUE - Service traiteur<\/title>\n<meta name=\"robots\" content=\"index, follow, max-snippet:-1, max-image-preview:large, max-video-preview:-1\" \/>\n<link rel=\"canonical\" href=\"https:\/\/restosdix30.com\/service-traiteur\/produit\/cafe-solution-ecologique\/\" \/>\n<meta property=\"og:locale\" content=\"fr_CA\" \/>\n<meta property=\"og:type\" content=\"article\" \/>\n<meta property=\"og:title\" content=\"CAF\u00c9 - SOLUTION \u00c9COLOGIQUE - Service traiteur\" \/>\n<meta property=\"og:description\" content=\"Ingr\u00e9dients : 25$\/10 tasses Notre caf\u00e9 est servi dans des thermos que nous revenons r\u00e9cup\u00e9rer. Le caf\u00e9 reste chaud pour une dur\u00e9e de 5h. Il inclut : verres, couvercles et agitateurs compostables, sucre, et lait (dans une bouteille thermos)\u00a0  Conseils pour votre commande: merci de commander la 4h avant votre \u00e9v\u00e9nement. N&#039;oubliez pas de rajouter des ustensiles \u00e0 votre commande\" \/>\n<meta property=\"og:url\" content=\"https:\/\/restosdix30.com\/service-traiteur\/produit\/cafe-solution-ecologique\/\" \/>\n<meta property=\"og:site_name\" content=\"Service traiteur\" \/>\n<meta property=\"article:modified_time\" content=\"2025-03-18T20:44:51+00:00\" \/>\n<meta property=\"og:image\" content=\"https:\/\/restosdix30.com\/service-traiteur\/wp-content\/uploads\/sites\/6\/2024\/08\/pause-cafe.jpg\" \/>\n\t<meta property=\"og:image:width\" content=\"1365\" \/>\n\t<meta property=\"og:image:height\" content=\"2048\" \/>\n\t<meta property=\"og:image:type\" content=\"image\/jpeg\" \/>\n<meta name=\"twitter:card\" content=\"summary_large_image\" \/>\n<meta name=\"twitter:label1\" content=\"Estimation du temps de lecture\" \/>\n\t<meta name=\"twitter:data1\" content=\"1 minute\" \/>\n<script type=\"application\/ld+json\" class=\"yoast-schema-graph\">{\"@context\":\"https:\\\/\\\/schema.org\",\"@graph\":[{\"@type\":\"WebPage\",\"@id\":\"https:\\\/\\\/restosdix30.com\\\/service-traiteur\\\/produit\\\/cafe-solution-ecologique\\\/\",\"url\":\"https:\\\/\\\/restosdix30.com\\\/service-traiteur\\\/produit\\\/cafe-solution-ecologique\\\/\",\"name\":\"CAF\u00c9 - SOLUTION \u00c9COLOGIQUE - Service traiteur\",\"isPartOf\":{\"@id\":\"https:\\\/\\\/restosdix30.com\\\/service-traiteur\\\/#website\"},\"primaryImageOfPage\":{\"@id\":\"https:\\\/\\\/restosdix30.com\\\/service-traiteur\\\/produit\\\/cafe-solution-ecologique\\\/#primaryimage\"},\"image\":{\"@id\":\"https:\\\/\\\/restosdix30.com\\\/service-traiteur\\\/produit\\\/cafe-solution-ecologique\\\/#primaryimage\"},\"thumbnailUrl\":\"https:\\\/\\\/restosdix30.com\\\/service-traiteur\\\/wp-content\\\/uploads\\\/sites\\\/6\\\/2024\\\/08\\\/pause-cafe.jpg\",\"datePublished\":\"2024-08-27T19:29:24+00:00\",\"dateModified\":\"2025-03-18T20:44:51+00:00\",\"breadcrumb\":{\"@id\":\"https:\\\/\\\/restosdix30.com\\\/service-traiteur\\\/produit\\\/cafe-solution-ecologique\\\/#breadcrumb\"},\"inLanguage\":\"fr-CA\",\"potentialAction\":[{\"@type\":\"ReadAction\",\"target\":[\"https:\\\/\\\/restosdix30.com\\\/service-traiteur\\\/produit\\\/cafe-solution-ecologique\\\/\"]}]},{\"@type\":\"ImageObject\",\"inLanguage\":\"fr-CA\",\"@id\":\"https:\\\/\\\/restosdix30.com\\\/service-traiteur\\\/produit\\\/cafe-solution-ecologique\\\/#primaryimage\",\"url\":\"https:\\\/\\\/restosdix30.com\\\/service-traiteur\\\/wp-content\\\/uploads\\\/sites\\\/6\\\/2024\\\/08\\\/pause-cafe.jpg\",\"contentUrl\":\"https:\\\/\\\/restosdix30.com\\\/service-traiteur\\\/wp-content\\\/uploads\\\/sites\\\/6\\\/2024\\\/08\\\/pause-cafe.jpg\",\"width\":1365,\"height\":2048},{\"@type\":\"BreadcrumbList\",\"@id\":\"https:\\\/\\\/restosdix30.com\\\/service-traiteur\\\/produit\\\/cafe-solution-ecologique\\\/#breadcrumb\",\"itemListElement\":[{\"@type\":\"ListItem\",\"position\":1,\"name\":\"Accueil\",\"item\":\"https:\\\/\\\/restosdix30.com\\\/service-traiteur\\\/\"},{\"@type\":\"ListItem\",\"position\":2,\"name\":\"Boutique\",\"item\":\"https:\\\/\\\/restosdix30.com\\\/service-traiteur\\\/boutique\\\/\"},{\"@type\":\"ListItem\",\"position\":3,\"name\":\"CAF\u00c9 &#8211; SOLUTION \u00c9COLOGIQUE\"}]},{\"@type\":\"WebSite\",\"@id\":\"https:\\\/\\\/restosdix30.com\\\/service-traiteur\\\/#website\",\"url\":\"https:\\\/\\\/restosdix30.com\\\/service-traiteur\\\/\",\"name\":\"Service traiteur\",\"description\":\"Groupe Restos Dix30\",\"potentialAction\":[{\"@type\":\"SearchAction\",\"target\":{\"@type\":\"EntryPoint\",\"urlTemplate\":\"https:\\\/\\\/restosdix30.com\\\/service-traiteur\\\/?s={search_term_string}\"},\"query-input\":{\"@type\":\"PropertyValueSpecification\",\"valueRequired\":true,\"valueName\":\"search_term_string\"}}],\"inLanguage\":\"fr-CA\"}]}<\/script>\n<!-- \/ Yoast SEO plugin. -->","yoast_head_json":{"title":"CAF\u00c9 - SOLUTION \u00c9COLOGIQUE - Service traiteur","robots":{"index":"index","follow":"follow","max-snippet":"max-snippet:-1","max-image-preview":"max-image-preview:large","max-video-preview":"max-video-preview:-1"},"canonical":"https:\/\/restosdix30.com\/service-traiteur\/produit\/cafe-solution-ecologique\/","og_locale":"fr_CA","og_type":"article","og_title":"CAF\u00c9 - SOLUTION \u00c9COLOGIQUE - Service traiteur","og_description":"Ingr\u00e9dients : 25$\/10 tasses Notre caf\u00e9 est servi dans des thermos que nous revenons r\u00e9cup\u00e9rer. Le caf\u00e9 reste chaud pour une dur\u00e9e de 5h. Il inclut : verres, couvercles et agitateurs compostables, sucre, et lait (dans une bouteille thermos)\u00a0  Conseils pour votre commande: merci de commander la 4h avant votre \u00e9v\u00e9nement. N'oubliez pas de rajouter des ustensiles \u00e0 votre commande","og_url":"https:\/\/restosdix30.com\/service-traiteur\/produit\/cafe-solution-ecologique\/","og_site_name":"Service traiteur","article_modified_time":"2025-03-18T20:44:51+00:00","og_image":[{"width":1365,"height":2048,"url":"https:\/\/restosdix30.com\/service-traiteur\/wp-content\/uploads\/sites\/6\/2024\/08\/pause-cafe.jpg","type":"image\/jpeg"}],"twitter_card":"summary_large_image","twitter_misc":{"Estimation du temps de lecture":"1 minute"},"schema":{"@context":"https:\/\/schema.org","@graph":[{"@type":"WebPage","@id":"https:\/\/restosdix30.com\/service-traiteur\/produit\/cafe-solution-ecologique\/","url":"https:\/\/restosdix30.com\/service-traiteur\/produit\/cafe-solution-ecologique\/","name":"CAF\u00c9 - SOLUTION \u00c9COLOGIQUE - Service traiteur","isPartOf":{"@id":"https:\/\/restosdix30.com\/service-traiteur\/#website"},"primaryImageOfPage":{"@id":"https:\/\/restosdix30.com\/service-traiteur\/produit\/cafe-solution-ecologique\/#primaryimage"},"image":{"@id":"https:\/\/restosdix30.com\/service-traiteur\/produit\/cafe-solution-ecologique\/#primaryimage"},"thumbnailUrl":"https:\/\/restosdix30.com\/service-traiteur\/wp-content\/uploads\/sites\/6\/2024\/08\/pause-cafe.jpg","datePublished":"2024-08-27T19:29:24+00:00","dateModified":"2025-03-18T20:44:51+00:00","breadcrumb":{"@id":"https:\/\/restosdix30.com\/service-traiteur\/produit\/cafe-solution-ecologique\/#breadcrumb"},"inLanguage":"fr-CA","potentialAction":[{"@type":"ReadAction","target":["https:\/\/restosdix30.com\/service-traiteur\/produit\/cafe-solution-ecologique\/"]}]},{"@type":"ImageObject","inLanguage":"fr-CA","@id":"https:\/\/restosdix30.com\/service-traiteur\/produit\/cafe-solution-ecologique\/#primaryimage","url":"https:\/\/restosdix30.com\/service-traiteur\/wp-content\/uploads\/sites\/6\/2024\/08\/pause-cafe.jpg","contentUrl":"https:\/\/restosdix30.com\/service-traiteur\/wp-content\/uploads\/sites\/6\/2024\/08\/pause-cafe.jpg","width":1365,"height":2048},{"@type":"BreadcrumbList","@id":"https:\/\/restosdix30.com\/service-traiteur\/produit\/cafe-solution-ecologique\/#breadcrumb","itemListElement":[{"@type":"ListItem","position":1,"name":"Accueil","item":"https:\/\/restosdix30.com\/service-traiteur\/"},{"@type":"ListItem","position":2,"name":"Boutique","item":"https:\/\/restosdix30.com\/service-traiteur\/boutique\/"},{"@type":"ListItem","position":3,"name":"CAF\u00c9 &#8211; SOLUTION \u00c9COLOGIQUE"}]},{"@type":"WebSite","@id":"https:\/\/restosdix30.com\/service-traiteur\/#website","url":"https:\/\/restosdix30.com\/service-traiteur\/","name":"Service traiteur","description":"Groupe Restos Dix30","potentialAction":[{"@type":"SearchAction","target":{"@type":"EntryPoint","urlTemplate":"https:\/\/restosdix30.com\/service-traiteur\/?s={search_term_string}"},"query-input":{"@type":"PropertyValueSpecification","valueRequired":true,"valueName":"search_term_string"}}],"inLanguage":"fr-CA"}]}},"distributor_meta":false,"distributor_terms":false,"distributor_media":false,"distributor_original_site_name":"Service traiteur","distributor_original_site_url":"https:\/\/restosdix30.com\/service-traiteur","push-errors":false,"_links":{"self":[{"href":"https:\/\/restosdix30.com\/service-traiteur\/wp-json\/wp\/v2\/product\/3080","targetHints":{"allow":["GET"]}}],"collection":[{"href":"https:\/\/restosdix30.com\/service-traiteur\/wp-json\/wp\/v2\/product"}],"about":[{"href":"https:\/\/restosdix30.com\/service-traiteur\/wp-json\/wp\/v2\/types\/product"}],"wp:featuredmedia":[{"embeddable":true,"href":"https:\/\/restosdix30.com\/service-traiteur\/wp-json\/wp\/v2\/media\/3081"}],"wp:attachment":[{"href":"https:\/\/restosdix30.com\/service-traiteur\/wp-json\/wp\/v2\/media?parent=3080"}],"wp:term":[{"taxonomy":"product_brand","embeddable":true,"href":"https:\/\/restosdix30.com\/service-traiteur\/wp-json\/wp\/v2\/product_brand?post=3080"},{"taxonomy":"product_cat","embeddable":true,"href":"https:\/\/restosdix30.com\/service-traiteur\/wp-json\/wp\/v2\/product_cat?post=3080"},{"taxonomy":"product_tag","embeddable":true,"href":"https:\/\/restosdix30.com\/service-traiteur\/wp-json\/wp\/v2\/product_tag?post=3080"}],"curies":[{"name":"wp","href":"https:\/\/api.w.org\/{rel}","templated":true}]}}