{"id":3135,"date":"2024-08-28T13:29:30","date_gmt":"2024-08-28T13:29:30","guid":{"rendered":"https:\/\/restosdix30.com\/service-traiteur\/?post_type=product&#038;p=3135"},"modified":"2025-09-08T17:20:44","modified_gmt":"2025-09-08T17:20:44","slug":"italien","status":"publish","type":"product","link":"https:\/\/restosdix30.com\/service-traiteur\/produit\/italien\/","title":{"rendered":"LES PLATEAUX &#8211; ANTIPASTO"},"content":{"rendered":"","protected":false},"excerpt":{"rendered":"<p><b><span lang=\"FR-CA\">Ingr\u00e9dients : <\/span><\/b><span lang=\"FR-CA\">M\u00e9li-m\u00e9lo de l\u00e9gumes grill\u00e9s, prosciutto, olives<\/span><\/p>\n<p>Pour un 5 \u00e0 7 gourmand, nous conseillons 3 plateaux total pour chaque tranches de 10 personnes,<br \/>\nou 2 plateaux\/10 pour des grignotines.<br \/>\nServi sur des plateau recyclables avec de la vaisselles et ustensiles compostables.<br \/>\nPeut \u00eatre servi avec de la vaisselle conventionnel, frais de ramassage en extra.<\/p>\n<p><em>Conseils pour votre commande: merci de commander la 24h (jour ouvrable) avant votre \u00e9v\u00e9nement pour ce repas.<br \/>\n<\/em><\/p>\n","protected":false},"featured_media":7897,"template":"","meta":[],"product_brand":[],"product_cat":[24],"product_tag":[],"class_list":{"0":"post-3135","1":"product","2":"type-product","3":"status-publish","4":"has-post-thumbnail","6":"product_cat-plateaux","8":"first","9":"instock","10":"taxable","11":"shipping-taxable","12":"purchasable","13":"product-type-simple"},"yoast_head":"<!-- This site is optimized with the Yoast SEO plugin v27.4 - https:\/\/yoast.com\/product\/yoast-seo-wordpress\/ -->\n<title>LES PLATEAUX - ANTIPASTO - Service traiteur<\/title>\n<meta name=\"robots\" content=\"index, follow, max-snippet:-1, max-image-preview:large, max-video-preview:-1\" \/>\n<link rel=\"canonical\" href=\"https:\/\/restosdix30.com\/service-traiteur\/produit\/italien\/\" \/>\n<meta property=\"og:locale\" content=\"fr_CA\" \/>\n<meta property=\"og:type\" content=\"article\" \/>\n<meta property=\"og:title\" content=\"LES PLATEAUX - ANTIPASTO - Service traiteur\" \/>\n<meta property=\"og:description\" content=\"Ingr\u00e9dients : M\u00e9li-m\u00e9lo de l\u00e9gumes grill\u00e9s, prosciutto, olives  Pour un 5 \u00e0 7 gourmand, nous conseillons 3 plateaux total pour chaque tranches de 10 personnes, ou 2 plateaux\/10 pour des grignotines. Servi sur des plateau recyclables avec de la vaisselles et ustensiles compostables. Peut \u00eatre servi avec de la vaisselle conventionnel, frais de ramassage en extra.  Conseils pour votre commande: merci de commander la 24h (jour ouvrable) avant votre \u00e9v\u00e9nement pour ce repas.\" \/>\n<meta property=\"og:url\" content=\"https:\/\/restosdix30.com\/service-traiteur\/produit\/italien\/\" \/>\n<meta property=\"og:site_name\" content=\"Service traiteur\" \/>\n<meta property=\"article:modified_time\" content=\"2025-09-08T17:20:44+00:00\" \/>\n<meta property=\"og:image\" content=\"https:\/\/restosdix30.com\/service-traiteur\/wp-content\/uploads\/sites\/6\/2025\/08\/Traiteur_dix30-024-1024x1024.jpg\" \/>\n\t<meta property=\"og:image:width\" content=\"1024\" \/>\n\t<meta property=\"og:image:height\" content=\"1024\" \/>\n\t<meta property=\"og:image:type\" content=\"image\/jpeg\" \/>\n<meta name=\"twitter:card\" content=\"summary_large_image\" \/>\n<meta name=\"twitter:label1\" content=\"Estimation du temps de lecture\" \/>\n\t<meta name=\"twitter:data1\" content=\"1 minute\" \/>\n<script type=\"application\/ld+json\" class=\"yoast-schema-graph\">{\"@context\":\"https:\\\/\\\/schema.org\",\"@graph\":[{\"@type\":\"WebPage\",\"@id\":\"https:\\\/\\\/restosdix30.com\\\/service-traiteur\\\/produit\\\/italien\\\/\",\"url\":\"https:\\\/\\\/restosdix30.com\\\/service-traiteur\\\/produit\\\/italien\\\/\",\"name\":\"LES PLATEAUX - ANTIPASTO - Service traiteur\",\"isPartOf\":{\"@id\":\"https:\\\/\\\/restosdix30.com\\\/service-traiteur\\\/#website\"},\"primaryImageOfPage\":{\"@id\":\"https:\\\/\\\/restosdix30.com\\\/service-traiteur\\\/produit\\\/italien\\\/#primaryimage\"},\"image\":{\"@id\":\"https:\\\/\\\/restosdix30.com\\\/service-traiteur\\\/produit\\\/italien\\\/#primaryimage\"},\"thumbnailUrl\":\"https:\\\/\\\/restosdix30.com\\\/service-traiteur\\\/wp-content\\\/uploads\\\/sites\\\/6\\\/2025\\\/08\\\/Traiteur_dix30-024.jpg\",\"datePublished\":\"2024-08-28T13:29:30+00:00\",\"dateModified\":\"2025-09-08T17:20:44+00:00\",\"breadcrumb\":{\"@id\":\"https:\\\/\\\/restosdix30.com\\\/service-traiteur\\\/produit\\\/italien\\\/#breadcrumb\"},\"inLanguage\":\"fr-CA\",\"potentialAction\":[{\"@type\":\"ReadAction\",\"target\":[\"https:\\\/\\\/restosdix30.com\\\/service-traiteur\\\/produit\\\/italien\\\/\"]}]},{\"@type\":\"ImageObject\",\"inLanguage\":\"fr-CA\",\"@id\":\"https:\\\/\\\/restosdix30.com\\\/service-traiteur\\\/produit\\\/italien\\\/#primaryimage\",\"url\":\"https:\\\/\\\/restosdix30.com\\\/service-traiteur\\\/wp-content\\\/uploads\\\/sites\\\/6\\\/2025\\\/08\\\/Traiteur_dix30-024.jpg\",\"contentUrl\":\"https:\\\/\\\/restosdix30.com\\\/service-traiteur\\\/wp-content\\\/uploads\\\/sites\\\/6\\\/2025\\\/08\\\/Traiteur_dix30-024.jpg\",\"width\":6336,\"height\":6336},{\"@type\":\"BreadcrumbList\",\"@id\":\"https:\\\/\\\/restosdix30.com\\\/service-traiteur\\\/produit\\\/italien\\\/#breadcrumb\",\"itemListElement\":[{\"@type\":\"ListItem\",\"position\":1,\"name\":\"Accueil\",\"item\":\"https:\\\/\\\/restosdix30.com\\\/service-traiteur\\\/\"},{\"@type\":\"ListItem\",\"position\":2,\"name\":\"Boutique\",\"item\":\"https:\\\/\\\/restosdix30.com\\\/service-traiteur\\\/boutique\\\/\"},{\"@type\":\"ListItem\",\"position\":3,\"name\":\"LES PLATEAUX &#8211; ANTIPASTO\"}]},{\"@type\":\"WebSite\",\"@id\":\"https:\\\/\\\/restosdix30.com\\\/service-traiteur\\\/#website\",\"url\":\"https:\\\/\\\/restosdix30.com\\\/service-traiteur\\\/\",\"name\":\"Service traiteur\",\"description\":\"Groupe Restos Dix30\",\"potentialAction\":[{\"@type\":\"SearchAction\",\"target\":{\"@type\":\"EntryPoint\",\"urlTemplate\":\"https:\\\/\\\/restosdix30.com\\\/service-traiteur\\\/?s={search_term_string}\"},\"query-input\":{\"@type\":\"PropertyValueSpecification\",\"valueRequired\":true,\"valueName\":\"search_term_string\"}}],\"inLanguage\":\"fr-CA\"}]}<\/script>\n<!-- \/ Yoast SEO plugin. -->","yoast_head_json":{"title":"LES PLATEAUX - ANTIPASTO - Service traiteur","robots":{"index":"index","follow":"follow","max-snippet":"max-snippet:-1","max-image-preview":"max-image-preview:large","max-video-preview":"max-video-preview:-1"},"canonical":"https:\/\/restosdix30.com\/service-traiteur\/produit\/italien\/","og_locale":"fr_CA","og_type":"article","og_title":"LES PLATEAUX - ANTIPASTO - Service traiteur","og_description":"Ingr\u00e9dients : M\u00e9li-m\u00e9lo de l\u00e9gumes grill\u00e9s, prosciutto, olives  Pour un 5 \u00e0 7 gourmand, nous conseillons 3 plateaux total pour chaque tranches de 10 personnes, ou 2 plateaux\/10 pour des grignotines. Servi sur des plateau recyclables avec de la vaisselles et ustensiles compostables. Peut \u00eatre servi avec de la vaisselle conventionnel, frais de ramassage en extra.  Conseils pour votre commande: merci de commander la 24h (jour ouvrable) avant votre \u00e9v\u00e9nement pour ce repas.","og_url":"https:\/\/restosdix30.com\/service-traiteur\/produit\/italien\/","og_site_name":"Service traiteur","article_modified_time":"2025-09-08T17:20:44+00:00","og_image":[{"width":1024,"height":1024,"url":"https:\/\/restosdix30.com\/service-traiteur\/wp-content\/uploads\/sites\/6\/2025\/08\/Traiteur_dix30-024-1024x1024.jpg","type":"image\/jpeg"}],"twitter_card":"summary_large_image","twitter_misc":{"Estimation du temps de lecture":"1 minute"},"schema":{"@context":"https:\/\/schema.org","@graph":[{"@type":"WebPage","@id":"https:\/\/restosdix30.com\/service-traiteur\/produit\/italien\/","url":"https:\/\/restosdix30.com\/service-traiteur\/produit\/italien\/","name":"LES PLATEAUX - ANTIPASTO - Service traiteur","isPartOf":{"@id":"https:\/\/restosdix30.com\/service-traiteur\/#website"},"primaryImageOfPage":{"@id":"https:\/\/restosdix30.com\/service-traiteur\/produit\/italien\/#primaryimage"},"image":{"@id":"https:\/\/restosdix30.com\/service-traiteur\/produit\/italien\/#primaryimage"},"thumbnailUrl":"https:\/\/restosdix30.com\/service-traiteur\/wp-content\/uploads\/sites\/6\/2025\/08\/Traiteur_dix30-024.jpg","datePublished":"2024-08-28T13:29:30+00:00","dateModified":"2025-09-08T17:20:44+00:00","breadcrumb":{"@id":"https:\/\/restosdix30.com\/service-traiteur\/produit\/italien\/#breadcrumb"},"inLanguage":"fr-CA","potentialAction":[{"@type":"ReadAction","target":["https:\/\/restosdix30.com\/service-traiteur\/produit\/italien\/"]}]},{"@type":"ImageObject","inLanguage":"fr-CA","@id":"https:\/\/restosdix30.com\/service-traiteur\/produit\/italien\/#primaryimage","url":"https:\/\/restosdix30.com\/service-traiteur\/wp-content\/uploads\/sites\/6\/2025\/08\/Traiteur_dix30-024.jpg","contentUrl":"https:\/\/restosdix30.com\/service-traiteur\/wp-content\/uploads\/sites\/6\/2025\/08\/Traiteur_dix30-024.jpg","width":6336,"height":6336},{"@type":"BreadcrumbList","@id":"https:\/\/restosdix30.com\/service-traiteur\/produit\/italien\/#breadcrumb","itemListElement":[{"@type":"ListItem","position":1,"name":"Accueil","item":"https:\/\/restosdix30.com\/service-traiteur\/"},{"@type":"ListItem","position":2,"name":"Boutique","item":"https:\/\/restosdix30.com\/service-traiteur\/boutique\/"},{"@type":"ListItem","position":3,"name":"LES PLATEAUX &#8211; ANTIPASTO"}]},{"@type":"WebSite","@id":"https:\/\/restosdix30.com\/service-traiteur\/#website","url":"https:\/\/restosdix30.com\/service-traiteur\/","name":"Service traiteur","description":"Groupe Restos Dix30","potentialAction":[{"@type":"SearchAction","target":{"@type":"EntryPoint","urlTemplate":"https:\/\/restosdix30.com\/service-traiteur\/?s={search_term_string}"},"query-input":{"@type":"PropertyValueSpecification","valueRequired":true,"valueName":"search_term_string"}}],"inLanguage":"fr-CA"}]}},"distributor_meta":false,"distributor_terms":false,"distributor_media":false,"distributor_original_site_name":"Service traiteur","distributor_original_site_url":"https:\/\/restosdix30.com\/service-traiteur","push-errors":false,"_links":{"self":[{"href":"https:\/\/restosdix30.com\/service-traiteur\/wp-json\/wp\/v2\/product\/3135","targetHints":{"allow":["GET"]}}],"collection":[{"href":"https:\/\/restosdix30.com\/service-traiteur\/wp-json\/wp\/v2\/product"}],"about":[{"href":"https:\/\/restosdix30.com\/service-traiteur\/wp-json\/wp\/v2\/types\/product"}],"wp:featuredmedia":[{"embeddable":true,"href":"https:\/\/restosdix30.com\/service-traiteur\/wp-json\/wp\/v2\/media\/7897"}],"wp:attachment":[{"href":"https:\/\/restosdix30.com\/service-traiteur\/wp-json\/wp\/v2\/media?parent=3135"}],"wp:term":[{"taxonomy":"product_brand","embeddable":true,"href":"https:\/\/restosdix30.com\/service-traiteur\/wp-json\/wp\/v2\/product_brand?post=3135"},{"taxonomy":"product_cat","embeddable":true,"href":"https:\/\/restosdix30.com\/service-traiteur\/wp-json\/wp\/v2\/product_cat?post=3135"},{"taxonomy":"product_tag","embeddable":true,"href":"https:\/\/restosdix30.com\/service-traiteur\/wp-json\/wp\/v2\/product_tag?post=3135"}],"curies":[{"name":"wp","href":"https:\/\/api.w.org\/{rel}","templated":true}]}}