{"id":3197,"date":"2024-08-28T14:02:35","date_gmt":"2024-08-28T14:02:35","guid":{"rendered":"https:\/\/restosdix30.com\/service-traiteur\/?post_type=product&#038;p=3197"},"modified":"2025-08-29T17:31:46","modified_gmt":"2025-08-29T17:31:46","slug":"brochette","status":"publish","type":"product","link":"https:\/\/restosdix30.com\/service-traiteur\/produit\/brochette\/","title":{"rendered":"BOUCH\u00c9ES FROIDES &#8211; 12 BROCHETTE DE CREVETTE &#038; MELON"},"content":{"rendered":"","protected":false},"excerpt":{"rendered":"<p><b><span lang=\"FR-CA\">Ingr\u00e9dients : <\/span><\/b><span lang=\"FR-CA\">Crevettes grill\u00e9es, melon, bacon, \u00e9mulsion \u00e0 la menthe<\/span><b><\/b>\u00a0(sans gluten, sans lactose).<\/p>\n<p>PRIX \u00c0 LA DOUZAINE &#8211; MINIMUM DE 2 DOUZAINES PAR VARI\u00c9T\u00c9.<br \/>\nLes bouch\u00e9es froides seront servies sur plateau pr\u00eates \u00e0 manger et \u00e0 servir.<\/p>\n<p><em>Conseils pour votre commande: merci de commander la 24h (jour ouvrable) avant votre \u00e9v\u00e9nement pour ce repas.<br \/>\n<\/em><\/p>\n","protected":false},"featured_media":3166,"template":"","meta":[],"product_brand":[],"product_cat":[29],"product_tag":[],"class_list":{"0":"post-3197","1":"product","2":"type-product","3":"status-publish","4":"has-post-thumbnail","6":"product_cat-29","8":"first","9":"instock","10":"taxable","11":"shipping-taxable","12":"purchasable","13":"product-type-simple"},"yoast_head":"<!-- This site is optimized with the Yoast SEO plugin v27.4 - https:\/\/yoast.com\/product\/yoast-seo-wordpress\/ -->\n<title>BOUCH\u00c9ES FROIDES - 12 BROCHETTE DE CREVETTE &amp; MELON - Service traiteur<\/title>\n<meta name=\"robots\" content=\"index, follow, max-snippet:-1, max-image-preview:large, max-video-preview:-1\" \/>\n<link rel=\"canonical\" href=\"https:\/\/restosdix30.com\/service-traiteur\/produit\/brochette\/\" \/>\n<meta property=\"og:locale\" content=\"fr_CA\" \/>\n<meta property=\"og:type\" content=\"article\" \/>\n<meta property=\"og:title\" content=\"BOUCH\u00c9ES FROIDES - 12 BROCHETTE DE CREVETTE &amp; MELON - Service traiteur\" \/>\n<meta property=\"og:description\" content=\"Ingr\u00e9dients : Crevettes grill\u00e9es, melon, bacon, \u00e9mulsion \u00e0 la menthe\u00a0(sans gluten, sans lactose).  PRIX \u00c0 LA DOUZAINE - MINIMUM DE 2 DOUZAINES PAR VARI\u00c9T\u00c9. Les bouch\u00e9es froides seront servies sur plateau pr\u00eates \u00e0 manger et \u00e0 servir.  Conseils pour votre commande: merci de commander la 24h (jour ouvrable) avant votre \u00e9v\u00e9nement pour ce repas.\" \/>\n<meta property=\"og:url\" content=\"https:\/\/restosdix30.com\/service-traiteur\/produit\/brochette\/\" \/>\n<meta property=\"og:site_name\" content=\"Service traiteur\" \/>\n<meta property=\"article:modified_time\" content=\"2025-08-29T17:31:46+00:00\" \/>\n<meta property=\"og:image\" content=\"https:\/\/restosdix30.com\/service-traiteur\/wp-content\/uploads\/sites\/6\/2024\/08\/bouchee-brochette-crevette-683x1024.jpg\" \/>\n\t<meta property=\"og:image:width\" content=\"683\" \/>\n\t<meta property=\"og:image:height\" content=\"1024\" \/>\n\t<meta property=\"og:image:type\" content=\"image\/jpeg\" \/>\n<meta name=\"twitter:card\" content=\"summary_large_image\" \/>\n<meta name=\"twitter:label1\" content=\"Estimation du temps de lecture\" \/>\n\t<meta name=\"twitter:data1\" content=\"1 minute\" \/>\n<script type=\"application\/ld+json\" class=\"yoast-schema-graph\">{\"@context\":\"https:\\\/\\\/schema.org\",\"@graph\":[{\"@type\":\"WebPage\",\"@id\":\"https:\\\/\\\/restosdix30.com\\\/service-traiteur\\\/produit\\\/brochette\\\/\",\"url\":\"https:\\\/\\\/restosdix30.com\\\/service-traiteur\\\/produit\\\/brochette\\\/\",\"name\":\"BOUCH\u00c9ES FROIDES - 12 BROCHETTE DE CREVETTE & MELON - Service traiteur\",\"isPartOf\":{\"@id\":\"https:\\\/\\\/restosdix30.com\\\/service-traiteur\\\/#website\"},\"primaryImageOfPage\":{\"@id\":\"https:\\\/\\\/restosdix30.com\\\/service-traiteur\\\/produit\\\/brochette\\\/#primaryimage\"},\"image\":{\"@id\":\"https:\\\/\\\/restosdix30.com\\\/service-traiteur\\\/produit\\\/brochette\\\/#primaryimage\"},\"thumbnailUrl\":\"https:\\\/\\\/restosdix30.com\\\/service-traiteur\\\/wp-content\\\/uploads\\\/sites\\\/6\\\/2024\\\/08\\\/bouchee-brochette-crevette.jpg\",\"datePublished\":\"2024-08-28T14:02:35+00:00\",\"dateModified\":\"2025-08-29T17:31:46+00:00\",\"breadcrumb\":{\"@id\":\"https:\\\/\\\/restosdix30.com\\\/service-traiteur\\\/produit\\\/brochette\\\/#breadcrumb\"},\"inLanguage\":\"fr-CA\",\"potentialAction\":[{\"@type\":\"ReadAction\",\"target\":[\"https:\\\/\\\/restosdix30.com\\\/service-traiteur\\\/produit\\\/brochette\\\/\"]}]},{\"@type\":\"ImageObject\",\"inLanguage\":\"fr-CA\",\"@id\":\"https:\\\/\\\/restosdix30.com\\\/service-traiteur\\\/produit\\\/brochette\\\/#primaryimage\",\"url\":\"https:\\\/\\\/restosdix30.com\\\/service-traiteur\\\/wp-content\\\/uploads\\\/sites\\\/6\\\/2024\\\/08\\\/bouchee-brochette-crevette.jpg\",\"contentUrl\":\"https:\\\/\\\/restosdix30.com\\\/service-traiteur\\\/wp-content\\\/uploads\\\/sites\\\/6\\\/2024\\\/08\\\/bouchee-brochette-crevette.jpg\",\"width\":3648,\"height\":5472},{\"@type\":\"BreadcrumbList\",\"@id\":\"https:\\\/\\\/restosdix30.com\\\/service-traiteur\\\/produit\\\/brochette\\\/#breadcrumb\",\"itemListElement\":[{\"@type\":\"ListItem\",\"position\":1,\"name\":\"Accueil\",\"item\":\"https:\\\/\\\/restosdix30.com\\\/service-traiteur\\\/\"},{\"@type\":\"ListItem\",\"position\":2,\"name\":\"Boutique\",\"item\":\"https:\\\/\\\/restosdix30.com\\\/service-traiteur\\\/boutique\\\/\"},{\"@type\":\"ListItem\",\"position\":3,\"name\":\"BOUCH\u00c9ES FROIDES &#8211; 12 BROCHETTE DE CREVETTE &#038; MELON\"}]},{\"@type\":\"WebSite\",\"@id\":\"https:\\\/\\\/restosdix30.com\\\/service-traiteur\\\/#website\",\"url\":\"https:\\\/\\\/restosdix30.com\\\/service-traiteur\\\/\",\"name\":\"Service traiteur\",\"description\":\"Groupe Restos Dix30\",\"potentialAction\":[{\"@type\":\"SearchAction\",\"target\":{\"@type\":\"EntryPoint\",\"urlTemplate\":\"https:\\\/\\\/restosdix30.com\\\/service-traiteur\\\/?s={search_term_string}\"},\"query-input\":{\"@type\":\"PropertyValueSpecification\",\"valueRequired\":true,\"valueName\":\"search_term_string\"}}],\"inLanguage\":\"fr-CA\"}]}<\/script>\n<!-- \/ Yoast SEO plugin. -->","yoast_head_json":{"title":"BOUCH\u00c9ES FROIDES - 12 BROCHETTE DE CREVETTE & MELON - Service traiteur","robots":{"index":"index","follow":"follow","max-snippet":"max-snippet:-1","max-image-preview":"max-image-preview:large","max-video-preview":"max-video-preview:-1"},"canonical":"https:\/\/restosdix30.com\/service-traiteur\/produit\/brochette\/","og_locale":"fr_CA","og_type":"article","og_title":"BOUCH\u00c9ES FROIDES - 12 BROCHETTE DE CREVETTE & MELON - Service traiteur","og_description":"Ingr\u00e9dients : Crevettes grill\u00e9es, melon, bacon, \u00e9mulsion \u00e0 la menthe\u00a0(sans gluten, sans lactose).  PRIX \u00c0 LA DOUZAINE - MINIMUM DE 2 DOUZAINES PAR VARI\u00c9T\u00c9. Les bouch\u00e9es froides seront servies sur plateau pr\u00eates \u00e0 manger et \u00e0 servir.  Conseils pour votre commande: merci de commander la 24h (jour ouvrable) avant votre \u00e9v\u00e9nement pour ce repas.","og_url":"https:\/\/restosdix30.com\/service-traiteur\/produit\/brochette\/","og_site_name":"Service traiteur","article_modified_time":"2025-08-29T17:31:46+00:00","og_image":[{"width":683,"height":1024,"url":"https:\/\/restosdix30.com\/service-traiteur\/wp-content\/uploads\/sites\/6\/2024\/08\/bouchee-brochette-crevette-683x1024.jpg","type":"image\/jpeg"}],"twitter_card":"summary_large_image","twitter_misc":{"Estimation du temps de lecture":"1 minute"},"schema":{"@context":"https:\/\/schema.org","@graph":[{"@type":"WebPage","@id":"https:\/\/restosdix30.com\/service-traiteur\/produit\/brochette\/","url":"https:\/\/restosdix30.com\/service-traiteur\/produit\/brochette\/","name":"BOUCH\u00c9ES FROIDES - 12 BROCHETTE DE CREVETTE & MELON - Service traiteur","isPartOf":{"@id":"https:\/\/restosdix30.com\/service-traiteur\/#website"},"primaryImageOfPage":{"@id":"https:\/\/restosdix30.com\/service-traiteur\/produit\/brochette\/#primaryimage"},"image":{"@id":"https:\/\/restosdix30.com\/service-traiteur\/produit\/brochette\/#primaryimage"},"thumbnailUrl":"https:\/\/restosdix30.com\/service-traiteur\/wp-content\/uploads\/sites\/6\/2024\/08\/bouchee-brochette-crevette.jpg","datePublished":"2024-08-28T14:02:35+00:00","dateModified":"2025-08-29T17:31:46+00:00","breadcrumb":{"@id":"https:\/\/restosdix30.com\/service-traiteur\/produit\/brochette\/#breadcrumb"},"inLanguage":"fr-CA","potentialAction":[{"@type":"ReadAction","target":["https:\/\/restosdix30.com\/service-traiteur\/produit\/brochette\/"]}]},{"@type":"ImageObject","inLanguage":"fr-CA","@id":"https:\/\/restosdix30.com\/service-traiteur\/produit\/brochette\/#primaryimage","url":"https:\/\/restosdix30.com\/service-traiteur\/wp-content\/uploads\/sites\/6\/2024\/08\/bouchee-brochette-crevette.jpg","contentUrl":"https:\/\/restosdix30.com\/service-traiteur\/wp-content\/uploads\/sites\/6\/2024\/08\/bouchee-brochette-crevette.jpg","width":3648,"height":5472},{"@type":"BreadcrumbList","@id":"https:\/\/restosdix30.com\/service-traiteur\/produit\/brochette\/#breadcrumb","itemListElement":[{"@type":"ListItem","position":1,"name":"Accueil","item":"https:\/\/restosdix30.com\/service-traiteur\/"},{"@type":"ListItem","position":2,"name":"Boutique","item":"https:\/\/restosdix30.com\/service-traiteur\/boutique\/"},{"@type":"ListItem","position":3,"name":"BOUCH\u00c9ES FROIDES &#8211; 12 BROCHETTE DE CREVETTE &#038; MELON"}]},{"@type":"WebSite","@id":"https:\/\/restosdix30.com\/service-traiteur\/#website","url":"https:\/\/restosdix30.com\/service-traiteur\/","name":"Service traiteur","description":"Groupe Restos Dix30","potentialAction":[{"@type":"SearchAction","target":{"@type":"EntryPoint","urlTemplate":"https:\/\/restosdix30.com\/service-traiteur\/?s={search_term_string}"},"query-input":{"@type":"PropertyValueSpecification","valueRequired":true,"valueName":"search_term_string"}}],"inLanguage":"fr-CA"}]}},"distributor_meta":false,"distributor_terms":false,"distributor_media":false,"distributor_original_site_name":"Service traiteur","distributor_original_site_url":"https:\/\/restosdix30.com\/service-traiteur","push-errors":false,"_links":{"self":[{"href":"https:\/\/restosdix30.com\/service-traiteur\/wp-json\/wp\/v2\/product\/3197","targetHints":{"allow":["GET"]}}],"collection":[{"href":"https:\/\/restosdix30.com\/service-traiteur\/wp-json\/wp\/v2\/product"}],"about":[{"href":"https:\/\/restosdix30.com\/service-traiteur\/wp-json\/wp\/v2\/types\/product"}],"wp:featuredmedia":[{"embeddable":true,"href":"https:\/\/restosdix30.com\/service-traiteur\/wp-json\/wp\/v2\/media\/3166"}],"wp:attachment":[{"href":"https:\/\/restosdix30.com\/service-traiteur\/wp-json\/wp\/v2\/media?parent=3197"}],"wp:term":[{"taxonomy":"product_brand","embeddable":true,"href":"https:\/\/restosdix30.com\/service-traiteur\/wp-json\/wp\/v2\/product_brand?post=3197"},{"taxonomy":"product_cat","embeddable":true,"href":"https:\/\/restosdix30.com\/service-traiteur\/wp-json\/wp\/v2\/product_cat?post=3197"},{"taxonomy":"product_tag","embeddable":true,"href":"https:\/\/restosdix30.com\/service-traiteur\/wp-json\/wp\/v2\/product_tag?post=3197"}],"curies":[{"name":"wp","href":"https:\/\/api.w.org\/{rel}","templated":true}]}}